{"id":15648,"date":"2024-08-24T00:00:14","date_gmt":"2025-03-20T10:51:22","guid":{"rendered":"https:\/\/delices.lu\/produit\/winter-glow-flacher-teller-mit-rand-weiss\/"},"modified":"2025-03-20T11:51:22","modified_gmt":"2025-03-20T10:51:22","slug":"winter-glow-flacher-teller-mit-rand-weiss","status":"publish","type":"product","link":"https:\/\/delices.lu\/de\/produit\/winter-glow-flacher-teller-mit-rand-weiss\/","title":{"rendered":"Winter Glow &#8211; Flacher Teller mit Rand, wei\u00df"},"content":{"rendered":"<p><strong>Ein flacher Teller mit Rand f\u00fcr festliche Mahlzeiten<\/strong><br \/>\nHolen Sie <strong>sich<\/strong> den Zauber von Weihnachten auf den Fr\u00fchst\u00fcckstisch! Schaffen Sie w\u00e4hrend der Weihnachtszeit eine m\u00e4rchenhafte Atmosph\u00e4re. Mit dem festlichen Geschirr Winter Glow bringt Villeroy &amp; Boch den Geist der Weihnacht in unsere H\u00e4user. Der flache Teller mit Porzellanrand zeigt ein sanftes und elegantes Design. Mit seiner reinwei\u00dfen Glasur sieht er aus, als ob er mit einer dicken Schneeschicht bedeckt w\u00e4re. Dieser sch\u00f6ne wei\u00dfe Teller ist ein idealer Beh\u00e4lter f\u00fcr leckere Pfannkuchen, Marmeladentoast oder Weihnachtskekse. Vergessen Sie nicht, Ihr Fr\u00fchst\u00fcck mit dem ultimativen Wintergetr\u00e4nk zu servieren: hei\u00dfe Schokolade in einem sch\u00f6nen Porzellanbecher. Dekorieren Sie Ihren Tisch mit einigen Kerzenhaltern und Windlichtern f\u00fcr eine gem\u00fctliche Atmosph\u00e4re mit hyggeligem Einschlag. Dieser flache Teller mit Rand ist vielseitig einsetzbar und kann auch f\u00fcr ein festliches Mittag- oder Abendessen mit der Familie verwendet werden! Kreieren Sie jetzt skandinavische Winterlooks f\u00fcr Ihr Zuhause.         <\/p>\n","protected":false},"excerpt":{"rendered":"<p>MATERIAL: Hochwertiges Porzellan<br \/>\nDURCHMESSER: ca. 211 mm<br \/>\nFARBE: wei\u00df<br \/>\nSP\u00dcLGER\u00c4TEGARANTIE: Nein<br \/>\nMIKROWELLENKOMPATIBEL: Ja<br \/>\nREF. ARTIKEL: 1486712640 <\/p>\n","protected":false},"featured_media":15650,"template":"","meta":[],"location":[931],"product_brand":[],"product_cat":[2231,1309,2230,2448],"product_tag":[2250,2470,2248,2166,2469],"class_list":{"0":"post-15648","1":"product","2":"type-product","3":"status-publish","4":"has-post-thumbnail","6":"location-21-2","7":"product_cat-teller","8":"product_cat-villeroy-boch-de","9":"product_cat-weihnachten","10":"product_cat-winter","11":"product_tag-dessertteller","12":"product_tag-festliche-dekorationen","13":"product_tag-teller","14":"product_tag-weis","15":"product_tag-winter-glow-de","17":"first","18":"instock","19":"shipping-taxable","20":"purchasable","21":"product-type-simple"},"supplier_id":9071,"supplier_sku":"1486712640","barcode":"4003686430419","atum_controlled":true,"out_stock_date":null,"out_stock_threshold":null,"inheritable":false,"inbound_stock":0,"stock_on_hold":0,"sold_today":0,"sales_last_days":0,"reserved_stock":null,"customer_returns":null,"warehouse_damage":null,"lost_in_post":null,"other_logs":null,"out_stock_days":0,"lost_sales":0,"has_location":false,"update_date":"2025-07-19T06:26:30","atum_locations":[{"id":781,"name":"212","slug":"212"}],"atum_stock_status":"instock","restock_status":false,"low_stock_amount":"","sales_update_date":"2025-07-19T06:26:30","calc_backorders":0,"locations":[],"_links":{"self":[{"href":"https:\/\/delices.lu\/de\/wp-json\/wp\/v2\/product\/15648","targetHints":{"allow":["GET"]}}],"collection":[{"href":"https:\/\/delices.lu\/de\/wp-json\/wp\/v2\/product"}],"about":[{"href":"https:\/\/delices.lu\/de\/wp-json\/wp\/v2\/types\/product"}],"wp:featuredmedia":[{"embeddable":true,"href":"https:\/\/delices.lu\/de\/wp-json\/wp\/v2\/media\/15650"}],"wp:attachment":[{"href":"https:\/\/delices.lu\/de\/wp-json\/wp\/v2\/media?parent=15648"}],"wp:term":[{"taxonomy":"location","embeddable":true,"href":"https:\/\/delices.lu\/de\/wp-json\/wp\/v2\/location?post=15648"},{"taxonomy":"product_brand","embeddable":true,"href":"https:\/\/delices.lu\/de\/wp-json\/wp\/v2\/product_brand?post=15648"},{"taxonomy":"product_cat","embeddable":true,"href":"https:\/\/delices.lu\/de\/wp-json\/wp\/v2\/product_cat?post=15648"},{"taxonomy":"product_tag","embeddable":true,"href":"https:\/\/delices.lu\/de\/wp-json\/wp\/v2\/product_tag?post=15648"}],"curies":[{"name":"wp","href":"https:\/\/api.w.org\/{rel}","templated":true}]}}