{"id":15658,"date":"2024-08-25T00:00:23","date_gmt":"2025-03-20T10:51:31","guid":{"rendered":"https:\/\/delices.lu\/produit\/weissweinglas-set-2-stueck\/"},"modified":"2025-03-20T11:51:31","modified_gmt":"2025-03-20T10:51:31","slug":"weissweinglas-set-2-stueck","status":"publish","type":"product","link":"https:\/\/delices.lu\/de\/produit\/weissweinglas-set-2-stueck\/","title":{"rendered":"Wei\u00dfweinglas, Set 2 St\u00fcck"},"content":{"rendered":"<p><strong>Poetisches Weinglas-Set f\u00fcr 2<br \/>\n<\/strong>Toy&#8217;s Delight begeistert seit Jahren.<br \/>\nDiese passenden Weingl\u00e4ser mit weihnachtlichen Motiven vervollst\u00e4ndigen nun diese Kollektion.<br \/>\nPerfekte Artikel f\u00fcr ein festliches Abendessen oder Mittagessen. Ideal zum Verschenken. <\/p>\n","protected":false},"excerpt":{"rendered":"<p><strong>Toy&#8217;s Delight<br \/>\nWei\u00dfweinglas<\/strong><br \/>\n<strong>Set 2 Stk<\/strong>. <strong><br \/>\n MATERIAL: Kristallglas<\/strong><br \/>\nDURCHMESSER: ca. 87 mm<br \/>\nGR\u00d6\u00dfE: 227mm, ca. 380 ml<br \/>\nFARBE: transparent<br \/>\nGARANTIERT SP\u00dcLGERECHT:Ja<br \/>\nMIKROWELLENKOMPATIBEL: Nein<br \/>\nREF. ARTIKEL: 1137768125 <\/p>\n","protected":false},"featured_media":15662,"template":"","meta":[],"location":[959,882],"product_brand":[],"product_cat":[1354,2359,1309,2230],"product_tag":[2211,2362,2233,2477],"class_list":{"0":"post-15658","1":"product","2":"type-product","3":"status-publish","4":"has-post-thumbnail","6":"location-0-shop","7":"location-10-3","8":"product_cat-art-de-la-table-de","9":"product_cat-glas","10":"product_cat-villeroy-boch-de","11":"product_cat-weihnachten","12":"product_tag-glas","13":"product_tag-set-aus-2-glasern","14":"product_tag-weihnachtsdekorationen","15":"product_tag-weisweinglas","17":"first","18":"instock","19":"shipping-taxable","20":"purchasable","21":"product-type-simple"},"supplier_id":9071,"supplier_sku":"1137768125","barcode":null,"atum_controlled":true,"out_stock_date":null,"out_stock_threshold":null,"inheritable":false,"inbound_stock":0,"stock_on_hold":0,"sold_today":0,"sales_last_days":0,"reserved_stock":null,"customer_returns":null,"warehouse_damage":null,"lost_in_post":null,"other_logs":null,"out_stock_days":0,"lost_sales":0,"has_location":true,"update_date":"2025-07-19T06:26:35","atum_locations":[{"id":960,"name":"0 SHOP","slug":"0-shop"},{"id":836,"name":"103","slug":"103"}],"atum_stock_status":"instock","restock_status":false,"low_stock_amount":"","sales_update_date":"2025-07-19T06:26:35","calc_backorders":0,"locations":[],"_links":{"self":[{"href":"https:\/\/delices.lu\/de\/wp-json\/wp\/v2\/product\/15658","targetHints":{"allow":["GET"]}}],"collection":[{"href":"https:\/\/delices.lu\/de\/wp-json\/wp\/v2\/product"}],"about":[{"href":"https:\/\/delices.lu\/de\/wp-json\/wp\/v2\/types\/product"}],"wp:featuredmedia":[{"embeddable":true,"href":"https:\/\/delices.lu\/de\/wp-json\/wp\/v2\/media\/15662"}],"wp:attachment":[{"href":"https:\/\/delices.lu\/de\/wp-json\/wp\/v2\/media?parent=15658"}],"wp:term":[{"taxonomy":"location","embeddable":true,"href":"https:\/\/delices.lu\/de\/wp-json\/wp\/v2\/location?post=15658"},{"taxonomy":"product_brand","embeddable":true,"href":"https:\/\/delices.lu\/de\/wp-json\/wp\/v2\/product_brand?post=15658"},{"taxonomy":"product_cat","embeddable":true,"href":"https:\/\/delices.lu\/de\/wp-json\/wp\/v2\/product_cat?post=15658"},{"taxonomy":"product_tag","embeddable":true,"href":"https:\/\/delices.lu\/de\/wp-json\/wp\/v2\/product_tag?post=15658"}],"curies":[{"name":"wp","href":"https:\/\/api.w.org\/{rel}","templated":true}]}}