{"id":15667,"date":"2024-10-27T00:00:48","date_gmt":"2025-03-20T10:51:31","guid":{"rendered":"https:\/\/delices.lu\/produit\/my-christmas-tree-glocke-gruen\/"},"modified":"2025-03-20T11:51:31","modified_gmt":"2025-03-20T10:51:31","slug":"my-christmas-tree-glocke-gruen","status":"publish","type":"product","link":"https:\/\/delices.lu\/de\/produit\/my-christmas-tree-glocke-gruen\/","title":{"rendered":"My Christmas Tree &#8211; Glocke, gr\u00fcn"},"content":{"rendered":"<p><strong>Wundersch\u00f6n zum Schm\u00fccken des Baumes oder des Hauses<\/strong><br \/>\nDie My Christmas Tree Kollektion schafft eine weihnachtliche Atmosph\u00e4re an jedem Weihnachtsbaum.<br \/>\nGeeignet f\u00fcr die Schaffung einer festlichen Atmosph\u00e4re Ideal zum Sammeln, Verschenken und Dekorieren<\/p>\n","protected":false},"excerpt":{"rendered":"<p><strong>My Christmas Tree, Glocke<\/strong><br \/>\n5,5 x 5,5 x 6,9 cm<br \/>\nPremium Porcelain<br \/>\nFARBE: mehrfarbig, gr\u00fcn<br \/>\nGARANTIE SP\u00dcLMASCHINENGARANTIE: Nicht<br \/>\nMIKROWELLENKOMPATIBEL: Nicht<br \/>\nREF. ARTIKEL: 1486226850 <\/p>\n","protected":false},"featured_media":15669,"template":"","meta":[],"location":[959],"product_brand":[],"product_cat":[1311,1309,2230,2448],"product_tag":[741,742,743,2233],"class_list":{"0":"post-15667","1":"product","2":"type-product","3":"status-publish","4":"has-post-thumbnail","6":"location-0-shop","7":"product_cat-dekoration","8":"product_cat-villeroy-boch-de","9":"product_cat-weihnachten","10":"product_cat-winter","11":"product_tag-cloche-de","12":"product_tag-clochette-de","13":"product_tag-decoration-de","14":"product_tag-weihnachtsdekorationen","16":"first","17":"instock","18":"shipping-taxable","19":"purchasable","20":"product-type-simple"},"supplier_id":9071,"supplier_sku":"1486226850","barcode":"4003686410572","atum_controlled":true,"out_stock_date":null,"out_stock_threshold":null,"inheritable":false,"inbound_stock":0,"stock_on_hold":0,"sold_today":0,"sales_last_days":0,"reserved_stock":null,"customer_returns":null,"warehouse_damage":null,"lost_in_post":null,"other_logs":null,"out_stock_days":0,"lost_sales":0,"has_location":true,"update_date":"2025-07-19T06:26:39","atum_locations":[{"id":960,"name":"0 SHOP","slug":"0-shop"}],"atum_stock_status":"instock","restock_status":false,"low_stock_amount":"","sales_update_date":"2025-07-19T06:26:39","calc_backorders":0,"locations":[],"_links":{"self":[{"href":"https:\/\/delices.lu\/de\/wp-json\/wp\/v2\/product\/15667","targetHints":{"allow":["GET"]}}],"collection":[{"href":"https:\/\/delices.lu\/de\/wp-json\/wp\/v2\/product"}],"about":[{"href":"https:\/\/delices.lu\/de\/wp-json\/wp\/v2\/types\/product"}],"wp:featuredmedia":[{"embeddable":true,"href":"https:\/\/delices.lu\/de\/wp-json\/wp\/v2\/media\/15669"}],"wp:attachment":[{"href":"https:\/\/delices.lu\/de\/wp-json\/wp\/v2\/media?parent=15667"}],"wp:term":[{"taxonomy":"location","embeddable":true,"href":"https:\/\/delices.lu\/de\/wp-json\/wp\/v2\/location?post=15667"},{"taxonomy":"product_brand","embeddable":true,"href":"https:\/\/delices.lu\/de\/wp-json\/wp\/v2\/product_brand?post=15667"},{"taxonomy":"product_cat","embeddable":true,"href":"https:\/\/delices.lu\/de\/wp-json\/wp\/v2\/product_cat?post=15667"},{"taxonomy":"product_tag","embeddable":true,"href":"https:\/\/delices.lu\/de\/wp-json\/wp\/v2\/product_tag?post=15667"}],"curies":[{"name":"wp","href":"https:\/\/api.w.org\/{rel}","templated":true}]}}