{"id":15668,"date":"2024-07-30T00:00:22","date_gmt":"2025-03-20T10:51:31","guid":{"rendered":"https:\/\/delices.lu\/produit\/weihnachtsmann-neben-dem-baum\/"},"modified":"2025-03-20T11:51:31","modified_gmt":"2025-03-20T10:51:31","slug":"weihnachtsmann-neben-dem-baum","status":"publish","type":"product","link":"https:\/\/delices.lu\/de\/produit\/weihnachtsmann-neben-dem-baum\/","title":{"rendered":"Weihnachtsmann neben dem Baum"},"content":{"rendered":"<div class=\"col-12 value content\">\n<h3>Festliche Dekoration im Handumdrehen<\/h3>\n<\/div>\n<div class=\"col-12 value content\">\n<p>Die Christmas Toy&#8217;s Kollektion vereint Retro-Momente und modernes Design in einem wunderbaren, festlichen Land, in dem Weihnachtsm\u00e4rkte, Schneem\u00e4nner und der Heilige Nikolaus Sie schon sehns\u00fcchtig erwarten. Er ist ideal, um Ihre festliche Einrichtung zu vervollst\u00e4ndigen, oder zum Sammeln, Kombinieren und Verschenken. Aber wer versteckt sich hinter dem Weihnachtsbaum? Nat\u00fcrlich der Weihnachtsmann, der nicht von neugierigen Kindern entdeckt werden m\u00f6chte. Schenken Sie sich und Ihren Lieben festliche Accessoires.    <\/p>\n<\/div>\n","protected":false},"excerpt":{"rendered":"<p><strong>Christmas Toy&#8217;s  <\/strong><br \/>\n<strong>Weihnachtsmann neben dem Weihnachtsbaum,<\/strong><br \/>\n<strong>20 x 17 x 23 cm<\/strong><br \/>\nMATERIAL: Porzellan<br \/>\nFARBE: gr\u00fcn &#8211; mehrfarbig<br \/>\nGARANTIERT SP\u00dcLMASCHINENGARANTIE: Nicht<br \/>\nMIKROWELLENKOMPATIBEL: Nicht<br \/>\nREF. ARTIKEL: 1483276641 <\/p>\n","protected":false},"featured_media":15671,"template":"","meta":[],"location":[959],"product_brand":[],"product_cat":[1311,1309,2230],"product_tag":[743,2476,2454],"class_list":{"0":"post-15668","1":"product","2":"type-product","3":"status-publish","4":"has-post-thumbnail","6":"location-0-shop","7":"product_cat-dekoration","8":"product_cat-villeroy-boch-de","9":"product_cat-weihnachten","10":"product_tag-decoration-de","11":"product_tag-tanne","12":"product_tag-weihnachtsmann","14":"first","15":"instock","16":"shipping-taxable","17":"purchasable","18":"product-type-simple"},"supplier_id":9071,"supplier_sku":"1483276641","barcode":"4003686367180","atum_controlled":true,"out_stock_date":null,"out_stock_threshold":null,"inheritable":false,"inbound_stock":0,"stock_on_hold":0,"sold_today":0,"sales_last_days":0,"reserved_stock":null,"customer_returns":null,"warehouse_damage":null,"lost_in_post":null,"other_logs":null,"out_stock_days":0,"lost_sales":0,"has_location":false,"update_date":"2025-07-19T06:26:35","atum_locations":[{"id":960,"name":"0 SHOP","slug":"0-shop"}],"atum_stock_status":"instock","restock_status":false,"low_stock_amount":"","sales_update_date":"2025-07-19T06:26:35","calc_backorders":0,"locations":[],"_links":{"self":[{"href":"https:\/\/delices.lu\/de\/wp-json\/wp\/v2\/product\/15668","targetHints":{"allow":["GET"]}}],"collection":[{"href":"https:\/\/delices.lu\/de\/wp-json\/wp\/v2\/product"}],"about":[{"href":"https:\/\/delices.lu\/de\/wp-json\/wp\/v2\/types\/product"}],"wp:featuredmedia":[{"embeddable":true,"href":"https:\/\/delices.lu\/de\/wp-json\/wp\/v2\/media\/15671"}],"wp:attachment":[{"href":"https:\/\/delices.lu\/de\/wp-json\/wp\/v2\/media?parent=15668"}],"wp:term":[{"taxonomy":"location","embeddable":true,"href":"https:\/\/delices.lu\/de\/wp-json\/wp\/v2\/location?post=15668"},{"taxonomy":"product_brand","embeddable":true,"href":"https:\/\/delices.lu\/de\/wp-json\/wp\/v2\/product_brand?post=15668"},{"taxonomy":"product_cat","embeddable":true,"href":"https:\/\/delices.lu\/de\/wp-json\/wp\/v2\/product_cat?post=15668"},{"taxonomy":"product_tag","embeddable":true,"href":"https:\/\/delices.lu\/de\/wp-json\/wp\/v2\/product_tag?post=15668"}],"curies":[{"name":"wp","href":"https:\/\/api.w.org\/{rel}","templated":true}]}}