{"id":15677,"date":"2024-08-24T00:00:48","date_gmt":"2025-03-20T10:51:32","guid":{"rendered":"https:\/\/delices.lu\/produit\/winter-bakery-delight-sternfoermige-schale-auf-einem-fuss-stehend\/"},"modified":"2025-03-20T11:51:32","modified_gmt":"2025-03-20T10:51:32","slug":"winter-bakery-delight-sternfoermige-schale-auf-einem-fuss-stehend","status":"publish","type":"product","link":"https:\/\/delices.lu\/de\/produit\/winter-bakery-delight-sternfoermige-schale-auf-einem-fuss-stehend\/","title":{"rendered":"Winter Bakery Delight &#8211; Sternf\u00f6rmige Schale, auf einem Fu\u00df stehend"},"content":{"rendered":"<p><strong>Dekorative Schale f\u00fcr das Weihnachtsfest<\/strong><br \/>\nWinter Bakery Delight macht Lust auf Zimtsterne, Eierpunsch und Brat\u00e4pfel. Das festlich dekorierte Geschirr passt mit seinem luftigen Dekor zur Adventszeit und zu den Wintermonaten. Die hochwertige, sternf\u00f6rmige Schale auf einem Fu\u00df ist ein m\u00e4rchenhafter Blickfang auf Ihrem Weihnachtstisch. Verf\u00fchren Sie mit einem perfekt gedeckten Tisch f\u00fcr das Weihnachtsfest.   <\/p>\n","protected":false},"excerpt":{"rendered":"<p><strong>Winter Bakery Delight<\/strong><br \/>\n<strong>Sternf\u00f6rmige Schale, auf Fu\u00df<\/strong><br \/>\nMATERIAL: Premium Porcelain<br \/>\nGR\u00d6SSE: ca. 1000 ml<br \/>\nFARBE: mehrfarbig<br \/>\nGARANTIERT SP\u00dcLMASCHINENGARANTIE: Nein<br \/>\nMIKROWELLENKOMPATIBEL: Ja<br \/>\nREF. ARTIKEL: 1486123840 <\/p>\n","protected":false},"featured_media":15679,"template":"","meta":[],"location":[912],"product_brand":[],"product_cat":[1356,1311,2287,1309,2230,2448],"product_tag":[1358,2478,2479,2472],"class_list":{"0":"post-15677","1":"product","2":"type-product","3":"status-publish","4":"has-post-thumbnail","6":"location-17-3","7":"product_cat-coupe-de","8":"product_cat-dekoration","9":"product_cat-teller-de","10":"product_cat-villeroy-boch-de","11":"product_cat-weihnachten","12":"product_cat-winter","13":"product_tag-coupe-de","14":"product_tag-dekorativer-schnitt","15":"product_tag-fus","16":"product_tag-stern","18":"first","19":"instock","20":"shipping-taxable","21":"purchasable","22":"product-type-simple"},"supplier_id":9071,"supplier_sku":"1486123840","barcode":"4003686181632","atum_controlled":true,"out_stock_date":null,"out_stock_threshold":null,"inheritable":false,"inbound_stock":0,"stock_on_hold":0,"sold_today":0,"sales_last_days":0,"reserved_stock":null,"customer_returns":null,"warehouse_damage":null,"lost_in_post":null,"other_logs":null,"out_stock_days":0,"lost_sales":0,"has_location":false,"update_date":"2025-07-19T06:26:30","atum_locations":[{"id":801,"name":"173","slug":"173"}],"atum_stock_status":"instock","restock_status":false,"low_stock_amount":"","sales_update_date":"2025-07-19T06:26:30","calc_backorders":0,"locations":[],"_links":{"self":[{"href":"https:\/\/delices.lu\/de\/wp-json\/wp\/v2\/product\/15677","targetHints":{"allow":["GET"]}}],"collection":[{"href":"https:\/\/delices.lu\/de\/wp-json\/wp\/v2\/product"}],"about":[{"href":"https:\/\/delices.lu\/de\/wp-json\/wp\/v2\/types\/product"}],"wp:featuredmedia":[{"embeddable":true,"href":"https:\/\/delices.lu\/de\/wp-json\/wp\/v2\/media\/15679"}],"wp:attachment":[{"href":"https:\/\/delices.lu\/de\/wp-json\/wp\/v2\/media?parent=15677"}],"wp:term":[{"taxonomy":"location","embeddable":true,"href":"https:\/\/delices.lu\/de\/wp-json\/wp\/v2\/location?post=15677"},{"taxonomy":"product_brand","embeddable":true,"href":"https:\/\/delices.lu\/de\/wp-json\/wp\/v2\/product_brand?post=15677"},{"taxonomy":"product_cat","embeddable":true,"href":"https:\/\/delices.lu\/de\/wp-json\/wp\/v2\/product_cat?post=15677"},{"taxonomy":"product_tag","embeddable":true,"href":"https:\/\/delices.lu\/de\/wp-json\/wp\/v2\/product_tag?post=15677"}],"curies":[{"name":"wp","href":"https:\/\/api.w.org\/{rel}","templated":true}]}}