{"id":15678,"date":"2024-08-24T00:00:58","date_gmt":"2025-03-20T10:51:32","guid":{"rendered":"https:\/\/delices.lu\/produit\/toys-delight-royal-classic-kaffee-teetasse-ohne-untertasse\/"},"modified":"2025-03-20T11:51:32","modified_gmt":"2025-03-20T10:51:32","slug":"toys-delight-royal-classic-kaffee-teetasse-ohne-untertasse","status":"publish","type":"product","link":"https:\/\/delices.lu\/de\/produit\/toys-delight-royal-classic-kaffee-teetasse-ohne-untertasse\/","title":{"rendered":"Toy&#8217;s Delight Royal Classic &#8211; Kaffee-\/Teetasse ohne Untertasse"},"content":{"rendered":"<p><strong>Tasse f\u00fcr Ihr Lieblingsgetr\u00e4nk im Winter<\/strong><br \/>\nDie Toy&#8217;s Delight Royal Classic Kollektion ist von der Form von Retro-Papptellern inspiriert und ist mit einem Relief aus hochwertigem Porzellan verziert. Das Relief ist mit typischen Motiven von Spielzeug aus dem Erzgebirge verziert. Diese reinwei\u00dfe Kollektion passt hervorragend zu den weihnachtlich gef\u00e4rbten Toy&#8217;s Delight St\u00fccken. Diese Kaffeetasse eignet sich f\u00fcr einen Tee oder einen hei\u00dfen Kakao. In der Weihnachtszeit schmeckt ein k\u00f6stlicher Gl\u00fchwein oder Punsch aus dieser Tasse noch besser. Genie\u00dfen Sie die Gem\u00fctlichkeit mit jedem Schluck.     <\/p>\n","protected":false},"excerpt":{"rendered":"<p><strong>Toy&#8217;s Delight Royal Classic  <\/strong><br \/>\n<strong>Kaffee-\/Teetasse ohne Untertasse<\/strong><br \/>\nMaterial: Premium Porcelain<br \/>\nKapazit\u00e4t: ca. 250 ml<br \/>\nGewicht: ca. 190 gr<br \/>\nWei\u00df und Reliefs<br \/>\nMikrowellen- und sp\u00fclmaschinenfest<br \/>\nArtikelreferenz 1486581300 <\/p>\n","protected":false},"featured_media":15681,"template":"","meta":[],"location":[926],"product_brand":[],"product_cat":[1354,2235,1309,2230,2448],"product_tag":[2165,2461,2166],"class_list":{"0":"post-15678","1":"product","2":"type-product","3":"status-publish","4":"has-post-thumbnail","6":"location-20-2","7":"product_cat-art-de-la-table-de","8":"product_cat-tasse-de","9":"product_cat-villeroy-boch-de","10":"product_cat-weihnachten","11":"product_cat-winter","12":"product_tag-tasse-de","13":"product_tag-weihnachtsrelief","14":"product_tag-weis","16":"first","17":"instock","18":"shipping-taxable","19":"purchasable","20":"product-type-simple"},"supplier_id":9071,"supplier_sku":"1486581300","barcode":"4003686328624","atum_controlled":true,"out_stock_date":null,"out_stock_threshold":null,"inheritable":false,"inbound_stock":0,"stock_on_hold":0,"sold_today":0,"sales_last_days":0,"reserved_stock":null,"customer_returns":null,"warehouse_damage":null,"lost_in_post":null,"other_logs":null,"out_stock_days":0,"lost_sales":0,"has_location":false,"update_date":"2025-07-19T06:26:39","atum_locations":[{"id":786,"name":"202","slug":"202"}],"atum_stock_status":"instock","restock_status":false,"low_stock_amount":"","sales_update_date":"2025-07-19T06:26:39","calc_backorders":0,"locations":[],"_links":{"self":[{"href":"https:\/\/delices.lu\/de\/wp-json\/wp\/v2\/product\/15678","targetHints":{"allow":["GET"]}}],"collection":[{"href":"https:\/\/delices.lu\/de\/wp-json\/wp\/v2\/product"}],"about":[{"href":"https:\/\/delices.lu\/de\/wp-json\/wp\/v2\/types\/product"}],"wp:featuredmedia":[{"embeddable":true,"href":"https:\/\/delices.lu\/de\/wp-json\/wp\/v2\/media\/15681"}],"wp:attachment":[{"href":"https:\/\/delices.lu\/de\/wp-json\/wp\/v2\/media?parent=15678"}],"wp:term":[{"taxonomy":"location","embeddable":true,"href":"https:\/\/delices.lu\/de\/wp-json\/wp\/v2\/location?post=15678"},{"taxonomy":"product_brand","embeddable":true,"href":"https:\/\/delices.lu\/de\/wp-json\/wp\/v2\/product_brand?post=15678"},{"taxonomy":"product_cat","embeddable":true,"href":"https:\/\/delices.lu\/de\/wp-json\/wp\/v2\/product_cat?post=15678"},{"taxonomy":"product_tag","embeddable":true,"href":"https:\/\/delices.lu\/de\/wp-json\/wp\/v2\/product_tag?post=15678"}],"curies":[{"name":"wp","href":"https:\/\/api.w.org\/{rel}","templated":true}]}}