{"id":15716,"date":"2024-07-11T00:00:28","date_gmt":"2025-03-20T10:51:54","guid":{"rendered":"https:\/\/delices.lu\/produit\/gratinpfanne-35-x-23-cm-h-4-cm\/"},"modified":"2025-03-20T11:51:54","modified_gmt":"2025-03-20T10:51:54","slug":"gratinpfanne-35-x-23-cm-h-4-cm","status":"publish","type":"product","link":"https:\/\/delices.lu\/de\/produit\/gratinpfanne-35-x-23-cm-h-4-cm\/","title":{"rendered":"Gratinpfanne 35 x 23 cm &#8211; h 4 cm"},"content":{"rendered":"","protected":false},"excerpt":{"rendered":"<p>AMT Gastroguss rechteckige Gratinpfanne.<br \/>\nMaterial: Handgeformtes Aluminium.<br \/>\nAbmessungen: 35 cm x 23 cm x 4 cm.<br \/>\nZwei seitliche Griffe.<br \/>\nHerd: Gas, Elektrizit\u00e4t, Keramik, Halogen.<br \/>\n&#8211; Zwei Griffe und zwei praktische Ausgie\u00dfer.<br \/>\n&#8211; Besonders dicker Boden (8-10 mm) f\u00fcr eine optimale W\u00e4rmeleitung und -speicherung.<br \/>\n&#8211; Perfekt flacher und geh\u00e4rteter Au\u00dfenboden f\u00fcr einen optimalen Kontakt mit dem Kochfeld.<br \/>\n&#8211; Die von AMT Gastroguss entwickelte Lotan\u00ae-Beschichtung erm\u00f6glicht ein fettfreies Kochen und vereinfacht die Reinigung.<br \/>\n&#8211; Verst\u00e4rkter Ausguss.<br \/>\n&#8211; AMT Gastrogu\u00df ist der offizielle Lieferant des Nationalteams der Gastronomiek\u00f6che.<br \/>\n&#8211; Made in Germany.<\/p>\n","protected":false},"featured_media":15718,"template":"","meta":[],"location":[959,1262],"product_brand":[],"product_cat":[2147,2157,2445],"product_tag":[2259,2485,2348],"class_list":{"0":"post-15716","1":"product","2":"type-product","3":"status-publish","4":"has-post-thumbnail","6":"location-0-shop","7":"location-22-5","8":"product_cat-amt-gastroguss-de","9":"product_cat-induktion","10":"product_cat-kochplatte","11":"product_tag-2-seitliche-griffe","12":"product_tag-gratin-de","13":"product_tag-rechteckig","15":"first","16":"instock","17":"shipping-taxable","18":"purchasable","19":"product-type-simple"},"supplier_id":9072,"supplier_sku":"3520","barcode":"4250194629181","atum_controlled":true,"out_stock_date":null,"out_stock_threshold":null,"inheritable":false,"inbound_stock":0,"stock_on_hold":0,"sold_today":0,"sales_last_days":0,"reserved_stock":0,"customer_returns":0,"warehouse_damage":0,"lost_in_post":0,"other_logs":0,"out_stock_days":0,"lost_sales":0,"has_location":false,"update_date":"2025-07-19T06:26:27","atum_locations":[{"id":960,"name":"0 SHOP","slug":"0-shop"},{"id":1278,"name":"225","slug":"225"}],"atum_stock_status":"instock","restock_status":false,"low_stock_amount":"","sales_update_date":"2025-07-19T06:26:27","calc_backorders":0,"locations":[],"_links":{"self":[{"href":"https:\/\/delices.lu\/de\/wp-json\/wp\/v2\/product\/15716","targetHints":{"allow":["GET"]}}],"collection":[{"href":"https:\/\/delices.lu\/de\/wp-json\/wp\/v2\/product"}],"about":[{"href":"https:\/\/delices.lu\/de\/wp-json\/wp\/v2\/types\/product"}],"wp:featuredmedia":[{"embeddable":true,"href":"https:\/\/delices.lu\/de\/wp-json\/wp\/v2\/media\/15718"}],"wp:attachment":[{"href":"https:\/\/delices.lu\/de\/wp-json\/wp\/v2\/media?parent=15716"}],"wp:term":[{"taxonomy":"location","embeddable":true,"href":"https:\/\/delices.lu\/de\/wp-json\/wp\/v2\/location?post=15716"},{"taxonomy":"product_brand","embeddable":true,"href":"https:\/\/delices.lu\/de\/wp-json\/wp\/v2\/product_brand?post=15716"},{"taxonomy":"product_cat","embeddable":true,"href":"https:\/\/delices.lu\/de\/wp-json\/wp\/v2\/product_cat?post=15716"},{"taxonomy":"product_tag","embeddable":true,"href":"https:\/\/delices.lu\/de\/wp-json\/wp\/v2\/product_tag?post=15716"}],"curies":[{"name":"wp","href":"https:\/\/api.w.org\/{rel}","templated":true}]}}