{"id":15719,"date":"2024-04-24T00:00:22","date_gmt":"2025-03-20T10:51:55","guid":{"rendered":"https:\/\/delices.lu\/produit\/duftkerze-energy-beige\/"},"modified":"2025-03-20T11:51:55","modified_gmt":"2025-03-20T10:51:55","slug":"duftkerze-energy-beige","status":"publish","type":"product","link":"https:\/\/delices.lu\/de\/produit\/duftkerze-energy-beige\/","title":{"rendered":"Duftkerze Energy Beige"},"content":{"rendered":"<p><strong>Duftkerze mit Betonsockel f\u00fcr ein einladendes und stilvolles Zuhause.<\/strong><br \/>\nEin sch\u00f6ner Dekorationsartikel mit Charakter. Langlebige Qualit\u00e4t dank des hochwertigen Materials Beton. Perfekte Kombinationsm\u00f6glichkeiten mit den trendigen Kollektionen von Manufacture sowie mit der Designikone La Boule. Sie eignet sich auch hervorragend als Geschenk! Eine Duftkerze mit einem Betonsockel.<br \/>\nDuft Fantasy: Diese Komposition schafft eine warme und einladende Duftatmosph\u00e4re.<br \/>\nNoten von reifen Orangen werden mit exotischer Kokosnuss und strahlendem Ylang kombiniert.<br \/>\nVanille rundet diesen angenehm w\u00fcrzigen Duft ab.<br \/>\nZum Selbstschenken oder Verschenken! Villeroy &amp; Boch     <\/p>\n","protected":false},"excerpt":{"rendered":"<p><strong>NewMoon Home Duftkerze<br \/>\nEnergy Beige<br \/>\n<\/strong>MATERIAL: Betonwachs<br \/>\nDURCHMESSER: ca. 86 mm<br \/>\nGR\u00d6\u00dfE: ca. 250 ml<br \/>\nFARBE: Taupe<br \/>\nGARANTIERT SP\u00dcLMASCHINENGARANTIE: Nicht<br \/>\nMIKROWELLENKOMPATIBEL: Nicht<br \/>\nREF. ARTIKEL: 1042907890 <\/p>\n","protected":false},"featured_media":15720,"template":"","meta":[],"location":[959],"product_brand":[],"product_cat":[1311,2399,2296,1309],"product_tag":[743,2400,2297],"class_list":{"0":"post-15719","1":"product","2":"type-product","3":"status-publish","4":"has-post-thumbnail","6":"location-0-shop","7":"product_cat-dekoration","8":"product_cat-kerze","9":"product_cat-newmoon-de","10":"product_cat-villeroy-boch-de","11":"product_tag-decoration-de","12":"product_tag-kerze","13":"product_tag-newmoon-de","15":"first","16":"instock","17":"shipping-taxable","18":"purchasable","19":"product-type-simple"},"supplier_id":9071,"supplier_sku":"1042907890","barcode":"4003686421417","atum_controlled":true,"out_stock_date":null,"out_stock_threshold":null,"inheritable":false,"inbound_stock":0,"stock_on_hold":0,"sold_today":0,"sales_last_days":0,"reserved_stock":0,"customer_returns":0,"warehouse_damage":0,"lost_in_post":0,"other_logs":0,"out_stock_days":0,"lost_sales":0,"has_location":false,"update_date":"2025-07-19T06:26:33","atum_locations":[{"id":960,"name":"0 SHOP","slug":"0-shop"}],"atum_stock_status":"instock","restock_status":false,"low_stock_amount":"","sales_update_date":"2025-07-19T06:26:33","calc_backorders":0,"locations":[],"_links":{"self":[{"href":"https:\/\/delices.lu\/de\/wp-json\/wp\/v2\/product\/15719","targetHints":{"allow":["GET"]}}],"collection":[{"href":"https:\/\/delices.lu\/de\/wp-json\/wp\/v2\/product"}],"about":[{"href":"https:\/\/delices.lu\/de\/wp-json\/wp\/v2\/types\/product"}],"wp:featuredmedia":[{"embeddable":true,"href":"https:\/\/delices.lu\/de\/wp-json\/wp\/v2\/media\/15720"}],"wp:attachment":[{"href":"https:\/\/delices.lu\/de\/wp-json\/wp\/v2\/media?parent=15719"}],"wp:term":[{"taxonomy":"location","embeddable":true,"href":"https:\/\/delices.lu\/de\/wp-json\/wp\/v2\/location?post=15719"},{"taxonomy":"product_brand","embeddable":true,"href":"https:\/\/delices.lu\/de\/wp-json\/wp\/v2\/product_brand?post=15719"},{"taxonomy":"product_cat","embeddable":true,"href":"https:\/\/delices.lu\/de\/wp-json\/wp\/v2\/product_cat?post=15719"},{"taxonomy":"product_tag","embeddable":true,"href":"https:\/\/delices.lu\/de\/wp-json\/wp\/v2\/product_tag?post=15719"}],"curies":[{"name":"wp","href":"https:\/\/api.w.org\/{rel}","templated":true}]}}