{"id":15735,"date":"2024-04-23T00:00:44","date_gmt":"2025-03-20T10:51:56","guid":{"rendered":"https:\/\/delices.lu\/produit\/newmoon-beige-hohler-schnitt\/"},"modified":"2025-03-20T11:51:56","modified_gmt":"2025-03-20T10:51:56","slug":"newmoon-beige-hohler-schnitt","status":"publish","type":"product","link":"https:\/\/delices.lu\/de\/produit\/newmoon-beige-hohler-schnitt\/","title":{"rendered":"NewMoon Beige Hohler Schnitt"},"content":{"rendered":"<p><strong>Ein tiefer Designteller, ideal f\u00fcr Beilagen<\/strong><br \/>\nVerleihen Sie Ihrem Tisch mit diesem originellen Teller ein Relief. Sein leicht asymmetrischer Rand ist von einem Halbmond inspiriert. Das Design ist einfach und einzigartig zugleich, was ihn zu einem perfekten Geschirr f\u00fcr ein Familienessen oder einen festlichen Abend mit Freunden macht! Sie k\u00f6nnen sich bereits vorstellen, dass auf diesem Porzellanteller ein gemischter Salat, ein Teller mit Nudeln oder eine Beilage in der Mitte des Tisches serviert werden. Ihre G\u00e4ste werden es sich schmecken lassen! Diese tiefe Schale kann auch als Deko-Objekt dienen: als Obstschale oder sogar als Taschenleerer auf einem M\u00f6belst\u00fcck im Eingangsbereich. Lassen Sie Ihrer Kreativit\u00e4t freien Lauf! Haben Sie genug von wei\u00dfem Geschirr, das f\u00fcr Ihren Geschmack zu klassisch ist? Die h\u00fcbsche beige Farbe dieses tiefen Tellers ist eine Abwechslung zu den \u00fcblichen Tafelservices und sieht dennoch schick aus. Stellen Sie Ihr eigenes hochwertiges Geschirrset mit den Gabeln, Messern, Gl\u00e4sern und Schalen aus der NewMoon-Kollektion zusammen! Sie k\u00f6nnen Ihre Dekoration auch mit einer Servierplatte, einer Porzellanvase oder einem Windlicht aus Glas verfeinern. Entdecken Sie jetzt die stilvolle und zeitlose NewMoon-Kollektion in Beige!           <\/p>\n","protected":false},"excerpt":{"rendered":"<p><strong>NewMoon Beige<br \/>\nHohle Schale<br \/>\n<\/strong>Premium Porcelain<br \/>\nDurchmesser: 290 mm<br \/>\nGr\u00f6\u00dfe: 780 ml<br \/>\nBeige<br \/>\nGeschirrsp\u00fclmaschine: Ja<br \/>\nMikrowelle: Ja<br \/>\nRef: 1042912700<\/p>\n","protected":false},"featured_media":15736,"template":"","meta":[],"location":[959],"product_brand":[],"product_cat":[1354,1356,2296,2231,1309],"product_tag":[2343,1358,2375,2297,2248],"class_list":{"0":"post-15735","1":"product","2":"type-product","3":"status-publish","4":"has-post-thumbnail","6":"location-0-shop","7":"product_cat-art-de-la-table-de","8":"product_cat-coupe-de","9":"product_cat-newmoon-de","10":"product_cat-teller","11":"product_cat-villeroy-boch-de","12":"product_tag-beige-de","13":"product_tag-coupe-de","14":"product_tag-creuse-de","15":"product_tag-newmoon-de","16":"product_tag-teller","18":"first","19":"instock","20":"shipping-taxable","21":"purchasable","22":"product-type-simple"},"supplier_id":9071,"supplier_sku":"1042912700","barcode":"4003686429895","atum_controlled":true,"out_stock_date":null,"out_stock_threshold":0,"inheritable":false,"inbound_stock":0,"stock_on_hold":0,"sold_today":0,"sales_last_days":0,"reserved_stock":0,"customer_returns":0,"warehouse_damage":0,"lost_in_post":0,"other_logs":0,"out_stock_days":0,"lost_sales":0,"has_location":false,"update_date":"2025-07-19T06:26:33","atum_locations":[{"id":960,"name":"0 SHOP","slug":"0-shop"}],"atum_stock_status":"instock","restock_status":false,"low_stock_amount":"","sales_update_date":"2025-07-19T06:26:33","calc_backorders":0,"locations":[],"_links":{"self":[{"href":"https:\/\/delices.lu\/de\/wp-json\/wp\/v2\/product\/15735","targetHints":{"allow":["GET"]}}],"collection":[{"href":"https:\/\/delices.lu\/de\/wp-json\/wp\/v2\/product"}],"about":[{"href":"https:\/\/delices.lu\/de\/wp-json\/wp\/v2\/types\/product"}],"wp:featuredmedia":[{"embeddable":true,"href":"https:\/\/delices.lu\/de\/wp-json\/wp\/v2\/media\/15736"}],"wp:attachment":[{"href":"https:\/\/delices.lu\/de\/wp-json\/wp\/v2\/media?parent=15735"}],"wp:term":[{"taxonomy":"location","embeddable":true,"href":"https:\/\/delices.lu\/de\/wp-json\/wp\/v2\/location?post=15735"},{"taxonomy":"product_brand","embeddable":true,"href":"https:\/\/delices.lu\/de\/wp-json\/wp\/v2\/product_brand?post=15735"},{"taxonomy":"product_cat","embeddable":true,"href":"https:\/\/delices.lu\/de\/wp-json\/wp\/v2\/product_cat?post=15735"},{"taxonomy":"product_tag","embeddable":true,"href":"https:\/\/delices.lu\/de\/wp-json\/wp\/v2\/product_tag?post=15735"}],"curies":[{"name":"wp","href":"https:\/\/api.w.org\/{rel}","templated":true}]}}