{"id":15741,"date":"2024-04-20T00:00:18","date_gmt":"2025-03-20T10:52:05","guid":{"rendered":"https:\/\/delices.lu\/produit\/newmoon-beige-dessertteller\/"},"modified":"2025-03-20T11:52:05","modified_gmt":"2025-03-20T10:52:05","slug":"newmoon-beige-dessertteller","status":"publish","type":"product","link":"https:\/\/delices.lu\/de\/produit\/newmoon-beige-dessertteller\/","title":{"rendered":"NewMoon Beige Dessertteller"},"content":{"rendered":"<p><strong>Ein ausdrucksstarker Dessertteller, inspiriert von der Sch\u00f6nheit des Mondes<\/strong><br \/>\nDer kleine Porzellanteller ist auch ideal, um Geb\u00e4ck zum Fr\u00fchst\u00fcck oder ein paar S\u00fc\u00dfigkeiten zur Kaffeepause zu servieren. Entdecken Sie die Schalen, Kaffeetassen und Becher aus der gleichen Kollektion, die perfekt zu diesem Design-Teller passen. F\u00fcr eine gem\u00fctliche Atmosph\u00e4re k\u00f6nnen Sie eine kleine Duftkerze anz\u00fcnden und sie in ein NewMoon Windlicht stellen: der Moment wird noch sch\u00f6ner! Die Zeit f\u00fcr das Dessert ist gekommen und Sie m\u00f6chten Ihre G\u00e4ste beeindrucken? Mit diesem Dessertteller aus Porzellan werden Sie auch die gr\u00f6\u00dften Feinschmecker begeistern. Ob Halbgefrorenes mit Schokolade, Obstkuchen oder K\u00e4sekuchen &#8211; pr\u00e4sentieren Sie Ihre k\u00f6stlichen Gerichte mit Eleganz. Entdecken Sie jetzt die stilvolle und zeitlose Kollektion NewMoon beige!      <\/p>\n","protected":false},"excerpt":{"rendered":"<p><strong>NewMoon Beige<br \/>\nDessertteller<br \/>\n<\/strong>Premium Porcelain<br \/>\nDurchmesser: 242 mm<br \/>\nBeige<br \/>\nGeschirrsp\u00fclmaschinenfest: Ja<br \/>\nMikrowelle: Ja<br \/>\nRef: 1042912640<\/p>\n","protected":false},"featured_media":15743,"template":"","meta":[],"location":[959],"product_brand":[],"product_cat":[1354,2296,2231,1309],"product_tag":[2343,2407,2297,2248],"class_list":{"0":"post-15741","1":"product","2":"type-product","3":"status-publish","4":"has-post-thumbnail","6":"location-0-shop","7":"product_cat-art-de-la-table-de","8":"product_cat-newmoon-de","9":"product_cat-teller","10":"product_cat-villeroy-boch-de","11":"product_tag-beige-de","12":"product_tag-nachtisch","13":"product_tag-newmoon-de","14":"product_tag-teller","16":"first","17":"instock","18":"shipping-taxable","19":"purchasable","20":"product-type-simple"},"supplier_id":9071,"supplier_sku":"1042912640","barcode":"4003686429871","atum_controlled":true,"out_stock_date":null,"out_stock_threshold":0,"inheritable":false,"inbound_stock":0,"stock_on_hold":0,"sold_today":0,"sales_last_days":0,"reserved_stock":0,"customer_returns":0,"warehouse_damage":0,"lost_in_post":0,"other_logs":0,"out_stock_days":0,"lost_sales":0,"has_location":false,"update_date":"2025-07-19T06:26:33","atum_locations":[{"id":960,"name":"0 SHOP","slug":"0-shop"}],"atum_stock_status":"instock","restock_status":false,"low_stock_amount":"","sales_update_date":"2025-07-19T06:26:33","calc_backorders":0,"locations":[],"_links":{"self":[{"href":"https:\/\/delices.lu\/de\/wp-json\/wp\/v2\/product\/15741","targetHints":{"allow":["GET"]}}],"collection":[{"href":"https:\/\/delices.lu\/de\/wp-json\/wp\/v2\/product"}],"about":[{"href":"https:\/\/delices.lu\/de\/wp-json\/wp\/v2\/types\/product"}],"wp:featuredmedia":[{"embeddable":true,"href":"https:\/\/delices.lu\/de\/wp-json\/wp\/v2\/media\/15743"}],"wp:attachment":[{"href":"https:\/\/delices.lu\/de\/wp-json\/wp\/v2\/media?parent=15741"}],"wp:term":[{"taxonomy":"location","embeddable":true,"href":"https:\/\/delices.lu\/de\/wp-json\/wp\/v2\/location?post=15741"},{"taxonomy":"product_brand","embeddable":true,"href":"https:\/\/delices.lu\/de\/wp-json\/wp\/v2\/product_brand?post=15741"},{"taxonomy":"product_cat","embeddable":true,"href":"https:\/\/delices.lu\/de\/wp-json\/wp\/v2\/product_cat?post=15741"},{"taxonomy":"product_tag","embeddable":true,"href":"https:\/\/delices.lu\/de\/wp-json\/wp\/v2\/product_tag?post=15741"}],"curies":[{"name":"wp","href":"https:\/\/api.w.org\/{rel}","templated":true}]}}