{"id":15742,"date":"2024-08-13T00:00:39","date_gmt":"2025-03-20T10:52:05","guid":{"rendered":"https:\/\/delices.lu\/produit\/statement-bol-lieblingsmensch\/"},"modified":"2025-03-20T11:52:05","modified_gmt":"2025-03-20T10:52:05","slug":"statement-bol-lieblingsmensch","status":"publish","type":"product","link":"https:\/\/delices.lu\/de\/produit\/statement-bol-lieblingsmensch\/","title":{"rendered":"Statement Bol &#8220;Lieblingsmensch&#8221;"},"content":{"rendered":"<p><strong>Eine andere Art, Aussagen zu machen<\/strong><br \/>\nSchlichte, hohle Schalen aus Premium Porcelain: die Kollektion Statement aus dem Hause Villeroy &amp; Boch Das Lieblingsst\u00fcck f\u00fcr Lieblingsmenschen: die Schale Statement aus Premium Porcelain wird besondere Menschen gl\u00fccklich machen! Entscheiden Sie sich f\u00fcr ein schlichtes Design in Ihrem Zuhause mit Ihrer Lieblingsnachricht! <\/p>\n","protected":false},"excerpt":{"rendered":"<p><strong>Statement Sch\u00fcssel &#8220;Lieblingsmensch&#8221;<br \/>\n<\/strong>Premium Porcelain<br \/>\nCa. 470 ml,<br \/>\nDurchmesser: 138 mm<br \/>\nWei\u00df und Schwarz<br \/>\nGeschirrsp\u00fclmaschinenfest: Ja<br \/>\nMikrowelle: Ja<br \/>\nRef: 1016216250<\/p>\n","protected":false},"featured_media":15747,"template":"","meta":[],"location":[959,930],"product_brand":[],"product_cat":[1354,1355,2261,1309],"product_tag":[1359,2487],"class_list":{"0":"post-15742","1":"product","2":"type-product","3":"status-publish","4":"has-post-thumbnail","6":"location-0-shop","7":"location-21-1","8":"product_cat-art-de-la-table-de","9":"product_cat-bol-de","10":"product_cat-erklarung","11":"product_cat-villeroy-boch-de","12":"product_tag-bol-de","13":"product_tag-lieblingsmensch-de","15":"first","16":"instock","17":"shipping-taxable","18":"purchasable","19":"product-type-simple"},"supplier_id":9071,"supplier_sku":"1016216250","barcode":"4003686433885","atum_controlled":true,"out_stock_date":null,"out_stock_threshold":0,"inheritable":false,"inbound_stock":0,"stock_on_hold":0,"sold_today":0,"sales_last_days":0,"reserved_stock":0,"customer_returns":0,"warehouse_damage":0,"lost_in_post":0,"other_logs":0,"out_stock_days":0,"lost_sales":0,"has_location":false,"update_date":"2025-07-19T06:26:28","atum_locations":[{"id":960,"name":"0 SHOP","slug":"0-shop"},{"id":1273,"name":"221","slug":"221"}],"atum_stock_status":"instock","restock_status":false,"low_stock_amount":"","sales_update_date":"2025-07-19T06:26:28","calc_backorders":0,"locations":[],"_links":{"self":[{"href":"https:\/\/delices.lu\/de\/wp-json\/wp\/v2\/product\/15742","targetHints":{"allow":["GET"]}}],"collection":[{"href":"https:\/\/delices.lu\/de\/wp-json\/wp\/v2\/product"}],"about":[{"href":"https:\/\/delices.lu\/de\/wp-json\/wp\/v2\/types\/product"}],"wp:featuredmedia":[{"embeddable":true,"href":"https:\/\/delices.lu\/de\/wp-json\/wp\/v2\/media\/15747"}],"wp:attachment":[{"href":"https:\/\/delices.lu\/de\/wp-json\/wp\/v2\/media?parent=15742"}],"wp:term":[{"taxonomy":"location","embeddable":true,"href":"https:\/\/delices.lu\/de\/wp-json\/wp\/v2\/location?post=15742"},{"taxonomy":"product_brand","embeddable":true,"href":"https:\/\/delices.lu\/de\/wp-json\/wp\/v2\/product_brand?post=15742"},{"taxonomy":"product_cat","embeddable":true,"href":"https:\/\/delices.lu\/de\/wp-json\/wp\/v2\/product_cat?post=15742"},{"taxonomy":"product_tag","embeddable":true,"href":"https:\/\/delices.lu\/de\/wp-json\/wp\/v2\/product_tag?post=15742"}],"curies":[{"name":"wp","href":"https:\/\/api.w.org\/{rel}","templated":true}]}}