{"id":15754,"date":"2025-03-02T00:00:54","date_gmt":"2025-03-20T10:52:06","guid":{"rendered":"https:\/\/delices.lu\/produit\/spring-fantasy-servietten-2\/"},"modified":"2025-03-20T11:52:06","modified_gmt":"2025-03-20T10:52:06","slug":"spring-fantasy-servietten-2","status":"publish","type":"product","link":"https:\/\/delices.lu\/de\/produit\/spring-fantasy-servietten-2\/","title":{"rendered":"Spring Fantasy &#8211; Servietten"},"content":{"rendered":"<p><strong>Dekorative Serviette f\u00fcr den Fr\u00fchling<\/strong><br \/>\nDiese Servietten von Easter Accessories passen perfekt zu den Spring Fantasy Schalen oder setzen Farbakzente in vielen anderen Kollektionen. Diese gro\u00dfen Papierservietten sind ideal, um Osternester zu dekorieren oder dem Tisch einen fr\u00fchlingshaften Akzent zu verleihen. Bringen Sie h\u00fcbsche Akzente f\u00fcr den Fr\u00fchling auf den Tisch.  <\/p>\n","protected":false},"excerpt":{"rendered":"<p><strong>Easter Accessories Servietten<\/strong><br \/>\n<strong>Arabeske aus Blumen<\/strong><br \/>\nMaterial: Papier<br \/>\nMa\u00dfe: 33 x 33 cm<br \/>\nMenge: 20 St\u00fcck<br \/>\nMehrfarbig<br \/>\nPreis inkl. MwSt., zzgl. Versandkosten je nach Empf\u00e4nger<br \/>\nArtikelreferenz 3590720033 <\/p>\n","protected":false},"featured_media":15760,"template":"","meta":[],"location":[959,1209],"product_brand":[],"product_cat":[1311,740,1310,2488,1309],"product_tag":[1312],"class_list":{"0":"post-15754","1":"product","2":"type-product","3":"status-publish","4":"has-post-thumbnail","6":"location-0-shop","7":"location-0-sous-sol","8":"product_cat-dekoration","9":"product_cat-fruehling","10":"product_cat-ostern","11":"product_cat-spring-fantasy-de","12":"product_cat-villeroy-boch-de","13":"product_tag-servietten","15":"first","16":"instock","17":"shipping-taxable","18":"purchasable","19":"product-type-simple"},"supplier_id":null,"supplier_sku":"","barcode":null,"atum_controlled":true,"out_stock_date":null,"out_stock_threshold":null,"inheritable":false,"inbound_stock":0,"stock_on_hold":0,"sold_today":0,"sales_last_days":0,"reserved_stock":0,"customer_returns":0,"warehouse_damage":0,"lost_in_post":0,"other_logs":0,"out_stock_days":0,"lost_sales":0,"has_location":false,"update_date":"2025-07-19T06:26:46","atum_locations":[{"id":960,"name":"0 SHOP","slug":"0-shop"},{"id":1208,"name":"0 SOUS SOL","slug":"sous-sol"}],"atum_stock_status":"instock","restock_status":false,"low_stock_amount":"","sales_update_date":"2025-07-19T06:26:46","calc_backorders":0,"locations":[],"_links":{"self":[{"href":"https:\/\/delices.lu\/de\/wp-json\/wp\/v2\/product\/15754","targetHints":{"allow":["GET"]}}],"collection":[{"href":"https:\/\/delices.lu\/de\/wp-json\/wp\/v2\/product"}],"about":[{"href":"https:\/\/delices.lu\/de\/wp-json\/wp\/v2\/types\/product"}],"wp:featuredmedia":[{"embeddable":true,"href":"https:\/\/delices.lu\/de\/wp-json\/wp\/v2\/media\/15760"}],"wp:attachment":[{"href":"https:\/\/delices.lu\/de\/wp-json\/wp\/v2\/media?parent=15754"}],"wp:term":[{"taxonomy":"location","embeddable":true,"href":"https:\/\/delices.lu\/de\/wp-json\/wp\/v2\/location?post=15754"},{"taxonomy":"product_brand","embeddable":true,"href":"https:\/\/delices.lu\/de\/wp-json\/wp\/v2\/product_brand?post=15754"},{"taxonomy":"product_cat","embeddable":true,"href":"https:\/\/delices.lu\/de\/wp-json\/wp\/v2\/product_cat?post=15754"},{"taxonomy":"product_tag","embeddable":true,"href":"https:\/\/delices.lu\/de\/wp-json\/wp\/v2\/product_tag?post=15754"}],"curies":[{"name":"wp","href":"https:\/\/api.w.org\/{rel}","templated":true}]}}