{"id":15755,"date":"2024-04-23T00:00:17","date_gmt":"2025-03-20T10:52:06","guid":{"rendered":"https:\/\/delices.lu\/produit\/newmoon-beige-platzteller\/"},"modified":"2025-03-20T11:52:06","modified_gmt":"2025-03-20T10:52:06","slug":"newmoon-beige-platzteller","status":"publish","type":"product","link":"https:\/\/delices.lu\/de\/produit\/newmoon-beige-platzteller\/","title":{"rendered":"NewMoon beige Platzteller"},"content":{"rendered":"<p><strong>Ein einzigartiger Design-Teller<\/strong><br \/>\nDie Kollektion NewMoon ist elegant und einzigartig und ihr Design ist von der Sch\u00f6nheit des Mondes inspiriert. Kombinieren Sie die Farben f\u00fcr einen harmonischen Tisch oder spielen Sie mit den Materialien, indem Sie diesen originellen Teller mit den St\u00fccken der Kollektion Manufacture Rock in Schieferoptik kombinieren. Vervollst\u00e4ndigen Sie Ihr Geschirrset mit einem Besteckset aus rostfreiem Stahl von NewMoon. Jetzt m\u00fcssen Sie nur noch Ihre Lieblingsrezepte servieren! Decken Sie Ihren Tisch mit hochwertigem Porzellangeschirr und entdecken Sie die Kollektion NewMoon. Die beige Farbe, die markanten Kurven und die matte Oberfl\u00e4che machen diesen flachen Porzellanteller zur ersten Wahl. Ob f\u00fcr den Alltag oder f\u00fcr besondere Anl\u00e4sse, dieser Teller wird bald nicht mehr von Ihrem Tisch wegzudenken sein! Entdecken Sie jetzt die zeitlose und stilvolle NewMoon Kollektion in Beige!       <\/p>\n","protected":false},"excerpt":{"rendered":"<p><strong>NewMoon beige<br \/>\nPlatzteller<br \/>\n<\/strong>Premium Porcelain<br \/>\nDurchmesser: 270 mm<br \/>\nBeige<br \/>\nGeschirrsp\u00fclmaschinenfest: Ja<br \/>\nMikrowelle: Ja<br \/>\nRef: 1042912620<\/p>\n","protected":false},"featured_media":15756,"template":"","meta":[],"location":[959],"product_brand":[],"product_cat":[1354,2296,2231,1309],"product_tag":[2343,2423,2248],"class_list":{"0":"post-15755","1":"product","2":"type-product","3":"status-publish","4":"has-post-thumbnail","6":"location-0-shop","7":"product_cat-art-de-la-table-de","8":"product_cat-newmoon-de","9":"product_cat-teller","10":"product_cat-villeroy-boch-de","11":"product_tag-beige-de","12":"product_tag-plate-de","13":"product_tag-teller","15":"first","16":"instock","17":"shipping-taxable","18":"purchasable","19":"product-type-simple"},"supplier_id":9071,"supplier_sku":"1042912620","barcode":"4003686429864","atum_controlled":true,"out_stock_date":null,"out_stock_threshold":0,"inheritable":false,"inbound_stock":0,"stock_on_hold":0,"sold_today":0,"sales_last_days":0,"reserved_stock":0,"customer_returns":0,"warehouse_damage":0,"lost_in_post":0,"other_logs":0,"out_stock_days":0,"lost_sales":0,"has_location":false,"update_date":"2025-07-19T06:26:33","atum_locations":[{"id":960,"name":"0 SHOP","slug":"0-shop"}],"atum_stock_status":"instock","restock_status":false,"low_stock_amount":"","sales_update_date":"2025-07-19T06:26:33","calc_backorders":0,"locations":[],"_links":{"self":[{"href":"https:\/\/delices.lu\/de\/wp-json\/wp\/v2\/product\/15755","targetHints":{"allow":["GET"]}}],"collection":[{"href":"https:\/\/delices.lu\/de\/wp-json\/wp\/v2\/product"}],"about":[{"href":"https:\/\/delices.lu\/de\/wp-json\/wp\/v2\/types\/product"}],"wp:featuredmedia":[{"embeddable":true,"href":"https:\/\/delices.lu\/de\/wp-json\/wp\/v2\/media\/15756"}],"wp:attachment":[{"href":"https:\/\/delices.lu\/de\/wp-json\/wp\/v2\/media?parent=15755"}],"wp:term":[{"taxonomy":"location","embeddable":true,"href":"https:\/\/delices.lu\/de\/wp-json\/wp\/v2\/location?post=15755"},{"taxonomy":"product_brand","embeddable":true,"href":"https:\/\/delices.lu\/de\/wp-json\/wp\/v2\/product_brand?post=15755"},{"taxonomy":"product_cat","embeddable":true,"href":"https:\/\/delices.lu\/de\/wp-json\/wp\/v2\/product_cat?post=15755"},{"taxonomy":"product_tag","embeddable":true,"href":"https:\/\/delices.lu\/de\/wp-json\/wp\/v2\/product_tag?post=15755"}],"curies":[{"name":"wp","href":"https:\/\/api.w.org\/{rel}","templated":true}]}}