{"id":15772,"date":"2025-04-03T00:00:54","date_gmt":"2025-03-20T10:52:07","guid":{"rendered":"https:\/\/delices.lu\/produit\/annual-easter-edition-2023-ei\/"},"modified":"2025-03-20T11:52:07","modified_gmt":"2025-03-20T10:52:07","slug":"annual-easter-edition-2023-ei","status":"publish","type":"product","link":"https:\/\/delices.lu\/de\/produit\/annual-easter-edition-2023-ei\/","title":{"rendered":"Annual Easter Edition 2023 &#8211; Ei"},"content":{"rendered":"<p><strong>Annual Easter Edition &#8211; Ei 2023<\/strong><br \/>\nEin mit viel Liebe hergestelltes Osterporzellan: die Annual Easter Edition von Villeroy &amp; Boch. Tradition und Moderne seit 1748. Ein kleines Porzellanst\u00fcck f\u00fcr ganz gro\u00dfe Osterfans: Das Ei des Jahres der Annual Easter Edition besticht durch sein raffiniertes Dekor und eignet sich als Geschenk sowohl f\u00fcr Sammler als auch f\u00fcr Dekorationsliebhaber! Legen Sie ein Osterporzellan in limitierter Auflage ins Osternest!   <\/p>\n<p>&nbsp;<\/p>\n","protected":false},"excerpt":{"rendered":"<p><strong>Annual Easter Edition Ei 2023 <\/strong><br \/>\nMATERIAL: Premium Porcelain<br \/>\nFARBE: mehrfarbig<br \/>\nABMESSUNGEN: ca. 4,6 cm x 5,5 cm x 7,8cm<br \/>\nGARANTIERT SP\u00dcLGERECHT: Nicht<br \/>\nMIKROWELLENKOMPATIBEL: Nicht<br \/>\nGESCHENKVERPACKUNG: kostenlos, auf Anfrage<br \/>\nREF. ARTIKEL: 1486276604 <\/p>\n<p>&nbsp;<\/p>\n","protected":false},"featured_media":15773,"template":"","meta":[],"location":[959,1209],"product_brand":[],"product_cat":[2458,1311,740,1310,1309],"product_tag":[743,1314],"class_list":{"0":"post-15772","1":"product","2":"type-product","3":"status-publish","4":"has-post-thumbnail","6":"location-0-shop","7":"location-0-sous-sol","8":"product_cat-annual-easter-edition-de","9":"product_cat-dekoration","10":"product_cat-fruehling","11":"product_cat-ostern","12":"product_cat-villeroy-boch-de","13":"product_tag-decoration-de","14":"product_tag-oeuf-de","16":"first","17":"instock","18":"shipping-taxable","19":"purchasable","20":"product-type-simple"},"supplier_id":9071,"supplier_sku":"1486276604","barcode":"4003686427389","atum_controlled":true,"out_stock_date":null,"out_stock_threshold":null,"inheritable":false,"inbound_stock":0,"stock_on_hold":0,"sold_today":0,"sales_last_days":0,"reserved_stock":0,"customer_returns":0,"warehouse_damage":null,"lost_in_post":0,"other_logs":0,"out_stock_days":0,"lost_sales":0,"has_location":false,"update_date":"2025-07-19T06:26:48","atum_locations":[{"id":960,"name":"0 SHOP","slug":"0-shop"},{"id":1208,"name":"0 SOUS SOL","slug":"sous-sol"}],"atum_stock_status":"instock","restock_status":false,"low_stock_amount":"","sales_update_date":"2025-07-19T06:26:48","calc_backorders":0,"locations":[],"_links":{"self":[{"href":"https:\/\/delices.lu\/de\/wp-json\/wp\/v2\/product\/15772","targetHints":{"allow":["GET"]}}],"collection":[{"href":"https:\/\/delices.lu\/de\/wp-json\/wp\/v2\/product"}],"about":[{"href":"https:\/\/delices.lu\/de\/wp-json\/wp\/v2\/types\/product"}],"wp:featuredmedia":[{"embeddable":true,"href":"https:\/\/delices.lu\/de\/wp-json\/wp\/v2\/media\/15773"}],"wp:attachment":[{"href":"https:\/\/delices.lu\/de\/wp-json\/wp\/v2\/media?parent=15772"}],"wp:term":[{"taxonomy":"location","embeddable":true,"href":"https:\/\/delices.lu\/de\/wp-json\/wp\/v2\/location?post=15772"},{"taxonomy":"product_brand","embeddable":true,"href":"https:\/\/delices.lu\/de\/wp-json\/wp\/v2\/product_brand?post=15772"},{"taxonomy":"product_cat","embeddable":true,"href":"https:\/\/delices.lu\/de\/wp-json\/wp\/v2\/product_cat?post=15772"},{"taxonomy":"product_tag","embeddable":true,"href":"https:\/\/delices.lu\/de\/wp-json\/wp\/v2\/product_tag?post=15772"}],"curies":[{"name":"wp","href":"https:\/\/api.w.org\/{rel}","templated":true}]}}