{"id":15781,"date":"2024-04-10T00:00:52","date_gmt":"2024-04-09T22:00:52","guid":{"rendered":"https:\/\/delices.lu\/produit\/easter-edition-2023-teller\/"},"modified":"2025-03-20T11:52:08","modified_gmt":"2025-03-20T10:52:08","slug":"easter-edition-2023-teller","status":"publish","type":"product","link":"https:\/\/delices.lu\/de\/produit\/easter-edition-2023-teller\/","title":{"rendered":"Easter Edition 2023 Teller"},"content":{"rendered":"<p><strong>Annual Easter Edition Teller 2023<\/strong><br \/>\nMit viel Liebe geformtes Ostergeschirr: die Annual Easter Edition von Villeroy &amp; Boch<br \/>\nEin Teller f\u00fcr das Osterfr\u00fchst\u00fcck, der optisch alle Blicke auf sich zieht: Mit seinem dezenten Dekor und dem goldenen Stempel wird dieser limitierte Annual Easter Edition Teller das Osterfest noch besonderer machen!<br \/>\nLegen Sie ein limitiertes Osterporzellan in das Osternest!<\/p>\n<p>&nbsp;<\/p>\n","protected":false},"excerpt":{"rendered":"<p><strong>Annual Easter Edition 2023 <\/strong><strong>Teller <\/strong><br \/>\nMATERIAL: Premium Porcelain<br \/>\nFARBE: mehrfarbig<br \/>\nABMESSUNGEN: ca. 233 mm x 25 mm<br \/>\nGARANTIERT SP\u00dcLGERECHT: Nicht<br \/>\nMIKROWELLENKOMPATIBEL: Nicht<br \/>\nGESCHENKVERPACKUNG: kostenlos, auf Anfrage<br \/>\nREF. ARTIKEL: 1486272646<\/p>\n<p>&nbsp;<\/p>\n","protected":false},"featured_media":15782,"template":"","meta":[],"location":[979],"product_brand":[],"product_cat":[1311,740,1310,1309],"product_tag":[2248],"class_list":{"0":"post-15781","1":"product","2":"type-product","3":"status-publish","4":"has-post-thumbnail","6":"location-07-2","7":"product_cat-dekoration","8":"product_cat-fruehling","9":"product_cat-ostern","10":"product_cat-villeroy-boch-de","11":"product_tag-teller","13":"first","14":"instock","15":"shipping-taxable","16":"purchasable","17":"product-type-simple"},"supplier_id":9071,"supplier_sku":"1486272646","barcode":null,"atum_controlled":true,"out_stock_date":null,"out_stock_threshold":null,"inheritable":false,"inbound_stock":0,"stock_on_hold":0,"sold_today":0,"sales_last_days":0,"reserved_stock":0,"customer_returns":0,"warehouse_damage":null,"lost_in_post":0,"other_logs":0,"out_stock_days":0,"lost_sales":0,"has_location":false,"update_date":"2025-09-24T04:40:32","atum_locations":[{"id":850,"name":"072","slug":"072"}],"atum_stock_status":"instock","restock_status":false,"low_stock_amount":"","sales_update_date":"2025-07-19T06:26:23","calc_backorders":0,"locations":[],"_links":{"self":[{"href":"https:\/\/delices.lu\/de\/wp-json\/wp\/v2\/product\/15781","targetHints":{"allow":["GET"]}}],"collection":[{"href":"https:\/\/delices.lu\/de\/wp-json\/wp\/v2\/product"}],"about":[{"href":"https:\/\/delices.lu\/de\/wp-json\/wp\/v2\/types\/product"}],"wp:featuredmedia":[{"embeddable":true,"href":"https:\/\/delices.lu\/de\/wp-json\/wp\/v2\/media\/15782"}],"wp:attachment":[{"href":"https:\/\/delices.lu\/de\/wp-json\/wp\/v2\/media?parent=15781"}],"wp:term":[{"taxonomy":"location","embeddable":true,"href":"https:\/\/delices.lu\/de\/wp-json\/wp\/v2\/location?post=15781"},{"taxonomy":"product_brand","embeddable":true,"href":"https:\/\/delices.lu\/de\/wp-json\/wp\/v2\/product_brand?post=15781"},{"taxonomy":"product_cat","embeddable":true,"href":"https:\/\/delices.lu\/de\/wp-json\/wp\/v2\/product_cat?post=15781"},{"taxonomy":"product_tag","embeddable":true,"href":"https:\/\/delices.lu\/de\/wp-json\/wp\/v2\/product_tag?post=15781"}],"curies":[{"name":"wp","href":"https:\/\/api.w.org\/{rel}","templated":true}]}}