{"id":15786,"date":"2025-07-07T00:00:07","date_gmt":"2025-07-06T22:00:07","guid":{"rendered":"https:\/\/delices.lu\/produit\/statement-teller-good-morning-sunshine\/"},"modified":"2025-03-20T11:52:08","modified_gmt":"2025-03-20T10:52:08","slug":"statement-teller-good-morning-sunshine","status":"publish","type":"product","link":"https:\/\/delices.lu\/de\/produit\/statement-teller-good-morning-sunshine\/","title":{"rendered":"Statement &#8211; Teller &#8220;Good morning Sunshine&#8221;."},"content":{"rendered":"<p><strong>Ein Fr\u00fchst\u00fccksteller mit einer Botschaft<\/strong><br \/>\nDieser Fr\u00fchst\u00fccksteller aus der Statement-Kollektion aus Premium Porcelain ist ein elegantes und hochwertiges Accessoire f\u00fcr den t\u00e4glichen Gebrauch &#8211; sei es zum Fr\u00fchst\u00fcck, zum Brunch mit Freunden oder zu Kaffee und Kuchen, die am Nachmittag serviert werden. Eine wundersch\u00f6ne Botschaft, ein wundersch\u00f6nes Material: Der filigrane schwarze Schriftzug auf dem Teller verleiht ihm eine elegante Note und vermittelt gleichzeitig eine positive Botschaft. Dieser Dessertteller ist ein ideales Geschenk f\u00fcr Freunde oder Familie, die einen Sinn f\u00fcr \u00c4sthetik und originelle Spr\u00fcche haben. Entscheiden Sie sich f\u00fcr ein schlichtes Design mit minimalistischen Linien!   <\/p>\n","protected":false},"excerpt":{"rendered":"<p><strong>Statement Dessertteller<br \/>\n&#8220;Good morning Sunshine&#8221;<br \/>\n<\/strong>Premium Porcelain<br \/>\nDurchmesser: 212 mm<br \/>\nWei\u00df und Schwarz<br \/>\nGeschirrsp\u00fclmaschinenfest: Ja<br \/>\nMikrowelle: Ja<br \/>\nRef: 1016216151<\/p>\n","protected":false},"featured_media":15787,"template":"","meta":[],"location":[959,1259],"product_brand":[],"product_cat":[1354,2261,2231,1309],"product_tag":[2490,2407,2262,2248],"class_list":{"0":"post-15786","1":"product","2":"type-product","3":"status-publish","4":"has-post-thumbnail","6":"location-0-shop","7":"location-22-2","8":"product_cat-art-de-la-table-de","9":"product_cat-erklarung","10":"product_cat-teller","11":"product_cat-villeroy-boch-de","12":"product_tag-good-morning-de","13":"product_tag-nachtisch","14":"product_tag-sunshine-de","15":"product_tag-teller","17":"first","18":"instock","19":"shipping-taxable","20":"purchasable","21":"product-type-simple"},"supplier_id":9071,"supplier_sku":"1016216151","barcode":"4003686433854","atum_controlled":true,"out_stock_date":null,"out_stock_threshold":0,"inheritable":false,"inbound_stock":0,"stock_on_hold":0,"sold_today":0,"sales_last_days":0,"reserved_stock":0,"customer_returns":0,"warehouse_damage":0,"lost_in_post":0,"other_logs":0,"out_stock_days":0,"lost_sales":0,"has_location":false,"update_date":"2025-07-19T06:26:49","atum_locations":[{"id":960,"name":"0 SHOP","slug":"0-shop"},{"id":1274,"name":"222","slug":"222"}],"atum_stock_status":"instock","restock_status":false,"low_stock_amount":"","sales_update_date":"2025-07-19T06:26:49","calc_backorders":0,"locations":[],"_links":{"self":[{"href":"https:\/\/delices.lu\/de\/wp-json\/wp\/v2\/product\/15786","targetHints":{"allow":["GET"]}}],"collection":[{"href":"https:\/\/delices.lu\/de\/wp-json\/wp\/v2\/product"}],"about":[{"href":"https:\/\/delices.lu\/de\/wp-json\/wp\/v2\/types\/product"}],"wp:featuredmedia":[{"embeddable":true,"href":"https:\/\/delices.lu\/de\/wp-json\/wp\/v2\/media\/15787"}],"wp:attachment":[{"href":"https:\/\/delices.lu\/de\/wp-json\/wp\/v2\/media?parent=15786"}],"wp:term":[{"taxonomy":"location","embeddable":true,"href":"https:\/\/delices.lu\/de\/wp-json\/wp\/v2\/location?post=15786"},{"taxonomy":"product_brand","embeddable":true,"href":"https:\/\/delices.lu\/de\/wp-json\/wp\/v2\/product_brand?post=15786"},{"taxonomy":"product_cat","embeddable":true,"href":"https:\/\/delices.lu\/de\/wp-json\/wp\/v2\/product_cat?post=15786"},{"taxonomy":"product_tag","embeddable":true,"href":"https:\/\/delices.lu\/de\/wp-json\/wp\/v2\/product_tag?post=15786"}],"curies":[{"name":"wp","href":"https:\/\/api.w.org\/{rel}","templated":true}]}}