{"id":15790,"date":"2025-04-13T00:00:28","date_gmt":"2025-03-20T10:52:17","guid":{"rendered":"https:\/\/delices.lu\/produit\/mittelschnitt\/"},"modified":"2025-03-20T11:52:17","modified_gmt":"2025-03-20T10:52:17","slug":"mittelschnitt","status":"publish","type":"product","link":"https:\/\/delices.lu\/de\/produit\/mittelschnitt\/","title":{"rendered":"Mittelschnitt"},"content":{"rendered":"<p><strong>Servier- oder Dekoschale<\/strong><br \/>\nWillkommen in der Welt der poetischen Osterzeit mit Villeroy &amp; Boch! In den detailreichen Motiven unserer Spring Fantasy Kollektion tummeln sich besondere Osterhasen fr\u00f6hlich in einer nostalgischen Welt mit Fr\u00fchlingsgef\u00fchlen. Sie ist ideal als Blickfang auf Ihrem Ostertisch, als dekorative Idee und als charmantes Geschenk. Diese mittelgro\u00dfe Schale in Form einer Blume wurde sorgf\u00e4ltig entworfen und ist eine wundersch\u00f6ne Osterdekoration. Feiern Sie Ostern mit den sch\u00f6n nostalgischen St\u00fccken von Villeroy &amp; Boch.    <\/p>\n<p>&nbsp;<\/p>\n","protected":false},"excerpt":{"rendered":"<p><strong>Spring Fantasy Medium Cut<br \/>\nMedium Size, Anna, 710 ml<br \/>\n<\/strong>MATERIAL: Premium Porcelain<br \/>\nDURCHMESSER: ca. 236 mm<br \/>\nFARBE: mehrfarbig<br \/>\nSP\u00dcLGER\u00c4TEGARANTIE: Nein<br \/>\nMIKROWELLENKOMPATIBEL: Ja<br \/>\nGESCHENKVERPACKUNG: kostenlos, auf Anfrage<br \/>\nREF. ARTIKEL: 1486443828 <\/p>\n<p>&nbsp;<\/p>\n","protected":false},"featured_media":15792,"template":"","meta":[],"location":[1215],"product_brand":[],"product_cat":[1354,1356,740,1310,1309],"product_tag":[1358,743],"class_list":{"0":"post-15790","1":"product","2":"type-product","3":"status-publish","4":"has-post-thumbnail","6":"location-08-3","7":"product_cat-art-de-la-table-de","8":"product_cat-coupe-de","9":"product_cat-fruehling","10":"product_cat-ostern","11":"product_cat-villeroy-boch-de","12":"product_tag-coupe-de","13":"product_tag-decoration-de","15":"first","16":"instock","17":"shipping-taxable","18":"purchasable","19":"product-type-simple"},"supplier_id":9071,"supplier_sku":"1486443828","barcode":"4003686409187","atum_controlled":true,"out_stock_date":null,"out_stock_threshold":null,"inheritable":false,"inbound_stock":0,"stock_on_hold":0,"sold_today":0,"sales_last_days":0,"reserved_stock":0,"customer_returns":0,"warehouse_damage":null,"lost_in_post":0,"other_logs":0,"out_stock_days":0,"lost_sales":0,"has_location":false,"update_date":"2025-07-19T06:26:48","atum_locations":[{"id":846,"name":"083","slug":"083"}],"atum_stock_status":"instock","restock_status":false,"low_stock_amount":"","sales_update_date":"2025-07-19T06:26:48","calc_backorders":0,"locations":[],"_links":{"self":[{"href":"https:\/\/delices.lu\/de\/wp-json\/wp\/v2\/product\/15790","targetHints":{"allow":["GET"]}}],"collection":[{"href":"https:\/\/delices.lu\/de\/wp-json\/wp\/v2\/product"}],"about":[{"href":"https:\/\/delices.lu\/de\/wp-json\/wp\/v2\/types\/product"}],"wp:featuredmedia":[{"embeddable":true,"href":"https:\/\/delices.lu\/de\/wp-json\/wp\/v2\/media\/15792"}],"wp:attachment":[{"href":"https:\/\/delices.lu\/de\/wp-json\/wp\/v2\/media?parent=15790"}],"wp:term":[{"taxonomy":"location","embeddable":true,"href":"https:\/\/delices.lu\/de\/wp-json\/wp\/v2\/location?post=15790"},{"taxonomy":"product_brand","embeddable":true,"href":"https:\/\/delices.lu\/de\/wp-json\/wp\/v2\/product_brand?post=15790"},{"taxonomy":"product_cat","embeddable":true,"href":"https:\/\/delices.lu\/de\/wp-json\/wp\/v2\/product_cat?post=15790"},{"taxonomy":"product_tag","embeddable":true,"href":"https:\/\/delices.lu\/de\/wp-json\/wp\/v2\/product_tag?post=15790"}],"curies":[{"name":"wp","href":"https:\/\/api.w.org\/{rel}","templated":true}]}}