{"id":15791,"date":"2024-05-03T00:00:12","date_gmt":"2025-03-20T10:52:17","guid":{"rendered":"https:\/\/delices.lu\/produit\/tischlaeufer-xl\/"},"modified":"2025-03-20T11:52:17","modified_gmt":"2025-03-20T10:52:17","slug":"tischlaeufer-xl","status":"publish","type":"product","link":"https:\/\/delices.lu\/de\/produit\/tischlaeufer-xl\/","title":{"rendered":"Tischl\u00e4ufer XL"},"content":{"rendered":"<p><strong>Tischl\u00e4ufer mit niedlichem Hasenmotiv<\/strong><br \/>\nWillkommen in der Welt der poetischen Osterzeit mit Villeroy &amp; Boch! In den detailreichen Motiven unserer Spring Fantasy Kollektion tummeln sich besondere Osterhasen fr\u00f6hlich in einer nostalgischen Welt mit Fr\u00fchlingsgef\u00fchlen. Ideal als Blickfang auf Ihrem Ostertisch, als dekorative Idee und als charmantes Geschenk. Dieser sehr gro\u00dfe Tischl\u00e4ufer zeigt unsere lustige Osterhasenfamilie und eignet sich f\u00fcr Ihren Festtagstisch oder die Kommode. Mit diesem Tischl\u00e4ufer k\u00f6nnen Sie im Handumdrehen charmante Designakzente setzen. Feiern Sie Ostern mit den sch\u00f6n nostalgischen St\u00fccken von Villeroy &amp; Boch.     <\/p>\n","protected":false},"excerpt":{"rendered":"<p><strong>Spring Fantasy Tischl\u00e4ufer<br \/>\nKaninchen, 49 x 143 cm<br \/>\n<\/strong>MATERIAL: 70 % Baumwolle und 30 % Polyester<br \/>\nGR\u00d6\u00dfE: ca. 49 cm x 143 cm<br \/>\nFARBE: mehrfarbig<br \/>\nGARANTIE SP\u00dcLGERECHT: Nicht<br \/>\nMIKROWELLENKOMPATIBEL: Nicht<br \/>\nGESCHENKVERPACKUNG: kostenlos, auf Anfrage<br \/>\nREF. ARTIKEL: 1486446152 <\/p>\n<p>&nbsp;<\/p>\n","protected":false},"featured_media":15796,"template":"","meta":[],"location":[959,1209],"product_brand":[],"product_cat":[1311,740,1310,1309],"product_tag":[2363,2358],"class_list":{"0":"post-15791","1":"product","2":"type-product","3":"status-publish","4":"has-post-thumbnail","6":"location-0-shop","7":"location-0-sous-sol","8":"product_cat-dekoration","9":"product_cat-fruehling","10":"product_cat-ostern","11":"product_cat-villeroy-boch-de","12":"product_tag-tischlaufer","13":"product_tag-tischset","15":"first","16":"instock","17":"shipping-taxable","18":"purchasable","19":"product-type-simple"},"supplier_id":9071,"supplier_sku":"1486446152","barcode":"4003686410527","atum_controlled":true,"out_stock_date":null,"out_stock_threshold":null,"inheritable":false,"inbound_stock":0,"stock_on_hold":0,"sold_today":0,"sales_last_days":0,"reserved_stock":0,"customer_returns":0,"warehouse_damage":null,"lost_in_post":0,"other_logs":0,"out_stock_days":0,"lost_sales":0,"has_location":false,"update_date":"2025-07-19T06:26:22","atum_locations":[{"id":960,"name":"0 SHOP","slug":"0-shop"},{"id":1208,"name":"0 SOUS SOL","slug":"sous-sol"}],"atum_stock_status":"instock","restock_status":false,"low_stock_amount":"","sales_update_date":"2025-07-19T06:26:22","calc_backorders":0,"locations":[],"_links":{"self":[{"href":"https:\/\/delices.lu\/de\/wp-json\/wp\/v2\/product\/15791","targetHints":{"allow":["GET"]}}],"collection":[{"href":"https:\/\/delices.lu\/de\/wp-json\/wp\/v2\/product"}],"about":[{"href":"https:\/\/delices.lu\/de\/wp-json\/wp\/v2\/types\/product"}],"wp:featuredmedia":[{"embeddable":true,"href":"https:\/\/delices.lu\/de\/wp-json\/wp\/v2\/media\/15796"}],"wp:attachment":[{"href":"https:\/\/delices.lu\/de\/wp-json\/wp\/v2\/media?parent=15791"}],"wp:term":[{"taxonomy":"location","embeddable":true,"href":"https:\/\/delices.lu\/de\/wp-json\/wp\/v2\/location?post=15791"},{"taxonomy":"product_brand","embeddable":true,"href":"https:\/\/delices.lu\/de\/wp-json\/wp\/v2\/product_brand?post=15791"},{"taxonomy":"product_cat","embeddable":true,"href":"https:\/\/delices.lu\/de\/wp-json\/wp\/v2\/product_cat?post=15791"},{"taxonomy":"product_tag","embeddable":true,"href":"https:\/\/delices.lu\/de\/wp-json\/wp\/v2\/product_tag?post=15791"}],"curies":[{"name":"wp","href":"https:\/\/api.w.org\/{rel}","templated":true}]}}