{"id":15801,"date":"2024-05-03T00:00:29","date_gmt":"2025-03-20T10:52:18","guid":{"rendered":"https:\/\/delices.lu\/produit\/flacher-hohlkoerper-mittlere-groesse\/"},"modified":"2025-03-20T11:52:18","modified_gmt":"2025-03-20T10:52:18","slug":"flacher-hohlkoerper-mittlere-groesse","status":"publish","type":"product","link":"https:\/\/delices.lu\/de\/produit\/flacher-hohlkoerper-mittlere-groesse\/","title":{"rendered":"Flacher Hohlk\u00f6rper mittlere Gr\u00f6\u00dfe"},"content":{"rendered":"<p><strong>Hohle Servier- oder Dekoschale<\/strong><br \/>\nWillkommen in der Welt der poetischen Osterzeit mit Villeroy &amp; Boch! In den detailreichen Motiven unserer Spring Fantasy Kollektion tummeln sich besondere Osterhasen fr\u00f6hlich in einer nostalgischen Welt mit Fr\u00fchlingsgef\u00fchlen. Er ist ideal als Blickfang auf Ihrem Ostertisch, als Dekorationsidee und als charmantes Geschenk. Mit ihrer nostalgischen Form erinnert diese mittelgro\u00dfe Schale an die Osterk\u00f6rbe vergangener Zeiten und wird sicherlich zu einem Schl\u00fcsselelement Ihrer Osterdekoration werden. Feiern Sie Ostern mit den sch\u00f6n nostalgischen St\u00fccken von Villeroy &amp; Boch.    <\/p>\n<p>&nbsp;<\/p>\n","protected":false},"excerpt":{"rendered":"<p><strong>Spring Fantasy flache Schale<br \/>\nMittlere Gr\u00f6\u00dfe, Max<br \/>\n<\/strong>MATERIAL: Premium Porcelain<br \/>\nDURCHMESSER: ca. 240 mm<br \/>\nFARBE: mehrfarbig<br \/>\nSP\u00dcLMASCHINENGARANTIE: Nein<br \/>\nMIKROWELLENKOMPATIBEL: Ja<br \/>\nGESCHENKVERPACKUNG: kostenlos, auf Anfrage<br \/>\nREF. ARTIKEL: 1486443827 <\/p>\n<p>&nbsp;<\/p>\n","protected":false},"featured_media":15803,"template":"","meta":[],"location":[1215],"product_brand":[],"product_cat":[1354,740,1310,2287,1309],"product_tag":[743,2370,2312],"class_list":{"0":"post-15801","1":"product","2":"type-product","3":"status-publish","4":"has-post-thumbnail","6":"location-08-3","7":"product_cat-art-de-la-table-de","8":"product_cat-fruehling","9":"product_cat-ostern","10":"product_cat-teller-de","11":"product_cat-villeroy-boch-de","12":"product_tag-decoration-de","13":"product_tag-hohle-platte","14":"product_tag-teller-de","16":"first","17":"instock","18":"shipping-taxable","19":"purchasable","20":"product-type-simple"},"supplier_id":9071,"supplier_sku":"1486443827","barcode":"4003686387119","atum_controlled":true,"out_stock_date":null,"out_stock_threshold":null,"inheritable":false,"inbound_stock":0,"stock_on_hold":0,"sold_today":0,"sales_last_days":0,"reserved_stock":0,"customer_returns":0,"warehouse_damage":0,"lost_in_post":0,"other_logs":0,"out_stock_days":0,"lost_sales":0,"has_location":false,"update_date":"2025-07-19T06:26:23","atum_locations":[{"id":846,"name":"083","slug":"083"}],"atum_stock_status":"instock","restock_status":false,"low_stock_amount":"","sales_update_date":"2025-07-19T06:26:23","calc_backorders":0,"locations":[],"_links":{"self":[{"href":"https:\/\/delices.lu\/de\/wp-json\/wp\/v2\/product\/15801","targetHints":{"allow":["GET"]}}],"collection":[{"href":"https:\/\/delices.lu\/de\/wp-json\/wp\/v2\/product"}],"about":[{"href":"https:\/\/delices.lu\/de\/wp-json\/wp\/v2\/types\/product"}],"wp:featuredmedia":[{"embeddable":true,"href":"https:\/\/delices.lu\/de\/wp-json\/wp\/v2\/media\/15803"}],"wp:attachment":[{"href":"https:\/\/delices.lu\/de\/wp-json\/wp\/v2\/media?parent=15801"}],"wp:term":[{"taxonomy":"location","embeddable":true,"href":"https:\/\/delices.lu\/de\/wp-json\/wp\/v2\/location?post=15801"},{"taxonomy":"product_brand","embeddable":true,"href":"https:\/\/delices.lu\/de\/wp-json\/wp\/v2\/product_brand?post=15801"},{"taxonomy":"product_cat","embeddable":true,"href":"https:\/\/delices.lu\/de\/wp-json\/wp\/v2\/product_cat?post=15801"},{"taxonomy":"product_tag","embeddable":true,"href":"https:\/\/delices.lu\/de\/wp-json\/wp\/v2\/product_tag?post=15801"}],"curies":[{"name":"wp","href":"https:\/\/api.w.org\/{rel}","templated":true}]}}