{"id":15802,"date":"2024-04-16T00:00:12","date_gmt":"2025-03-20T10:52:18","guid":{"rendered":"https:\/\/delices.lu\/produit\/eierkocher\/"},"modified":"2025-03-20T11:52:18","modified_gmt":"2025-03-20T10:52:18","slug":"eierkocher","status":"publish","type":"product","link":"https:\/\/delices.lu\/de\/produit\/eierkocher\/","title":{"rendered":"Eierkocher"},"content":{"rendered":"<p><strong>Blumenvase in h\u00fcbscher Eiform<\/strong><br \/>\nWillkommen in der Welt der Osterzeit voller Poesie mit Villeroy &amp; Boch! In den detailreichen Motiven unserer Spring Fantasy-Kollektion tummeln sich besondere Osterhasen fr\u00f6hlich in einer nostalgischen Welt mit Fr\u00fchlingsgef\u00fchlen. Sie ist ideal als Blickfang auf Ihrem Ostertisch, als dekorative Idee und als charmantes Geschenk. Ob Narzissen, Tulpen oder andere Fr\u00fchlingsblumen, zu Ostern wollen wir den Fr\u00fchling in unser Haus holen. Mit dieser eif\u00f6rmigen Vase ist dies auf besonders charmante Weise m\u00f6glich, denn dank des perforierten Deckels kann jede Blume wundersch\u00f6n pr\u00e4sentiert werden. Feiern Sie Ostern mit den sch\u00f6n nostalgischen St\u00fccken von Villeroy &amp; Boch.<\/p>\n","protected":false},"excerpt":{"rendered":"<p><strong>Spring Fantasy Vase in Eiform<br \/>\nEmma und Paul<br \/>\n<\/strong>MATERIAL: Premium Porcelain<br \/>\nGR\u00d6\u00dfE: ca. 2800 ml<br \/>\nFARBE: gelb gr\u00fcn<br \/>\nGARANTIERT SP\u00dcLMASCHINENGARANTIE: Nicht<br \/>\nMIKROWELLENKOMPATIBEL: Nicht<br \/>\nGESCHENKVERPACKUNG: kostenlos, auf Anfrage<br \/>\nREF. ARTIKEL: 1486445207<\/p>\n<p>&nbsp;<\/p>\n","protected":false},"featured_media":15806,"template":"","meta":[],"location":[986],"product_brand":[],"product_cat":[1311,740,1310,2333,1309],"product_tag":[1314,2405],"class_list":{"0":"post-15802","1":"product","2":"type-product","3":"status-publish","4":"has-post-thumbnail","6":"location-08-5","7":"product_cat-dekoration","8":"product_cat-fruehling","9":"product_cat-ostern","10":"product_cat-vase-de","11":"product_cat-villeroy-boch-de","12":"product_tag-oeuf-de","13":"product_tag-vase-de","15":"first","16":"instock","17":"shipping-taxable","18":"purchasable","19":"product-type-simple"},"supplier_id":9071,"supplier_sku":"1486445207","barcode":"4003686387133","atum_controlled":true,"out_stock_date":null,"out_stock_threshold":null,"inheritable":false,"inbound_stock":0,"stock_on_hold":0,"sold_today":0,"sales_last_days":0,"reserved_stock":0,"customer_returns":0,"warehouse_damage":null,"lost_in_post":0,"other_logs":0,"out_stock_days":0,"lost_sales":0,"has_location":false,"update_date":"2025-07-19T06:26:23","atum_locations":[{"id":848,"name":"085","slug":"085"}],"atum_stock_status":"instock","restock_status":false,"low_stock_amount":"","sales_update_date":"2025-07-19T06:26:23","calc_backorders":0,"locations":[],"_links":{"self":[{"href":"https:\/\/delices.lu\/de\/wp-json\/wp\/v2\/product\/15802","targetHints":{"allow":["GET"]}}],"collection":[{"href":"https:\/\/delices.lu\/de\/wp-json\/wp\/v2\/product"}],"about":[{"href":"https:\/\/delices.lu\/de\/wp-json\/wp\/v2\/types\/product"}],"wp:featuredmedia":[{"embeddable":true,"href":"https:\/\/delices.lu\/de\/wp-json\/wp\/v2\/media\/15806"}],"wp:attachment":[{"href":"https:\/\/delices.lu\/de\/wp-json\/wp\/v2\/media?parent=15802"}],"wp:term":[{"taxonomy":"location","embeddable":true,"href":"https:\/\/delices.lu\/de\/wp-json\/wp\/v2\/location?post=15802"},{"taxonomy":"product_brand","embeddable":true,"href":"https:\/\/delices.lu\/de\/wp-json\/wp\/v2\/product_brand?post=15802"},{"taxonomy":"product_cat","embeddable":true,"href":"https:\/\/delices.lu\/de\/wp-json\/wp\/v2\/product_cat?post=15802"},{"taxonomy":"product_tag","embeddable":true,"href":"https:\/\/delices.lu\/de\/wp-json\/wp\/v2\/product_tag?post=15802"}],"curies":[{"name":"wp","href":"https:\/\/api.w.org\/{rel}","templated":true}]}}