{"id":15810,"date":"2024-04-11T00:00:43","date_gmt":"2025-03-20T10:52:19","guid":{"rendered":"https:\/\/delices.lu\/produit\/osterei-schachtel-anna\/"},"modified":"2025-03-20T11:52:19","modified_gmt":"2025-03-20T10:52:19","slug":"osterei-schachtel-anna","status":"publish","type":"product","link":"https:\/\/delices.lu\/de\/produit\/osterei-schachtel-anna\/","title":{"rendered":"Osterei-Schachtel, Anna"},"content":{"rendered":"<p><strong>Eine sch\u00f6ne Note f\u00fcr Ihre Osterdekoration<\/strong><br \/>\nM\u00f6chten Sie Ihr Zuhause zu Ostern mit einem Hauch von Nostalgie dekorieren oder Ihren Lieben ein Geschenk von Herzen machen? Mit unserer Bunny Tales Kollektion ist das ganz einfach. Diese wundersch\u00f6nen Porzellanfiguren und Ornamente greifen viele der Motive der Spring Fantasy Kollektion auf und lassen sich daher wunderbar mit dieser kombinieren. Der niedliche Osterhase Anna gibt dem gro\u00dfen Osterei den letzten Schliff. Der Deckel kann abgenommen werden und das Ei ist ein kleines Osterversteck. Dieses St\u00fcck ist ideal als Dekoration, Sammlerst\u00fcck oder bezauberndes Geschenk. Schaffen Sie eine wunderbare Osterstimmung in Ihrem Zuhause.      <\/p>\n","protected":false},"excerpt":{"rendered":"<p><strong>Bunny Tales<br \/>\n<\/strong><strong>Osterei-Dose, Anna<br \/>\n<\/strong>MATERIAL: Porzellan<br \/>\nGR\u00d6\u00dfE: ca. 90 ml<br \/>\nFARBE: mehrfarbig, zartrosa<br \/>\nGARANTIERT SP\u00dcLMASCHINENGARANTIE: Nicht<br \/>\nMIKROWELLENKOMPATIBEL: Nicht<br \/>\nGESCHENKVERPACKUNG: kostenlos, auf Anfrage<br \/>\nREF. ARTIKEL: 1486626487 <\/p>\n","protected":false},"featured_media":15812,"template":"","meta":[],"location":[],"product_brand":[],"product_cat":[2491,1311,740,1310,1309],"product_tag":[2492,743,1314],"class_list":{"0":"post-15810","1":"product","2":"type-product","3":"status-publish","4":"has-post-thumbnail","6":"product_cat-box","7":"product_cat-dekoration","8":"product_cat-fruehling","9":"product_cat-ostern","10":"product_cat-villeroy-boch-de","11":"product_tag-box","12":"product_tag-decoration-de","13":"product_tag-oeuf-de","15":"first","16":"instock","17":"shipping-taxable","18":"purchasable","19":"product-type-simple"},"supplier_id":9071,"supplier_sku":"1486626487","barcode":"4003686387027","atum_controlled":true,"out_stock_date":"2024-08-24 11:30:03","out_stock_threshold":null,"inheritable":false,"inbound_stock":0,"stock_on_hold":0,"sold_today":0,"sales_last_days":0,"reserved_stock":0,"customer_returns":0,"warehouse_damage":null,"lost_in_post":0,"other_logs":0,"out_stock_days":328,"lost_sales":0,"has_location":false,"update_date":"2025-07-19T06:26:43","atum_locations":[],"atum_stock_status":"onbackorder","restock_status":false,"low_stock_amount":"","sales_update_date":"2025-07-19T06:26:43","calc_backorders":0,"locations":[],"_links":{"self":[{"href":"https:\/\/delices.lu\/de\/wp-json\/wp\/v2\/product\/15810","targetHints":{"allow":["GET"]}}],"collection":[{"href":"https:\/\/delices.lu\/de\/wp-json\/wp\/v2\/product"}],"about":[{"href":"https:\/\/delices.lu\/de\/wp-json\/wp\/v2\/types\/product"}],"wp:featuredmedia":[{"embeddable":true,"href":"https:\/\/delices.lu\/de\/wp-json\/wp\/v2\/media\/15812"}],"wp:attachment":[{"href":"https:\/\/delices.lu\/de\/wp-json\/wp\/v2\/media?parent=15810"}],"wp:term":[{"taxonomy":"location","embeddable":true,"href":"https:\/\/delices.lu\/de\/wp-json\/wp\/v2\/location?post=15810"},{"taxonomy":"product_brand","embeddable":true,"href":"https:\/\/delices.lu\/de\/wp-json\/wp\/v2\/product_brand?post=15810"},{"taxonomy":"product_cat","embeddable":true,"href":"https:\/\/delices.lu\/de\/wp-json\/wp\/v2\/product_cat?post=15810"},{"taxonomy":"product_tag","embeddable":true,"href":"https:\/\/delices.lu\/de\/wp-json\/wp\/v2\/product_tag?post=15810"}],"curies":[{"name":"wp","href":"https:\/\/api.w.org\/{rel}","templated":true}]}}