{"id":15811,"date":"2025-04-08T00:00:20","date_gmt":"2025-03-20T10:52:19","guid":{"rendered":"https:\/\/delices.lu\/produit\/kleiner-becher\/"},"modified":"2025-03-20T11:52:19","modified_gmt":"2025-03-20T10:52:19","slug":"kleiner-becher","status":"publish","type":"product","link":"https:\/\/delices.lu\/de\/produit\/kleiner-becher\/","title":{"rendered":"Kleiner Becher"},"content":{"rendered":"<div class=\"col-12 value content\">\n<h3>Kleine Schale f\u00fcr Desserts oder Salate<\/h3>\n<\/div>\n<div class=\"col-12 value content\">\n<p>Willkommen in der Welt der poetischen Osterzeit mit Villeroy &amp; Boch! In den detailreichen Motiven unserer Spring Fantasy Kollektion tummeln sich besondere Osterhasen fr\u00f6hlich in einer nostalgischen Welt mit fr\u00fchlingshaftem Flair. Sie ist ideal als Blickfang auf Ihrem Ostertisch, als dekorative Idee und als bezauberndes Geschenk. Diese kleine Schale ist sorgf\u00e4ltig mit einem Blumenmuster am Rand verziert. In der Mitte befinden sich die Hasen Anna und Paul. Sie eignet sich f\u00fcr ein gem\u00fctliches Fr\u00fchst\u00fcck oder als Dekoration. Feiern Sie Ostern mit den sch\u00f6n nostalgischen St\u00fccken von Villeroy &amp; Boch.      <\/p>\n<\/div>\n","protected":false},"excerpt":{"rendered":"<p><strong>Spring Fantasy kleine Schale<br \/>\nAnna und Paul, 16 cm, mehrfarbig<br \/>\n<\/strong>MATERIAL: Premium Porcelain<br \/>\nDURCHMESSER: ca. 160 mm<br \/>\nGR\u00d6\u00dfE: ca. 150 ml<br \/>\nFARBE: gr\u00fcn, wei\u00df<br \/>\nGARANTIERT SP\u00dcLGER\u00c4T: Nein<br \/>\nMIKROWELLENKOMPATIBEL: Ja<br \/>\nGESCHENKVERPACKUNG: kostenlos, auf Anfrage<br \/>\nREF. ARTIKEL: 1486443875 <\/p>\n<p>&nbsp;<\/p>\n","protected":false},"featured_media":15816,"template":"","meta":[],"location":[985],"product_brand":[],"product_cat":[1354,1356,1311,740,1310,1309],"product_tag":[1358,743],"class_list":{"0":"post-15811","1":"product","2":"type-product","3":"status-publish","4":"has-post-thumbnail","6":"location-08-4","7":"product_cat-art-de-la-table-de","8":"product_cat-coupe-de","9":"product_cat-dekoration","10":"product_cat-fruehling","11":"product_cat-ostern","12":"product_cat-villeroy-boch-de","13":"product_tag-coupe-de","14":"product_tag-decoration-de","16":"first","17":"instock","18":"shipping-taxable","19":"purchasable","20":"product-type-simple"},"supplier_id":9071,"supplier_sku":"1486443875","barcode":"4003686409491","atum_controlled":true,"out_stock_date":null,"out_stock_threshold":null,"inheritable":false,"inbound_stock":0,"stock_on_hold":0,"sold_today":0,"sales_last_days":0,"reserved_stock":0,"customer_returns":0,"warehouse_damage":null,"lost_in_post":0,"other_logs":0,"out_stock_days":0,"lost_sales":0,"has_location":false,"update_date":"2025-07-19T06:26:48","atum_locations":[{"id":847,"name":"084","slug":"084"}],"atum_stock_status":"instock","restock_status":false,"low_stock_amount":"","sales_update_date":"2025-07-19T06:26:48","calc_backorders":0,"locations":[],"_links":{"self":[{"href":"https:\/\/delices.lu\/de\/wp-json\/wp\/v2\/product\/15811","targetHints":{"allow":["GET"]}}],"collection":[{"href":"https:\/\/delices.lu\/de\/wp-json\/wp\/v2\/product"}],"about":[{"href":"https:\/\/delices.lu\/de\/wp-json\/wp\/v2\/types\/product"}],"wp:featuredmedia":[{"embeddable":true,"href":"https:\/\/delices.lu\/de\/wp-json\/wp\/v2\/media\/15816"}],"wp:attachment":[{"href":"https:\/\/delices.lu\/de\/wp-json\/wp\/v2\/media?parent=15811"}],"wp:term":[{"taxonomy":"location","embeddable":true,"href":"https:\/\/delices.lu\/de\/wp-json\/wp\/v2\/location?post=15811"},{"taxonomy":"product_brand","embeddable":true,"href":"https:\/\/delices.lu\/de\/wp-json\/wp\/v2\/product_brand?post=15811"},{"taxonomy":"product_cat","embeddable":true,"href":"https:\/\/delices.lu\/de\/wp-json\/wp\/v2\/product_cat?post=15811"},{"taxonomy":"product_tag","embeddable":true,"href":"https:\/\/delices.lu\/de\/wp-json\/wp\/v2\/product_tag?post=15811"}],"curies":[{"name":"wp","href":"https:\/\/api.w.org\/{rel}","templated":true}]}}