{"id":15821,"date":"2024-04-11T00:00:36","date_gmt":"2025-03-20T10:52:19","guid":{"rendered":"https:\/\/delices.lu\/produit\/osterei-schachtel-max\/"},"modified":"2025-03-20T11:52:19","modified_gmt":"2025-03-20T10:52:19","slug":"osterei-schachtel-max","status":"publish","type":"product","link":"https:\/\/delices.lu\/de\/produit\/osterei-schachtel-max\/","title":{"rendered":"Osterei-Schachtel, Max"},"content":{"rendered":"<p><strong>Eine sch\u00f6ne Note f\u00fcr Ihre Osterdekoration<\/strong><br \/>\nM\u00f6chten Sie Ihr Zuhause zu Ostern mit einem Hauch von Nostalgie dekorieren oder Ihren Lieben ein Geschenk von Herzen machen? Mit unserer Bunny Tales Kollektion ist das ganz einfach. Dar\u00fcber hinaus enthalten diese wundersch\u00f6nen Porzellanfiguren und Ornamente viele der Motive aus der Spring Fantasy Kollektion und lassen sich daher wunderbar mit dieser kombinieren. Der lustige Osterhase Max knabbert an seiner Karotte, w\u00e4hrend er sich auf das gro\u00dfe Osterei st\u00fctzt. Der Deckel kann abgenommen werden und das Ei ist ein kleines Osterversteck. Dieses St\u00fcck ist ideal als Dekoration, Sammlerst\u00fcck oder bezauberndes Geschenk. Schaffen Sie eine wunderbare Osterstimmung in Ihrem Zuhause.      <\/p>\n","protected":false},"excerpt":{"rendered":"<p><strong>Bunny Tales, Osterei-Schachtel<br \/>\nMax mit Karotte, 11 x 6,5 x 9,5 cm,<br \/>\n<\/strong>MATERIAL: Porzellan<br \/>\nGR\u00d6\u00dfE: ca. 90 ml<br \/>\nFARBE: mehrfarbig, gr\u00fcn, orange<br \/>\nGARANTIERT SP\u00dcLGER\u00c4T: Nicht<br \/>\nMIKROWELLENKOMPATIBEL: Nicht<br \/>\nGESCHENKVERPACKUNG: kostenlos, auf Anfrage<br \/>\nREF. ARTIKEL: 1486626486 <\/p>\n","protected":false},"featured_media":15823,"template":"","meta":[],"location":[991],"product_brand":[],"product_cat":[2491,1311,740,1310,1309],"product_tag":[2492,743,1314],"class_list":{"0":"post-15821","1":"product","2":"type-product","3":"status-publish","4":"has-post-thumbnail","6":"location-09-5","7":"product_cat-box","8":"product_cat-dekoration","9":"product_cat-fruehling","10":"product_cat-ostern","11":"product_cat-villeroy-boch-de","12":"product_tag-box","13":"product_tag-decoration-de","14":"product_tag-oeuf-de","16":"first","17":"instock","18":"shipping-taxable","19":"purchasable","20":"product-type-simple"},"supplier_id":9071,"supplier_sku":"1486626486","barcode":"4003686387010","atum_controlled":true,"out_stock_date":null,"out_stock_threshold":null,"inheritable":false,"inbound_stock":0,"stock_on_hold":0,"sold_today":0,"sales_last_days":0,"reserved_stock":0,"customer_returns":0,"warehouse_damage":null,"lost_in_post":0,"other_logs":0,"out_stock_days":0,"lost_sales":0,"has_location":false,"update_date":"2025-07-19T06:26:23","atum_locations":[{"id":843,"name":"095","slug":"095"}],"atum_stock_status":"instock","restock_status":false,"low_stock_amount":"","sales_update_date":"2025-07-19T06:26:23","calc_backorders":0,"locations":[],"_links":{"self":[{"href":"https:\/\/delices.lu\/de\/wp-json\/wp\/v2\/product\/15821","targetHints":{"allow":["GET"]}}],"collection":[{"href":"https:\/\/delices.lu\/de\/wp-json\/wp\/v2\/product"}],"about":[{"href":"https:\/\/delices.lu\/de\/wp-json\/wp\/v2\/types\/product"}],"wp:featuredmedia":[{"embeddable":true,"href":"https:\/\/delices.lu\/de\/wp-json\/wp\/v2\/media\/15823"}],"wp:attachment":[{"href":"https:\/\/delices.lu\/de\/wp-json\/wp\/v2\/media?parent=15821"}],"wp:term":[{"taxonomy":"location","embeddable":true,"href":"https:\/\/delices.lu\/de\/wp-json\/wp\/v2\/location?post=15821"},{"taxonomy":"product_brand","embeddable":true,"href":"https:\/\/delices.lu\/de\/wp-json\/wp\/v2\/product_brand?post=15821"},{"taxonomy":"product_cat","embeddable":true,"href":"https:\/\/delices.lu\/de\/wp-json\/wp\/v2\/product_cat?post=15821"},{"taxonomy":"product_tag","embeddable":true,"href":"https:\/\/delices.lu\/de\/wp-json\/wp\/v2\/product_tag?post=15821"}],"curies":[{"name":"wp","href":"https:\/\/api.w.org\/{rel}","templated":true}]}}