{"id":15829,"date":"2025-03-22T00:00:03","date_gmt":"2025-03-20T10:52:20","guid":{"rendered":"https:\/\/delices.lu\/produit\/kleiner-teller\/"},"modified":"2025-03-20T11:52:20","modified_gmt":"2025-03-20T10:52:20","slug":"kleiner-teller","status":"publish","type":"product","link":"https:\/\/delices.lu\/de\/produit\/kleiner-teller\/","title":{"rendered":"Kleiner Teller"},"content":{"rendered":"<p><strong>Ein kleiner Teller f\u00fcr Desserts oder Salate<\/strong><br \/>\nWillkommen in der Welt der poetischen Osterzeit mit Villeroy &amp; Boch! In den detailreichen Motiven unserer Spring Fantasy Kollektion tummeln sich besondere Osterhasen fr\u00f6hlich in einer nostalgischen Welt mit Fr\u00fchlingsgef\u00fchlen. Er ist ideal als Blickfang auf Ihrem Ostertisch, als Dekorationsidee und als charmantes Geschenk. Mit ihrer nostalgischen Form erinnert diese kleine Schale an die Osterk\u00f6rbe vergangener Zeiten und wird Ihr \u00f6sterlich dekoriertes Zuhause vervollst\u00e4ndigen.<br \/>\nFeiern Sie Ostern mit den sch\u00f6n nostalgischen St\u00fccken von Villeroy &amp; Boch.   <\/p>\n<p>&nbsp;<\/p>\n","protected":false},"excerpt":{"rendered":"<p><strong>Spring Fantasy kleine Schale<br \/>\n<\/strong>Hohl<strong>, Paul, 16 cm, mehrfarbig<br \/>\n<\/strong>MATERIAL: Premium Porcelain<br \/>\nDURCHMESSER: ca. 160 mm<br \/>\nFARBE: mehrfarbig<br \/>\nGARANTIERT SP\u00dcLGERECHT: Nein<br \/>\nMIKROWELLENKOMPATIBEL: Ja<br \/>\nREF. ARTIKEL: 1486443874 <\/p>\n<p>&nbsp;<\/p>\n","protected":false},"featured_media":15831,"template":"","meta":[],"location":[985],"product_brand":[],"product_cat":[1354,1356,740,1310,2287,1309],"product_tag":[743,1360,2312],"class_list":{"0":"post-15829","1":"product","2":"type-product","3":"status-publish","4":"has-post-thumbnail","6":"location-08-4","7":"product_cat-art-de-la-table-de","8":"product_cat-coupe-de","9":"product_cat-fruehling","10":"product_cat-ostern","11":"product_cat-teller-de","12":"product_cat-villeroy-boch-de","13":"product_tag-decoration-de","14":"product_tag-decors-de-paques-de","15":"product_tag-teller-de","17":"first","18":"instock","19":"shipping-taxable","20":"purchasable","21":"product-type-simple"},"supplier_id":9071,"supplier_sku":"1486443874","barcode":"4003686387126","atum_controlled":true,"out_stock_date":null,"out_stock_threshold":0,"inheritable":false,"inbound_stock":0,"stock_on_hold":0,"sold_today":0,"sales_last_days":0,"reserved_stock":0,"customer_returns":0,"warehouse_damage":0,"lost_in_post":0,"other_logs":0,"out_stock_days":0,"lost_sales":0,"has_location":false,"update_date":"2025-07-19T06:26:47","atum_locations":[{"id":847,"name":"084","slug":"084"}],"atum_stock_status":"instock","restock_status":false,"low_stock_amount":"","sales_update_date":"2025-07-19T06:26:47","calc_backorders":0,"locations":[],"_links":{"self":[{"href":"https:\/\/delices.lu\/de\/wp-json\/wp\/v2\/product\/15829","targetHints":{"allow":["GET"]}}],"collection":[{"href":"https:\/\/delices.lu\/de\/wp-json\/wp\/v2\/product"}],"about":[{"href":"https:\/\/delices.lu\/de\/wp-json\/wp\/v2\/types\/product"}],"wp:featuredmedia":[{"embeddable":true,"href":"https:\/\/delices.lu\/de\/wp-json\/wp\/v2\/media\/15831"}],"wp:attachment":[{"href":"https:\/\/delices.lu\/de\/wp-json\/wp\/v2\/media?parent=15829"}],"wp:term":[{"taxonomy":"location","embeddable":true,"href":"https:\/\/delices.lu\/de\/wp-json\/wp\/v2\/location?post=15829"},{"taxonomy":"product_brand","embeddable":true,"href":"https:\/\/delices.lu\/de\/wp-json\/wp\/v2\/product_brand?post=15829"},{"taxonomy":"product_cat","embeddable":true,"href":"https:\/\/delices.lu\/de\/wp-json\/wp\/v2\/product_cat?post=15829"},{"taxonomy":"product_tag","embeddable":true,"href":"https:\/\/delices.lu\/de\/wp-json\/wp\/v2\/product_tag?post=15829"}],"curies":[{"name":"wp","href":"https:\/\/api.w.org\/{rel}","templated":true}]}}