{"id":15836,"date":"2024-04-16T00:00:51","date_gmt":"2025-03-20T10:52:29","guid":{"rendered":"https:\/\/delices.lu\/produit\/max-grosses-format\/"},"modified":"2025-03-20T11:52:29","modified_gmt":"2025-03-20T10:52:29","slug":"max-grosses-format","status":"publish","type":"product","link":"https:\/\/delices.lu\/de\/produit\/max-grosses-format\/","title":{"rendered":"Max, gro\u00dfes Format"},"content":{"rendered":"<p><strong>Feiern Sie Ostern mit einer handbemalten Dekoration.<\/strong><br \/>\nMit den Bunny Tales-Figuren erleben Sie die Geschichte von Hans, dem Hasengro\u00dfvater, der seinen Enkeln Anna, Max und dem j\u00fcngsten Enkel Paul zeigt, wie man Eier bemalt. Diese gro\u00dfe, handbemalte Figur des Hasen Max kann als charmante Osterdekoration auf dem gedeckten Tisch oder zwischen fr\u00fchlingshaften Arrangements verwendet werden. Lassen Sie sich von Ostern verzaubern.<\/p>\n","protected":false},"excerpt":{"rendered":"<p><strong>Bunny Tales Max<br \/>\nGro\u00dfformat, 22 cm<\/strong><br \/>\nMATERIAL: Porzellan<br \/>\nFARBE: mehrfarbig<br \/>\nGARANTIERT SP\u00dcLMASCHINENGARANTIE: Nicht<br \/>\nMIKROWELLENGER\u00c4TEKOMPATIBEL: Nicht<br \/>\nREF. ARTIKEL: 1486626326<\/p>\n","protected":false},"featured_media":15839,"template":"","meta":[],"location":[990,991],"product_brand":[],"product_cat":[1311,740,1310,1309],"product_tag":[743,2493],"class_list":{"0":"post-15836","1":"product","2":"type-product","3":"status-publish","4":"has-post-thumbnail","6":"location-09-4","7":"location-09-5","8":"product_cat-dekoration","9":"product_cat-fruehling","10":"product_cat-ostern","11":"product_cat-villeroy-boch-de","12":"product_tag-decoration-de","13":"product_tag-handbemalt","15":"first","16":"instock","17":"shipping-taxable","18":"purchasable","19":"product-type-simple"},"supplier_id":9071,"supplier_sku":"1486626326","barcode":"4003686356115","atum_controlled":true,"out_stock_date":null,"out_stock_threshold":null,"inheritable":false,"inbound_stock":0,"stock_on_hold":0,"sold_today":0,"sales_last_days":0,"reserved_stock":0,"customer_returns":0,"warehouse_damage":null,"lost_in_post":0,"other_logs":0,"out_stock_days":0,"lost_sales":0,"has_location":false,"update_date":"2025-07-19T06:26:23","atum_locations":[{"id":842,"name":"094","slug":"094"},{"id":843,"name":"095","slug":"095"}],"atum_stock_status":"instock","restock_status":false,"low_stock_amount":"","sales_update_date":"2025-07-19T06:26:23","calc_backorders":0,"locations":[],"_links":{"self":[{"href":"https:\/\/delices.lu\/de\/wp-json\/wp\/v2\/product\/15836","targetHints":{"allow":["GET"]}}],"collection":[{"href":"https:\/\/delices.lu\/de\/wp-json\/wp\/v2\/product"}],"about":[{"href":"https:\/\/delices.lu\/de\/wp-json\/wp\/v2\/types\/product"}],"wp:featuredmedia":[{"embeddable":true,"href":"https:\/\/delices.lu\/de\/wp-json\/wp\/v2\/media\/15839"}],"wp:attachment":[{"href":"https:\/\/delices.lu\/de\/wp-json\/wp\/v2\/media?parent=15836"}],"wp:term":[{"taxonomy":"location","embeddable":true,"href":"https:\/\/delices.lu\/de\/wp-json\/wp\/v2\/location?post=15836"},{"taxonomy":"product_brand","embeddable":true,"href":"https:\/\/delices.lu\/de\/wp-json\/wp\/v2\/product_brand?post=15836"},{"taxonomy":"product_cat","embeddable":true,"href":"https:\/\/delices.lu\/de\/wp-json\/wp\/v2\/product_cat?post=15836"},{"taxonomy":"product_tag","embeddable":true,"href":"https:\/\/delices.lu\/de\/wp-json\/wp\/v2\/product_tag?post=15836"}],"curies":[{"name":"wp","href":"https:\/\/api.w.org\/{rel}","templated":true}]}}