{"id":15845,"date":"2024-04-16T00:00:42","date_gmt":"2025-03-20T10:52:30","guid":{"rendered":"https:\/\/delices.lu\/produit\/mama-emma-grosses-format\/"},"modified":"2025-03-20T11:52:30","modified_gmt":"2025-03-20T10:52:30","slug":"mama-emma-grosses-format","status":"publish","type":"product","link":"https:\/\/delices.lu\/de\/produit\/mama-emma-grosses-format\/","title":{"rendered":"Mama Emma, gro\u00dfes Format"},"content":{"rendered":"<p><strong>Feiern Sie Ostern mit einer handbemalten Dekoration<\/strong><br \/>\nMit den Bunny Tales Figuren erleben Sie die Geschichte von Hans, dem Hasen-Opa, der seinen Enkeln Anna, Max und dem j\u00fcngsten Enkel Paul zeigt, wie man Eier bemalt. Diese gro\u00dfe, handbemalte Figur des Hasen Mama Emma kann als charmante Osterdekoration auf dem gedeckten Tisch oder zwischen Fr\u00fchlingsarrangements verwendet werden. Lassen Sie sich von Ostern verzaubern.  <\/p>\n","protected":false},"excerpt":{"rendered":"<p><strong>Bunny Tales Mama Emma<br \/>\nGro\u00dfformat, 28 cm<\/strong><br \/>\n<strong>MATERIAL<\/strong>: Porzellan<br \/>\nFARBE: mehrfarbig<br \/>\nGARANTIERT SP\u00dcLMASCHINENGARANTIE: Nicht<br \/>\nMIKROWELLENKOMPATIBEL: Nicht<br \/>\nGESCHENKVERPACKUNG: Kostenlos, auf Anfrage<br \/>\nREF. ARTIKEL: 1486626325 <\/p>\n","protected":false},"featured_media":15847,"template":"","meta":[],"location":[989,991],"product_brand":[],"product_cat":[1311,740,1310,1309],"product_tag":[743,2493],"class_list":{"0":"post-15845","1":"product","2":"type-product","3":"status-publish","4":"has-post-thumbnail","6":"location-09-3","7":"location-09-5","8":"product_cat-dekoration","9":"product_cat-fruehling","10":"product_cat-ostern","11":"product_cat-villeroy-boch-de","12":"product_tag-decoration-de","13":"product_tag-handbemalt","15":"first","16":"instock","17":"shipping-taxable","18":"purchasable","19":"product-type-simple"},"supplier_id":9071,"supplier_sku":"1486626325","barcode":"4003686356108","atum_controlled":true,"out_stock_date":null,"out_stock_threshold":null,"inheritable":false,"inbound_stock":0,"stock_on_hold":0,"sold_today":0,"sales_last_days":0,"reserved_stock":0,"customer_returns":0,"warehouse_damage":null,"lost_in_post":0,"other_logs":0,"out_stock_days":0,"lost_sales":0,"has_location":false,"update_date":"2025-07-19T06:26:39","atum_locations":[{"id":841,"name":"093","slug":"093"},{"id":843,"name":"095","slug":"095"}],"atum_stock_status":"instock","restock_status":false,"low_stock_amount":"","sales_update_date":"2025-07-19T06:26:39","calc_backorders":0,"locations":[],"_links":{"self":[{"href":"https:\/\/delices.lu\/de\/wp-json\/wp\/v2\/product\/15845","targetHints":{"allow":["GET"]}}],"collection":[{"href":"https:\/\/delices.lu\/de\/wp-json\/wp\/v2\/product"}],"about":[{"href":"https:\/\/delices.lu\/de\/wp-json\/wp\/v2\/types\/product"}],"wp:featuredmedia":[{"embeddable":true,"href":"https:\/\/delices.lu\/de\/wp-json\/wp\/v2\/media\/15847"}],"wp:attachment":[{"href":"https:\/\/delices.lu\/de\/wp-json\/wp\/v2\/media?parent=15845"}],"wp:term":[{"taxonomy":"location","embeddable":true,"href":"https:\/\/delices.lu\/de\/wp-json\/wp\/v2\/location?post=15845"},{"taxonomy":"product_brand","embeddable":true,"href":"https:\/\/delices.lu\/de\/wp-json\/wp\/v2\/product_brand?post=15845"},{"taxonomy":"product_cat","embeddable":true,"href":"https:\/\/delices.lu\/de\/wp-json\/wp\/v2\/product_cat?post=15845"},{"taxonomy":"product_tag","embeddable":true,"href":"https:\/\/delices.lu\/de\/wp-json\/wp\/v2\/product_tag?post=15845"}],"curies":[{"name":"wp","href":"https:\/\/api.w.org\/{rel}","templated":true}]}}