{"id":15846,"date":"2024-04-13T00:00:42","date_gmt":"2025-03-20T10:52:30","guid":{"rendered":"https:\/\/delices.lu\/produit\/eierbecher-anna\/"},"modified":"2025-03-20T11:52:30","modified_gmt":"2025-03-20T10:52:30","slug":"eierbecher-anna","status":"publish","type":"product","link":"https:\/\/delices.lu\/de\/produit\/eierbecher-anna\/","title":{"rendered":"Eierbecher Anna"},"content":{"rendered":"<p><strong>Handbemalter Eierbecher f\u00fcr das Osterfr\u00fchst\u00fcck<\/strong><br \/>\nErleben Sie mit den Bunny Tales Figuren die Geschichte von Hans, dem Hasen-Opa, der seinen Enkeln Anna, Max und dem j\u00fcngsten Enkel Paul zeigt, wie man Eier bemalt. Dieser handbemalte Eierbecher mit dem Hasen Max Bunny Tales verleiht dem Osterfr\u00fchst\u00fcck oder dem gemeinsamen Brunch mit der Familie eine charmante Note. Lassen Sie sich von Ostern verzaubern.  <\/p>\n","protected":false},"excerpt":{"rendered":"<p><strong>Bunny Tales, Eierbecher Anna<\/strong><br \/>\nMATERIAL: Porzellan<br \/>\nFARBE: mehrfarbig<br \/>\nGARANTIERT SP\u00dcLMASCHINENGARANTIE: Nicht<br \/>\nMIKROWELLENKOMPATIBEL: Nicht<br \/>\nGESCHENKVERPACKUNG: kostenlos, auf Anfrage<br \/>\nREF. ARTIKEL: 1486621954 <\/p>\n","protected":false},"featured_media":15849,"template":"","meta":[],"location":[988],"product_brand":[],"product_cat":[1311,740,1310,1309],"product_tag":[2226,2493,2494,1314],"class_list":{"0":"post-15846","1":"product","2":"type-product","3":"status-publish","4":"has-post-thumbnail","6":"location-09-2","7":"product_cat-dekoration","8":"product_cat-fruehling","9":"product_cat-ostern","10":"product_cat-villeroy-boch-de","11":"product_tag-eierbecher","12":"product_tag-handbemalt","13":"product_tag-kaninchen","14":"product_tag-oeuf-de","16":"first","17":"instock","18":"shipping-taxable","19":"purchasable","20":"product-type-simple"},"supplier_id":9071,"supplier_sku":"1486621954","barcode":"4003686356092","atum_controlled":true,"out_stock_date":null,"out_stock_threshold":0,"inheritable":false,"inbound_stock":0,"stock_on_hold":0,"sold_today":0,"sales_last_days":0,"reserved_stock":0,"customer_returns":0,"warehouse_damage":null,"lost_in_post":0,"other_logs":0,"out_stock_days":0,"lost_sales":0,"has_location":false,"update_date":"2025-07-19T06:26:23","atum_locations":[{"id":840,"name":"092","slug":"092"}],"atum_stock_status":"instock","restock_status":false,"low_stock_amount":"","sales_update_date":"2025-07-19T06:26:23","calc_backorders":0,"locations":[],"_links":{"self":[{"href":"https:\/\/delices.lu\/de\/wp-json\/wp\/v2\/product\/15846","targetHints":{"allow":["GET"]}}],"collection":[{"href":"https:\/\/delices.lu\/de\/wp-json\/wp\/v2\/product"}],"about":[{"href":"https:\/\/delices.lu\/de\/wp-json\/wp\/v2\/types\/product"}],"wp:featuredmedia":[{"embeddable":true,"href":"https:\/\/delices.lu\/de\/wp-json\/wp\/v2\/media\/15849"}],"wp:attachment":[{"href":"https:\/\/delices.lu\/de\/wp-json\/wp\/v2\/media?parent=15846"}],"wp:term":[{"taxonomy":"location","embeddable":true,"href":"https:\/\/delices.lu\/de\/wp-json\/wp\/v2\/location?post=15846"},{"taxonomy":"product_brand","embeddable":true,"href":"https:\/\/delices.lu\/de\/wp-json\/wp\/v2\/product_brand?post=15846"},{"taxonomy":"product_cat","embeddable":true,"href":"https:\/\/delices.lu\/de\/wp-json\/wp\/v2\/product_cat?post=15846"},{"taxonomy":"product_tag","embeddable":true,"href":"https:\/\/delices.lu\/de\/wp-json\/wp\/v2\/product_tag?post=15846"}],"curies":[{"name":"wp","href":"https:\/\/api.w.org\/{rel}","templated":true}]}}