{"id":15895,"date":"2024-08-24T00:00:31","date_gmt":"2025-03-20T10:52:44","guid":{"rendered":"https:\/\/delices.lu\/produit\/schlittenfahrt-mit-dem-weihnachtsmann\/"},"modified":"2025-03-20T11:52:44","modified_gmt":"2025-03-20T10:52:44","slug":"schlittenfahrt-mit-dem-weihnachtsmann","status":"publish","type":"product","link":"https:\/\/delices.lu\/de\/produit\/schlittenfahrt-mit-dem-weihnachtsmann\/","title":{"rendered":"Schlittenfahrt mit dem Weihnachtsmann"},"content":{"rendered":"<p><strong>Spieluhr mit der Melodie &#8220;Santa Claus is coming to town&#8221;<\/strong><br \/>\nDie teilweise handgemalten Dekorationen der Christmas Toys Memory Kollektion erinnern an die Zeit, als der Weihnachtsmann noch die Spielsachen brachte. Die Rentiere ziehen den Schlitten des Weihnachtsmannes f\u00fcr eine wundersch\u00f6ne festliche Dekoration und auf ihrem R\u00fccken verbreiten kleine Kerzen ein gem\u00fctliches Licht. Diese Spieluhr spielt &#8220;Santa Claus is coming to town&#8221;. Erleben Sie Weihnachten mit Kinderaugen.   <\/p>\n","protected":false},"excerpt":{"rendered":"<p><strong>Christmas Toys Memory  <\/strong><br \/>\n<strong>Schlittenfahrt<\/strong><br \/>\nMaterial: Hochwertiges Porzellan<br \/>\nMa\u00dfe: 22 x 70 x 16cm<br \/>\nGewicht: ca. 5,37 kg<br \/>\nMehrfarbig<br \/>\nArtikelnummer 1486026500 <\/p>\n","protected":false},"featured_media":15897,"template":"","meta":[],"location":[959,890],"product_brand":[],"product_cat":[1311,2480,1309,2230],"product_tag":[743,2481,2508,2506,2233,2454],"class_list":{"0":"post-15895","1":"product","2":"type-product","3":"status-publish","4":"has-post-thumbnail","6":"location-0-shop","7":"location-13-1","8":"product_cat-dekoration","9":"product_cat-musikbox","10":"product_cat-villeroy-boch-de","11":"product_cat-weihnachten","12":"product_tag-decoration-de","13":"product_tag-musikbox","14":"product_tag-rennes-de","15":"product_tag-schlitten","16":"product_tag-weihnachtsdekorationen","17":"product_tag-weihnachtsmann","19":"first","20":"instock","21":"sold-individually","22":"shipping-taxable","23":"purchasable","24":"product-type-simple"},"supplier_id":9071,"supplier_sku":"1486026500","barcode":"4003683498337","atum_controlled":true,"out_stock_date":null,"out_stock_threshold":null,"inheritable":false,"inbound_stock":0,"stock_on_hold":0,"sold_today":0,"sales_last_days":0,"reserved_stock":null,"customer_returns":null,"warehouse_damage":null,"lost_in_post":null,"other_logs":null,"out_stock_days":0,"lost_sales":0,"has_location":false,"update_date":"2025-07-19T06:26:36","atum_locations":[{"id":960,"name":"0 SHOP","slug":"0-shop"},{"id":819,"name":"131","slug":"131"}],"atum_stock_status":"instock","restock_status":false,"low_stock_amount":"","sales_update_date":"2025-07-19T06:26:36","calc_backorders":0,"locations":[],"_links":{"self":[{"href":"https:\/\/delices.lu\/de\/wp-json\/wp\/v2\/product\/15895","targetHints":{"allow":["GET"]}}],"collection":[{"href":"https:\/\/delices.lu\/de\/wp-json\/wp\/v2\/product"}],"about":[{"href":"https:\/\/delices.lu\/de\/wp-json\/wp\/v2\/types\/product"}],"wp:featuredmedia":[{"embeddable":true,"href":"https:\/\/delices.lu\/de\/wp-json\/wp\/v2\/media\/15897"}],"wp:attachment":[{"href":"https:\/\/delices.lu\/de\/wp-json\/wp\/v2\/media?parent=15895"}],"wp:term":[{"taxonomy":"location","embeddable":true,"href":"https:\/\/delices.lu\/de\/wp-json\/wp\/v2\/location?post=15895"},{"taxonomy":"product_brand","embeddable":true,"href":"https:\/\/delices.lu\/de\/wp-json\/wp\/v2\/product_brand?post=15895"},{"taxonomy":"product_cat","embeddable":true,"href":"https:\/\/delices.lu\/de\/wp-json\/wp\/v2\/product_cat?post=15895"},{"taxonomy":"product_tag","embeddable":true,"href":"https:\/\/delices.lu\/de\/wp-json\/wp\/v2\/product_tag?post=15895"}],"curies":[{"name":"wp","href":"https:\/\/api.w.org\/{rel}","templated":true}]}}