{"id":15902,"date":"2024-08-25T00:00:31","date_gmt":"2025-03-20T10:52:45","guid":{"rendered":"https:\/\/delices.lu\/produit\/weihnachtsmann-drehung-spieluhr-2\/"},"modified":"2025-03-20T11:52:45","modified_gmt":"2025-03-20T10:52:45","slug":"weihnachtsmann-drehung-spieluhr-2","status":"publish","type":"product","link":"https:\/\/delices.lu\/de\/produit\/weihnachtsmann-drehung-spieluhr-2\/","title":{"rendered":"Weihnachtsmann, Drehung, Spieluhr"},"content":{"rendered":"<p><strong>Drehbare Weihnachtsmannfigur aus Porzellan mit Spieluhr<\/strong><br \/>\nChristmas Toy&#8217;s Memory ist Teil der umfangreichen Weihnachtswelt von Villeroy &amp; Boch. In dieser Kollektion vereinen sich nostalgische Momente und detailreiches Design in einem festlichen Wunderland. Sie ist die ideale Erg\u00e4nzung f\u00fcr Ihr festliches Interieur, zum Sammeln und Kombinieren. Diese gro\u00dfe, sich drehende Weihnachtsmannfigur ist eine Augen- und Ohrenweide, da sie eine hochwertige Spieluhr verbirgt. Sie spielt die Melodie &#8220;Santa Claus is coming to town&#8221;. Dekorieren Sie Ihr Zuhause auf festliche Weise.     <\/p>\n","protected":false},"excerpt":{"rendered":"<p><strong>Christmas Toy&#8217;s Memory Drehbarer Weihnachtsmann<\/strong><br \/>\nMaterial: Hochwertiges Porzellan<br \/>\nGr\u00f6\u00dfe: 17,5 x 20 x 34 cm<br \/>\nGewicht: ca. 2,4 kg<br \/>\nRot<br \/>\nArtikelnummer 1486026547 <\/p>\n","protected":false},"featured_media":15904,"template":"","meta":[],"location":[905],"product_brand":[],"product_cat":[1311,2480,1309,2230],"product_tag":[2481,2482,2454],"class_list":{"0":"post-15902","1":"product","2":"type-product","3":"status-publish","4":"has-post-thumbnail","6":"location-16-1","7":"product_cat-dekoration","8":"product_cat-musikbox","9":"product_cat-villeroy-boch-de","10":"product_cat-weihnachten","11":"product_tag-musikbox","12":"product_tag-wechselnd","13":"product_tag-weihnachtsmann","15":"first","16":"instock","17":"shipping-taxable","18":"purchasable","19":"product-type-simple"},"supplier_id":9071,"supplier_sku":"1486026547","barcode":"4003686357846","atum_controlled":true,"out_stock_date":null,"out_stock_threshold":null,"inheritable":false,"inbound_stock":0,"stock_on_hold":0,"sold_today":0,"sales_last_days":0,"reserved_stock":null,"customer_returns":null,"warehouse_damage":null,"lost_in_post":null,"other_logs":null,"out_stock_days":0,"lost_sales":0,"has_location":true,"update_date":"2025-07-19T06:26:32","atum_locations":[{"id":804,"name":"161","slug":"161"}],"atum_stock_status":"instock","restock_status":false,"low_stock_amount":"","sales_update_date":"2025-07-19T06:26:32","calc_backorders":0,"locations":[],"_links":{"self":[{"href":"https:\/\/delices.lu\/de\/wp-json\/wp\/v2\/product\/15902","targetHints":{"allow":["GET"]}}],"collection":[{"href":"https:\/\/delices.lu\/de\/wp-json\/wp\/v2\/product"}],"about":[{"href":"https:\/\/delices.lu\/de\/wp-json\/wp\/v2\/types\/product"}],"wp:featuredmedia":[{"embeddable":true,"href":"https:\/\/delices.lu\/de\/wp-json\/wp\/v2\/media\/15904"}],"wp:attachment":[{"href":"https:\/\/delices.lu\/de\/wp-json\/wp\/v2\/media?parent=15902"}],"wp:term":[{"taxonomy":"location","embeddable":true,"href":"https:\/\/delices.lu\/de\/wp-json\/wp\/v2\/location?post=15902"},{"taxonomy":"product_brand","embeddable":true,"href":"https:\/\/delices.lu\/de\/wp-json\/wp\/v2\/product_brand?post=15902"},{"taxonomy":"product_cat","embeddable":true,"href":"https:\/\/delices.lu\/de\/wp-json\/wp\/v2\/product_cat?post=15902"},{"taxonomy":"product_tag","embeddable":true,"href":"https:\/\/delices.lu\/de\/wp-json\/wp\/v2\/product_tag?post=15902"}],"curies":[{"name":"wp","href":"https:\/\/api.w.org\/{rel}","templated":true}]}}