{"id":15903,"date":"2024-08-24T00:00:31","date_gmt":"2025-03-20T10:52:45","guid":{"rendered":"https:\/\/delices.lu\/produit\/la-boule-xmas\/"},"modified":"2025-03-20T11:52:45","modified_gmt":"2025-03-20T10:52:45","slug":"la-boule-xmas","status":"publish","type":"product","link":"https:\/\/delices.lu\/de\/produit\/la-boule-xmas\/","title":{"rendered":"La Boule Xmas"},"content":{"rendered":"<p><strong>Eine weihnachtliche Design-Ikone<\/strong><br \/>\nMit der Toy&#8217;s Delight-Kollektion schaffen Sie in Ihrem Zuhause eine Retro-Weihnachtsatmosph\u00e4re. Das Geschirr und die passenden dekorativen Accessoires sind mit fantasievollen Motiven verziert und wecken sch\u00f6ne Kindheitserinnerungen. Ideal zum Kombinieren, Sammeln und Verschenken. Durch die Kombination von Funktionalit\u00e4t und ikonischem Design ist diese Version von La Boule nicht nur ein Blickfang auf dem Tisch, sondern auch ein au\u00dfergew\u00f6hnliches Element in der Inneneinrichtung. La Boule besteht aus zwei tiefen Sch\u00fcsseln, zwei flachen Schalen und zwei Universaltellern sowie einer Servierplatte. Holen Sie sich die festliche Atmosph\u00e4re von Weihnachten auf den Tisch.     <\/p>\n<p>Das Set besteht aus :<\/p>\n<p>2x Sch\u00fcssel, 620ml<br \/>\n2x Sch\u00e4lchen, 500ml<br \/>\n2x Universalteller, 24cm<br \/>\n1x Servierteller, 23.9cm<\/p>\n","protected":false},"excerpt":{"rendered":"<p><strong>Toy&#8217;s Delight Die Kugel<\/strong><br \/>\nMaterial: Premium Porcelain<br \/>\nGewicht: ca. 4.14 kg<br \/>\ngarantiert sp\u00fclmaschinenfest<br \/>\nmikrowellengeeignet<br \/>\nGeschenkverpackung: kostenlos, auf Anfrage<br \/>\nArtikelnummer 1485859080 <\/p>\n","protected":false},"featured_media":15907,"template":"","meta":[],"location":[959,915],"product_brand":[],"product_cat":[1311,1309,2230],"product_tag":[743,2430,2431,2467],"class_list":{"0":"post-15903","1":"product","2":"type-product","3":"status-publish","4":"has-post-thumbnail","6":"location-0-shop","7":"location-18-1","8":"product_cat-dekoration","9":"product_cat-villeroy-boch-de","10":"product_cat-weihnachten","11":"product_tag-decoration-de","12":"product_tag-die-kugel","13":"product_tag-tischservice","14":"product_tag-xmas-de","16":"first","17":"instock","18":"shipping-taxable","19":"purchasable","20":"product-type-simple"},"supplier_id":9071,"supplier_sku":"1485859080","barcode":"4003686395305","atum_controlled":true,"out_stock_date":null,"out_stock_threshold":null,"inheritable":false,"inbound_stock":0,"stock_on_hold":0,"sold_today":0,"sales_last_days":0,"reserved_stock":null,"customer_returns":null,"warehouse_damage":null,"lost_in_post":null,"other_logs":null,"out_stock_days":0,"lost_sales":0,"has_location":false,"update_date":"2025-07-19T06:26:36","atum_locations":[{"id":960,"name":"0 SHOP","slug":"0-shop"},{"id":794,"name":"181","slug":"181"}],"atum_stock_status":"instock","restock_status":false,"low_stock_amount":"","sales_update_date":"2025-07-19T06:26:36","calc_backorders":0,"locations":[],"_links":{"self":[{"href":"https:\/\/delices.lu\/de\/wp-json\/wp\/v2\/product\/15903","targetHints":{"allow":["GET"]}}],"collection":[{"href":"https:\/\/delices.lu\/de\/wp-json\/wp\/v2\/product"}],"about":[{"href":"https:\/\/delices.lu\/de\/wp-json\/wp\/v2\/types\/product"}],"wp:featuredmedia":[{"embeddable":true,"href":"https:\/\/delices.lu\/de\/wp-json\/wp\/v2\/media\/15907"}],"wp:attachment":[{"href":"https:\/\/delices.lu\/de\/wp-json\/wp\/v2\/media?parent=15903"}],"wp:term":[{"taxonomy":"location","embeddable":true,"href":"https:\/\/delices.lu\/de\/wp-json\/wp\/v2\/location?post=15903"},{"taxonomy":"product_brand","embeddable":true,"href":"https:\/\/delices.lu\/de\/wp-json\/wp\/v2\/product_brand?post=15903"},{"taxonomy":"product_cat","embeddable":true,"href":"https:\/\/delices.lu\/de\/wp-json\/wp\/v2\/product_cat?post=15903"},{"taxonomy":"product_tag","embeddable":true,"href":"https:\/\/delices.lu\/de\/wp-json\/wp\/v2\/product_tag?post=15903"}],"curies":[{"name":"wp","href":"https:\/\/api.w.org\/{rel}","templated":true}]}}