{"id":15914,"date":"2024-08-24T00:00:31","date_gmt":"2025-03-20T10:52:46","guid":{"rendered":"https:\/\/delices.lu\/produit\/weihnachtsbaum-mit-spieluhr\/"},"modified":"2025-03-20T11:52:46","modified_gmt":"2025-03-20T10:52:46","slug":"weihnachtsbaum-mit-spieluhr","status":"publish","type":"product","link":"https:\/\/delices.lu\/de\/produit\/weihnachtsbaum-mit-spieluhr\/","title":{"rendered":"Weihnachtsbaum mit Spieluhr"},"content":{"rendered":"<p>Spieluhr <strong>mit Weihnachtsmelodien<\/strong><br \/>\nMit der Toy&#8217;s Delight Kollektion schaffen Sie in Ihrem Zuhause eine Retro-Weihnachtsatmosph\u00e4re. Das Geschirr ist mit fantasievollen Motiven in Rot, Gr\u00fcn und Wei\u00df verziert und weckt Kindheitserinnerungen. Zum Kombinieren, Sammeln und Verschenken. In diesem Weihnachtsbaum ist eine Spieluhr versteckt. Mit dem Klang von &#8220;Mein sch\u00f6ner Tannenbaum&#8221; verbreitet sie sofort eine ruhige Atmosph\u00e4re in Ihrem Zuhause. Verschenken Sie eine kleine, stilvolle Aufmerksamkeit.     <\/p>\n","protected":false},"excerpt":{"rendered":"<p>Toy&#8217;s Delight Weihnachtsbaum mit Spieluhr<br \/>\nMaterial: Premium Porcelain<br \/>\nH\u00f6he: 33 cm<br \/>\nGewicht: ca. 3,3 kg<br \/>\nGr\u00fcn<br \/>\nPreis inkl. MwSt., zzgl. Versandkosten nach Empf\u00e4nger<br \/>\nArtikelnummer 1485856885 <\/p>\n","protected":false},"featured_media":15917,"template":"","meta":[],"location":[959,913],"product_brand":[],"product_cat":[1311,1309,2230],"product_tag":[743,2481,2482,2509],"class_list":{"0":"post-15914","1":"product","2":"type-product","3":"status-publish","4":"has-post-thumbnail","6":"location-0-shop","7":"location-17-4","8":"product_cat-dekoration","9":"product_cat-villeroy-boch-de","10":"product_cat-weihnachten","11":"product_tag-decoration-de","12":"product_tag-musikbox","13":"product_tag-wechselnd","14":"product_tag-weihnachtsbaum","16":"first","17":"instock","18":"shipping-taxable","19":"purchasable","20":"product-type-simple"},"supplier_id":9071,"supplier_sku":"1485856885","barcode":"4003683495510","atum_controlled":true,"out_stock_date":null,"out_stock_threshold":null,"inheritable":false,"inbound_stock":0,"stock_on_hold":0,"sold_today":0,"sales_last_days":0,"reserved_stock":null,"customer_returns":null,"warehouse_damage":null,"lost_in_post":null,"other_logs":null,"out_stock_days":0,"lost_sales":0,"has_location":false,"update_date":"2025-07-19T06:26:36","atum_locations":[{"id":960,"name":"0 SHOP","slug":"0-shop"},{"id":802,"name":"174","slug":"174"}],"atum_stock_status":"instock","restock_status":false,"low_stock_amount":"","sales_update_date":"2025-07-19T06:26:36","calc_backorders":0,"locations":[],"_links":{"self":[{"href":"https:\/\/delices.lu\/de\/wp-json\/wp\/v2\/product\/15914","targetHints":{"allow":["GET"]}}],"collection":[{"href":"https:\/\/delices.lu\/de\/wp-json\/wp\/v2\/product"}],"about":[{"href":"https:\/\/delices.lu\/de\/wp-json\/wp\/v2\/types\/product"}],"wp:featuredmedia":[{"embeddable":true,"href":"https:\/\/delices.lu\/de\/wp-json\/wp\/v2\/media\/15917"}],"wp:attachment":[{"href":"https:\/\/delices.lu\/de\/wp-json\/wp\/v2\/media?parent=15914"}],"wp:term":[{"taxonomy":"location","embeddable":true,"href":"https:\/\/delices.lu\/de\/wp-json\/wp\/v2\/location?post=15914"},{"taxonomy":"product_brand","embeddable":true,"href":"https:\/\/delices.lu\/de\/wp-json\/wp\/v2\/product_brand?post=15914"},{"taxonomy":"product_cat","embeddable":true,"href":"https:\/\/delices.lu\/de\/wp-json\/wp\/v2\/product_cat?post=15914"},{"taxonomy":"product_tag","embeddable":true,"href":"https:\/\/delices.lu\/de\/wp-json\/wp\/v2\/product_tag?post=15914"}],"curies":[{"name":"wp","href":"https:\/\/api.w.org\/{rel}","templated":true}]}}