{"id":15921,"date":"2024-08-23T00:00:31","date_gmt":"2025-03-20T10:52:46","guid":{"rendered":"https:\/\/delices.lu\/produit\/3d-adventskalender-mit-tannenbaum\/"},"modified":"2025-03-20T11:52:46","modified_gmt":"2025-03-20T10:52:46","slug":"3d-adventskalender-mit-tannenbaum","status":"publish","type":"product","link":"https:\/\/delices.lu\/de\/produit\/3d-adventskalender-mit-tannenbaum\/","title":{"rendered":"3D-Adventskalender mit Tannenbaum"},"content":{"rendered":"<p><strong>Vorfreude mal 24<\/strong><br \/>\nDie Christmas Toys Kollektion vereint Retro-Momente und modernes Design in einem festlichen Wunderland, in dem Weihnachtsm\u00e4rkte, Schneem\u00e4nner und St. Nikolaus Sie schon sehns\u00fcchtig erwarten. Lassen Sie sich jeden Tag von einer kleinen Porzellanfigur aus diesem Adventskalender \u00fcberraschen. Und das Beste daran ist, dass Sie die Figuren einfach an den im Set enthaltenen Porzellanbaum h\u00e4ngen k\u00f6nnen. Schenken Sie Ihren Lieben die Vorfreude auf das Weihnachtsfest.   <\/p>\n","protected":false},"excerpt":{"rendered":"<p><strong>Christmas Toys Memory<br \/>\n3D-Adventskalender mit Tannenbaum<\/strong><br \/>\nMaterial: Premium Porcelain<br \/>\nGr\u00f6\u00dfe: 25 x 32 x 43 cm und Tannenbaum<br \/>\nGewicht: ca. 5,62 kg<br \/>\nMehrfarbig<br \/>\nArtikelnummer 1486029598 <\/p>\n","protected":false},"featured_media":15923,"template":"","meta":[],"location":[959,895,900],"product_brand":[],"product_cat":[1311,1309,2230],"product_tag":[2512,2514,2510,2476,2509],"class_list":{"0":"post-15921","1":"product","2":"type-product","3":"status-publish","4":"has-post-thumbnail","6":"location-0-shop","7":"location-14-1","8":"location-15-1","9":"product_cat-dekoration","10":"product_cat-villeroy-boch-de","11":"product_cat-weihnachten","12":"product_tag-advent","13":"product_tag-adventskalender","14":"product_tag-kalender","15":"product_tag-tanne","16":"product_tag-weihnachtsbaum","18":"first","19":"instock","20":"sold-individually","21":"shipping-taxable","22":"purchasable","23":"product-type-simple"},"supplier_id":9071,"supplier_sku":"1486029598","barcode":"4003686357853","atum_controlled":true,"out_stock_date":null,"out_stock_threshold":null,"inheritable":false,"inbound_stock":0,"stock_on_hold":0,"sold_today":0,"sales_last_days":0,"reserved_stock":null,"customer_returns":null,"warehouse_damage":null,"lost_in_post":null,"other_logs":null,"out_stock_days":0,"lost_sales":0,"has_location":false,"update_date":"2025-07-19T06:26:36","atum_locations":[{"id":960,"name":"0 SHOP","slug":"0-shop"},{"id":814,"name":"141","slug":"141"},{"id":809,"name":"151","slug":"151"}],"atum_stock_status":"instock","restock_status":false,"low_stock_amount":"","sales_update_date":"2025-07-19T06:26:36","calc_backorders":0,"locations":[],"_links":{"self":[{"href":"https:\/\/delices.lu\/de\/wp-json\/wp\/v2\/product\/15921","targetHints":{"allow":["GET"]}}],"collection":[{"href":"https:\/\/delices.lu\/de\/wp-json\/wp\/v2\/product"}],"about":[{"href":"https:\/\/delices.lu\/de\/wp-json\/wp\/v2\/types\/product"}],"wp:featuredmedia":[{"embeddable":true,"href":"https:\/\/delices.lu\/de\/wp-json\/wp\/v2\/media\/15923"}],"wp:attachment":[{"href":"https:\/\/delices.lu\/de\/wp-json\/wp\/v2\/media?parent=15921"}],"wp:term":[{"taxonomy":"location","embeddable":true,"href":"https:\/\/delices.lu\/de\/wp-json\/wp\/v2\/location?post=15921"},{"taxonomy":"product_brand","embeddable":true,"href":"https:\/\/delices.lu\/de\/wp-json\/wp\/v2\/product_brand?post=15921"},{"taxonomy":"product_cat","embeddable":true,"href":"https:\/\/delices.lu\/de\/wp-json\/wp\/v2\/product_cat?post=15921"},{"taxonomy":"product_tag","embeddable":true,"href":"https:\/\/delices.lu\/de\/wp-json\/wp\/v2\/product_tag?post=15921"}],"curies":[{"name":"wp","href":"https:\/\/api.w.org\/{rel}","templated":true}]}}