{"id":15922,"date":"2024-09-17T00:00:31","date_gmt":"2025-03-20T10:52:46","guid":{"rendered":"https:\/\/delices.lu\/produit\/aufbewahrungsbox-gross\/"},"modified":"2025-03-20T11:52:46","modified_gmt":"2025-03-20T10:52:46","slug":"aufbewahrungsbox-gross","status":"publish","type":"product","link":"https:\/\/delices.lu\/de\/produit\/aufbewahrungsbox-gross\/","title":{"rendered":"Aufbewahrungsbox &#8211; Gro\u00df"},"content":{"rendered":"<p><strong>F\u00fcr Kuchen und Kekse<\/strong><br \/>\nMit der Toy&#8217;s Delight-Kollektion schaffen Sie zu Hause eine Retro-Weihnachtsatmosph\u00e4re. Das Geschirr ist mit fantasievollen Motiven in Rot, Gr\u00fcn und Wei\u00df verziert und weckt Kindheitserinnerungen. Zum Kombinieren, Sammeln und Verschenken. F\u00fcr Naschkatzen ist die gro\u00dfe weihnachtliche Vorratsdose perfekt. Sie k\u00f6nnen darin k\u00f6stliche selbstgebackene Kuchen oder andere Leckereien verstecken, die lange frisch bleiben. Machen Sie Ihren Lieben eine Freude.     <\/p>\n","protected":false},"excerpt":{"rendered":"<p><strong>Toy&#8217;s Delight gro\u00dfe Vorratsdose<\/strong><br \/>\nMaterial: Premium Porcelain<br \/>\nDurchmesser: ca. 210 mm<br \/>\nKapazit\u00e4t: ca. 3594 ml<br \/>\nGewicht: ca. 1,62 Kg<br \/>\nwei\u00df\/rot<br \/>\nArtikelreferenz 1485854557 <\/p>\n","protected":false},"featured_media":15925,"template":"","meta":[],"location":[959,907,924],"product_brand":[],"product_cat":[2491,1311,1309,2230],"product_tag":[2151,2513,2515,2511,2500],"class_list":{"0":"post-15922","1":"product","2":"type-product","3":"status-publish","4":"has-post-thumbnail","6":"location-0-shop","7":"location-16-3","8":"location-19-5","9":"product_cat-box","10":"product_cat-dekoration","11":"product_cat-villeroy-boch-de","12":"product_cat-weihnachten","13":"product_tag-deckel","14":"product_tag-grose-schachtel","15":"product_tag-groser-kekstopf","16":"product_tag-groser-topf","17":"product_tag-keksdose","19":"first","20":"instock","21":"shipping-taxable","22":"purchasable","23":"product-type-simple"},"supplier_id":9071,"supplier_sku":"1485854557","barcode":"4003686267534","atum_controlled":true,"out_stock_date":null,"out_stock_threshold":null,"inheritable":false,"inbound_stock":0,"stock_on_hold":0,"sold_today":0,"sales_last_days":0,"reserved_stock":null,"customer_returns":null,"warehouse_damage":null,"lost_in_post":null,"other_logs":null,"out_stock_days":0,"lost_sales":0,"has_location":true,"update_date":"2025-07-19T06:26:32","atum_locations":[{"id":960,"name":"0 SHOP","slug":"0-shop"},{"id":806,"name":"163","slug":"163"},{"id":793,"name":"195","slug":"195"}],"atum_stock_status":"instock","restock_status":false,"low_stock_amount":"","sales_update_date":"2025-07-19T06:26:32","calc_backorders":0,"locations":[],"_links":{"self":[{"href":"https:\/\/delices.lu\/de\/wp-json\/wp\/v2\/product\/15922","targetHints":{"allow":["GET"]}}],"collection":[{"href":"https:\/\/delices.lu\/de\/wp-json\/wp\/v2\/product"}],"about":[{"href":"https:\/\/delices.lu\/de\/wp-json\/wp\/v2\/types\/product"}],"wp:featuredmedia":[{"embeddable":true,"href":"https:\/\/delices.lu\/de\/wp-json\/wp\/v2\/media\/15925"}],"wp:attachment":[{"href":"https:\/\/delices.lu\/de\/wp-json\/wp\/v2\/media?parent=15922"}],"wp:term":[{"taxonomy":"location","embeddable":true,"href":"https:\/\/delices.lu\/de\/wp-json\/wp\/v2\/location?post=15922"},{"taxonomy":"product_brand","embeddable":true,"href":"https:\/\/delices.lu\/de\/wp-json\/wp\/v2\/product_brand?post=15922"},{"taxonomy":"product_cat","embeddable":true,"href":"https:\/\/delices.lu\/de\/wp-json\/wp\/v2\/product_cat?post=15922"},{"taxonomy":"product_tag","embeddable":true,"href":"https:\/\/delices.lu\/de\/wp-json\/wp\/v2\/product_tag?post=15922"}],"curies":[{"name":"wp","href":"https:\/\/api.w.org\/{rel}","templated":true}]}}