{"id":15930,"date":"2024-08-23T00:00:07","date_gmt":"2025-03-20T10:52:55","guid":{"rendered":"https:\/\/delices.lu\/produit\/toys-delight-grosser-flacher-teller-quadratisch\/"},"modified":"2025-03-20T11:52:55","modified_gmt":"2025-03-20T10:52:55","slug":"toys-delight-grosser-flacher-teller-quadratisch","status":"publish","type":"product","link":"https:\/\/delices.lu\/de\/produit\/toys-delight-grosser-flacher-teller-quadratisch\/","title":{"rendered":"Toy&#8217;s Delight &#8211; Gro\u00dfer flacher Teller, quadratisch"},"content":{"rendered":"<p><strong>Teller f\u00fcr den weihnachtlich gedeckten Tisch<\/strong><br \/>\nMit der Toy&#8217;s Delight Kollektion schaffen Sie zu Hause eine Retro-Weihnachtsatmosph\u00e4re. Das Geschirr und die passenden dekorativen Accessoires aus Baumwolle sind mit fantasievollen roten, gr\u00fcnen und wei\u00dfen Mustern verziert und wecken sch\u00f6ne Kindheitserinnerungen. Zum Kombinieren, Sammeln und Verschenken. Dieser charmante quadratische Teller ist ein Blickfang auf Ihrem weihnachtlich gedeckten Tisch. Holen Sie sich die festliche Weihnachtsstimmung auf Ihren Tisch.    <\/p>\n","protected":false},"excerpt":{"rendered":"<p><strong>Toy&#8217;s Delight<br \/>\nFlacher Teller, gro\u00df, quadratisch<\/strong><br \/>\nMaterial: Premium Porcelain<br \/>\nMa\u00dfe: 28 x 28 cm<br \/>\nGewicht: ca. 980 gr<br \/>\nrot\/mehrfarbig<br \/>\nMikrowellengeeignet: ja<br \/>\nSp\u00fclmaschinengeeignet: nein<br \/>\nArtikelnummer 1485852626 <\/p>\n","protected":false},"featured_media":15932,"template":"","meta":[],"location":[959,904],"product_brand":[],"product_cat":[1354,1311,2231,2287,1309,2230,2448],"product_tag":[743,2316,2207,2312,2233],"class_list":{"0":"post-15930","1":"product","2":"type-product","3":"status-publish","4":"has-post-thumbnail","6":"location-0-shop","7":"location-15-5","8":"product_cat-art-de-la-table-de","9":"product_cat-dekoration","10":"product_cat-teller","11":"product_cat-teller-de","12":"product_cat-villeroy-boch-de","13":"product_cat-weihnachten","14":"product_cat-winter","15":"product_tag-decoration-de","16":"product_tag-groser-teller","17":"product_tag-quadratisch","18":"product_tag-teller-de","19":"product_tag-weihnachtsdekorationen","21":"first","22":"instock","23":"shipping-taxable","24":"purchasable","25":"product-type-simple"},"supplier_id":9071,"supplier_sku":"1485852626","barcode":"4003686361188","atum_controlled":true,"out_stock_date":null,"out_stock_threshold":null,"inheritable":false,"inbound_stock":0,"stock_on_hold":0,"sold_today":0,"sales_last_days":0,"reserved_stock":null,"customer_returns":null,"warehouse_damage":null,"lost_in_post":null,"other_logs":null,"out_stock_days":0,"lost_sales":0,"has_location":false,"update_date":"2025-07-19T06:26:39","atum_locations":[{"id":960,"name":"0 SHOP","slug":"0-shop"},{"id":813,"name":"155","slug":"155"}],"atum_stock_status":"instock","restock_status":false,"low_stock_amount":"","sales_update_date":"2025-07-19T06:26:39","calc_backorders":0,"locations":[],"_links":{"self":[{"href":"https:\/\/delices.lu\/de\/wp-json\/wp\/v2\/product\/15930","targetHints":{"allow":["GET"]}}],"collection":[{"href":"https:\/\/delices.lu\/de\/wp-json\/wp\/v2\/product"}],"about":[{"href":"https:\/\/delices.lu\/de\/wp-json\/wp\/v2\/types\/product"}],"wp:featuredmedia":[{"embeddable":true,"href":"https:\/\/delices.lu\/de\/wp-json\/wp\/v2\/media\/15932"}],"wp:attachment":[{"href":"https:\/\/delices.lu\/de\/wp-json\/wp\/v2\/media?parent=15930"}],"wp:term":[{"taxonomy":"location","embeddable":true,"href":"https:\/\/delices.lu\/de\/wp-json\/wp\/v2\/location?post=15930"},{"taxonomy":"product_brand","embeddable":true,"href":"https:\/\/delices.lu\/de\/wp-json\/wp\/v2\/product_brand?post=15930"},{"taxonomy":"product_cat","embeddable":true,"href":"https:\/\/delices.lu\/de\/wp-json\/wp\/v2\/product_cat?post=15930"},{"taxonomy":"product_tag","embeddable":true,"href":"https:\/\/delices.lu\/de\/wp-json\/wp\/v2\/product_tag?post=15930"}],"curies":[{"name":"wp","href":"https:\/\/api.w.org\/{rel}","templated":true}]}}