{"id":15931,"date":"2024-08-23T00:00:06","date_gmt":"2025-03-20T10:52:55","guid":{"rendered":"https:\/\/delices.lu\/produit\/kleiner-stiefelschnitt\/"},"modified":"2025-03-20T11:52:55","modified_gmt":"2025-03-20T10:52:55","slug":"kleiner-stiefelschnitt","status":"publish","type":"product","link":"https:\/\/delices.lu\/de\/produit\/kleiner-stiefelschnitt\/","title":{"rendered":"Kleiner Stiefelschnitt"},"content":{"rendered":"<p><strong>F\u00fcr Geb\u00e4ck, Snacks und als Dekoration<\/strong><br \/>\nToy&#8217;s Fantasy ist Teil der umfangreichen Weihnachtswelt von Villeroy &amp; Boch und weckt mit seinen in weihnachtlichen Farben und mit liebevollen Details gestalteten St\u00fccken sch\u00f6ne Kindheitserinnerungen. Verleihen Sie Ihrem Zuhause mit originellen Geschirr- und Dekorationsideen eine einzigartige Gem\u00fctlichkeit f\u00fcr die Feiertage. Die Artikel der Weihnachtskollektion lassen sich wunderbar sammeln und kombinieren. Diese Schale ist immer ein charmanter Blickfang auf Ihrem Weihnachtstisch. Sie eignet sich hervorragend f\u00fcr die Pr\u00e4sentation von Dekorationen, Geb\u00e4ck oder kleinen Snacks. Machen Sie Weihnachten zu einem farbenfrohen Fest.     <\/p>\n","protected":false},"excerpt":{"rendered":"<p><strong>Kleine Schale, Stiefel<\/strong><br \/>\nMaterial: Premium Porcelain<br \/>\nGewicht: ca. 285 gr<br \/>\nmehrfarbig\/rot\/wei\u00df,<br \/>\nMa\u00dfe: Durchm.: 16 cm, Tiefe: 3 cm<br \/>\nmikrowellengeeignet<br \/>\nArtikelreferenz 1483323685  <\/p>\n","protected":false},"featured_media":15935,"template":"","meta":[],"location":[896],"product_brand":[],"product_cat":[1354,1356,1311,2287,2231,1309,2230],"product_tag":[1358,2366,2516,2312,2248,2233],"class_list":{"0":"post-15931","1":"product","2":"type-product","3":"status-publish","4":"has-post-thumbnail","6":"location-14-2","7":"product_cat-art-de-la-table-de","8":"product_cat-coupe-de","9":"product_cat-dekoration","10":"product_cat-teller-de","11":"product_cat-teller","12":"product_cat-villeroy-boch-de","13":"product_cat-weihnachten","14":"product_tag-coupe-de","15":"product_tag-rot","16":"product_tag-stiefel","17":"product_tag-teller-de","18":"product_tag-teller","19":"product_tag-weihnachtsdekorationen","21":"first","22":"instock","23":"shipping-taxable","24":"purchasable","25":"product-type-simple"},"supplier_id":9071,"supplier_sku":"1483323685","barcode":"4003686392724","atum_controlled":true,"out_stock_date":null,"out_stock_threshold":null,"inheritable":false,"inbound_stock":0,"stock_on_hold":0,"sold_today":0,"sales_last_days":0,"reserved_stock":null,"customer_returns":null,"warehouse_damage":null,"lost_in_post":null,"other_logs":null,"out_stock_days":0,"lost_sales":0,"has_location":false,"update_date":"2025-07-19T06:26:28","atum_locations":[{"id":815,"name":"142","slug":"142"}],"atum_stock_status":"instock","restock_status":false,"low_stock_amount":"","sales_update_date":"2025-07-19T06:26:28","calc_backorders":0,"locations":[],"_links":{"self":[{"href":"https:\/\/delices.lu\/de\/wp-json\/wp\/v2\/product\/15931","targetHints":{"allow":["GET"]}}],"collection":[{"href":"https:\/\/delices.lu\/de\/wp-json\/wp\/v2\/product"}],"about":[{"href":"https:\/\/delices.lu\/de\/wp-json\/wp\/v2\/types\/product"}],"wp:featuredmedia":[{"embeddable":true,"href":"https:\/\/delices.lu\/de\/wp-json\/wp\/v2\/media\/15935"}],"wp:attachment":[{"href":"https:\/\/delices.lu\/de\/wp-json\/wp\/v2\/media?parent=15931"}],"wp:term":[{"taxonomy":"location","embeddable":true,"href":"https:\/\/delices.lu\/de\/wp-json\/wp\/v2\/location?post=15931"},{"taxonomy":"product_brand","embeddable":true,"href":"https:\/\/delices.lu\/de\/wp-json\/wp\/v2\/product_brand?post=15931"},{"taxonomy":"product_cat","embeddable":true,"href":"https:\/\/delices.lu\/de\/wp-json\/wp\/v2\/product_cat?post=15931"},{"taxonomy":"product_tag","embeddable":true,"href":"https:\/\/delices.lu\/de\/wp-json\/wp\/v2\/product_tag?post=15931"}],"curies":[{"name":"wp","href":"https:\/\/api.w.org\/{rel}","templated":true}]}}