{"id":15938,"date":"2024-08-23T00:00:07","date_gmt":"2025-03-20T10:52:56","guid":{"rendered":"https:\/\/delices.lu\/produit\/toys-delight-flacher-teller-gruen\/"},"modified":"2025-03-20T11:52:56","modified_gmt":"2025-03-20T10:52:56","slug":"toys-delight-flacher-teller-gruen","status":"publish","type":"product","link":"https:\/\/delices.lu\/de\/produit\/toys-delight-flacher-teller-gruen\/","title":{"rendered":"Toy&#8217;s Delight &#8211; Flacher Teller, gr\u00fcn"},"content":{"rendered":"<p><strong>Teller f\u00fcr den weihnachtlich gedeckten Tisch<\/strong><br \/>\nMit der Toy&#8217;s Delight Kollektion schaffen Sie zu Hause eine Retro-Weihnachtsatmosph\u00e4re. Das Geschirr ist mit fantasievollen Mustern in Rot, Gr\u00fcn und Wei\u00df verziert und weckt Kindheitserinnerungen. Zum Kombinieren, Sammeln und Verschenken. Dieser charmante gr\u00fcne Teller ist ein Blickfang auf Ihrem weihnachtlich gedeckten Tisch. Verf\u00fchren Sie Ihre G\u00e4ste mit einem Geschirr, das ganz in Weihnachtsstimmung ist.    <\/p>\n","protected":false},"excerpt":{"rendered":"<p><strong>Toy&#8217;s Delight Speiseteller gr\u00fcn<\/strong><br \/>\nMaterial: Premium Porcelain<br \/>\nMa\u00dfe: ca. 29cm<br \/>\nGewicht: ca. 670 gr<br \/>\nGr\u00fcn, Wei\u00df<br \/>\nMikrowellengeeignet: ja<br \/>\nSp\u00fclmaschinengeeignet: nein<br \/>\nArtikelnummer 1485852621 <\/p>\n","protected":false},"featured_media":15940,"template":"","meta":[],"location":[904],"product_brand":[],"product_cat":[1354,1311,2287,2231,1309,2230,2448],"product_tag":[743,2316,2256,2312,2233],"class_list":{"0":"post-15938","1":"product","2":"type-product","3":"status-publish","4":"has-post-thumbnail","6":"location-15-5","7":"product_cat-art-de-la-table-de","8":"product_cat-dekoration","9":"product_cat-teller-de","10":"product_cat-teller","11":"product_cat-villeroy-boch-de","12":"product_cat-weihnachten","13":"product_cat-winter","14":"product_tag-decoration-de","15":"product_tag-groser-teller","16":"product_tag-rundschreiben","17":"product_tag-teller-de","18":"product_tag-weihnachtsdekorationen","20":"first","21":"instock","22":"shipping-taxable","23":"purchasable","24":"product-type-simple"},"supplier_id":9071,"supplier_sku":"1485852621","barcode":"4003683494032","atum_controlled":true,"out_stock_date":null,"out_stock_threshold":null,"inheritable":false,"inbound_stock":null,"stock_on_hold":0,"sold_today":0,"sales_last_days":0,"reserved_stock":null,"customer_returns":null,"warehouse_damage":null,"lost_in_post":null,"other_logs":null,"out_stock_days":0,"lost_sales":0,"has_location":false,"update_date":"2025-07-19T06:26:28","atum_locations":[{"id":813,"name":"155","slug":"155"}],"atum_stock_status":"instock","restock_status":false,"low_stock_amount":"","sales_update_date":"2025-07-19T06:26:28","calc_backorders":0,"locations":[],"_links":{"self":[{"href":"https:\/\/delices.lu\/de\/wp-json\/wp\/v2\/product\/15938","targetHints":{"allow":["GET"]}}],"collection":[{"href":"https:\/\/delices.lu\/de\/wp-json\/wp\/v2\/product"}],"about":[{"href":"https:\/\/delices.lu\/de\/wp-json\/wp\/v2\/types\/product"}],"wp:featuredmedia":[{"embeddable":true,"href":"https:\/\/delices.lu\/de\/wp-json\/wp\/v2\/media\/15940"}],"wp:attachment":[{"href":"https:\/\/delices.lu\/de\/wp-json\/wp\/v2\/media?parent=15938"}],"wp:term":[{"taxonomy":"location","embeddable":true,"href":"https:\/\/delices.lu\/de\/wp-json\/wp\/v2\/location?post=15938"},{"taxonomy":"product_brand","embeddable":true,"href":"https:\/\/delices.lu\/de\/wp-json\/wp\/v2\/product_brand?post=15938"},{"taxonomy":"product_cat","embeddable":true,"href":"https:\/\/delices.lu\/de\/wp-json\/wp\/v2\/product_cat?post=15938"},{"taxonomy":"product_tag","embeddable":true,"href":"https:\/\/delices.lu\/de\/wp-json\/wp\/v2\/product_tag?post=15938"}],"curies":[{"name":"wp","href":"https:\/\/api.w.org\/{rel}","templated":true}]}}