{"id":15947,"date":"2024-08-23T00:00:07","date_gmt":"2025-03-20T10:52:57","guid":{"rendered":"https:\/\/delices.lu\/produit\/suppenterrine\/"},"modified":"2025-03-20T11:52:57","modified_gmt":"2025-03-20T10:52:57","slug":"suppenterrine","status":"publish","type":"product","link":"https:\/\/delices.lu\/de\/produit\/suppenterrine\/","title":{"rendered":"Suppenterrine"},"content":{"rendered":"<p><strong>Stilvolles Servieren von Suppen und Eint\u00f6pfen<\/strong><br \/>\nMit der Toy&#8217;s Delight Kollektion schaffen Sie zu Hause eine Retro-Weihnachtsatmosph\u00e4re. Das Geschirr ist mit fantasievollen Mustern in Rot, Gr\u00fcn und Wei\u00df verziert und weckt Kindheitserinnerungen. Zum Kombinieren, Sammeln und Verschenken. In dieser eleganten Suppenterrine k\u00f6nnen Sie Suppe oder Br\u00fche f\u00fcr das Weihnachtsessen servieren. Entdecken Sie den Zauber des Weihnachtsgeschirrs.    <\/p>\n","protected":false},"excerpt":{"rendered":"<p><strong>Toy&#8217;s Delight, Suppenterrine<\/strong><br \/>\nMaterial: Premium Porcelain<br \/>\nGewicht: ca. 1,86 Kg<br \/>\nwei\u00df\/rot<br \/>\nKapazit\u00e4t: ca. 3000 ml<br \/>\nmikrowellengeeignet<br \/>\nArtikelnummer 1485852360 <\/p>\n","protected":false},"featured_media":15951,"template":"","meta":[],"location":[959,903],"product_brand":[],"product_cat":[1354,1309,2230],"product_tag":[2151,2366,2517,2233,2166],"class_list":{"0":"post-15947","1":"product","2":"type-product","3":"status-publish","4":"has-post-thumbnail","6":"location-0-shop","7":"location-15-4","8":"product_cat-art-de-la-table-de","9":"product_cat-villeroy-boch-de","10":"product_cat-weihnachten","11":"product_tag-deckel","12":"product_tag-rot","13":"product_tag-suppenterrine","14":"product_tag-weihnachtsdekorationen","15":"product_tag-weis","17":"first","18":"instock","19":"shipping-taxable","20":"purchasable","21":"product-type-simple"},"supplier_id":9071,"supplier_sku":"1485852360","barcode":"4003686267527","atum_controlled":true,"out_stock_date":null,"out_stock_threshold":null,"inheritable":false,"inbound_stock":0,"stock_on_hold":0,"sold_today":0,"sales_last_days":0,"reserved_stock":null,"customer_returns":null,"warehouse_damage":null,"lost_in_post":null,"other_logs":null,"out_stock_days":0,"lost_sales":0,"has_location":false,"update_date":"2025-07-19T06:26:36","atum_locations":[{"id":960,"name":"0 SHOP","slug":"0-shop"},{"id":812,"name":"154","slug":"154"}],"atum_stock_status":"instock","restock_status":false,"low_stock_amount":"","sales_update_date":"2025-07-19T06:26:36","calc_backorders":0,"locations":[],"_links":{"self":[{"href":"https:\/\/delices.lu\/de\/wp-json\/wp\/v2\/product\/15947","targetHints":{"allow":["GET"]}}],"collection":[{"href":"https:\/\/delices.lu\/de\/wp-json\/wp\/v2\/product"}],"about":[{"href":"https:\/\/delices.lu\/de\/wp-json\/wp\/v2\/types\/product"}],"wp:featuredmedia":[{"embeddable":true,"href":"https:\/\/delices.lu\/de\/wp-json\/wp\/v2\/media\/15951"}],"wp:attachment":[{"href":"https:\/\/delices.lu\/de\/wp-json\/wp\/v2\/media?parent=15947"}],"wp:term":[{"taxonomy":"location","embeddable":true,"href":"https:\/\/delices.lu\/de\/wp-json\/wp\/v2\/location?post=15947"},{"taxonomy":"product_brand","embeddable":true,"href":"https:\/\/delices.lu\/de\/wp-json\/wp\/v2\/product_brand?post=15947"},{"taxonomy":"product_cat","embeddable":true,"href":"https:\/\/delices.lu\/de\/wp-json\/wp\/v2\/product_cat?post=15947"},{"taxonomy":"product_tag","embeddable":true,"href":"https:\/\/delices.lu\/de\/wp-json\/wp\/v2\/product_tag?post=15947"}],"curies":[{"name":"wp","href":"https:\/\/api.w.org\/{rel}","templated":true}]}}