{"id":15956,"date":"2024-07-28T00:00:05","date_gmt":"2025-03-20T10:52:58","guid":{"rendered":"https:\/\/delices.lu\/produit\/grosse-runde-geschenkpackung\/"},"modified":"2025-03-20T11:52:58","modified_gmt":"2025-03-20T10:52:58","slug":"grosse-runde-geschenkpackung","status":"publish","type":"product","link":"https:\/\/delices.lu\/de\/produit\/grosse-runde-geschenkpackung\/","title":{"rendered":"Gro\u00dfe runde Geschenkpackung"},"content":{"rendered":"<p><strong>Eine wundersch\u00f6ne Weihnachtsdekoration<\/strong><br \/>\nDie Christmas Toys Kollektion vereint Retro-Momente und modernes Design in einem wunderbaren, festlichen Land, in dem Weihnachtsm\u00e4rkte, Schneem\u00e4nner und St. Nikolaus Sie schon sehns\u00fcchtig erwarten. Sie ist ideal, um Ihre festliche Einrichtung zu erg\u00e4nzen oder zum Sammeln, Kombinieren und Verschenken. Dieses wundersch\u00f6n verzierte Geschenkpaket aus hochwertigem Porzellan hat nicht nur eine Leuchtfunktion mit zwei Teelichtern, dank der integrierten Spieluhr verzaubert es auch mit der Melodie &#8220;Es ist Winter&#8221;. Beschenken Sie sich und Ihre Lieben mit festlichen Accessoires.   <\/p>\n","protected":false},"excerpt":{"rendered":"<p><strong>Christmas Toy&#8217;s<\/strong><br \/>\n<strong>Gro\u00dfe runde Geschenkpackung<br \/>\nWeihnachtsmann und Reh<\/strong><br \/>\n<strong>Tellerw\u00e4rmer und Spieluhr<\/strong><br \/>\nMaterial: Porzellan<br \/>\nMa\u00dfe: 17 x 17 x 21,5 cm<br \/>\nGewicht: ca. 2,31 kg<br \/>\nFarbe: gr\u00fcn \/ mehrfarbig<br \/>\nArtikelnummer 1483276646 <\/p>\n","protected":false},"featured_media":15960,"template":"","meta":[],"location":[959,877],"product_brand":[],"product_cat":[1311,2480,1309,2230],"product_tag":[743,2519,2481,2518,2233],"class_list":{"0":"post-15956","1":"product","2":"type-product","3":"status-publish","4":"has-post-thumbnail","6":"location-0-shop","7":"location-11-3","8":"product_cat-dekoration","9":"product_cat-musikbox","10":"product_cat-villeroy-boch-de","11":"product_cat-weihnachten","12":"product_tag-decoration-de","13":"product_tag-geschenkpaket","14":"product_tag-musikbox","15":"product_tag-tellerwarmer","16":"product_tag-weihnachtsdekorationen","18":"first","19":"instock","20":"shipping-taxable","21":"purchasable","22":"product-type-simple"},"supplier_id":9071,"supplier_sku":"1483276646","barcode":"4003686392519","atum_controlled":true,"out_stock_date":null,"out_stock_threshold":null,"inheritable":false,"inbound_stock":0,"stock_on_hold":0,"sold_today":0,"sales_last_days":0,"reserved_stock":null,"customer_returns":null,"warehouse_damage":null,"lost_in_post":null,"other_logs":null,"out_stock_days":0,"lost_sales":0,"has_location":true,"update_date":"2025-07-19T06:26:35","atum_locations":[{"id":960,"name":"0 SHOP","slug":"0-shop"},{"id":831,"name":"113","slug":"113"}],"atum_stock_status":"instock","restock_status":false,"low_stock_amount":"","sales_update_date":"2025-07-19T06:26:35","calc_backorders":0,"locations":[],"_links":{"self":[{"href":"https:\/\/delices.lu\/de\/wp-json\/wp\/v2\/product\/15956","targetHints":{"allow":["GET"]}}],"collection":[{"href":"https:\/\/delices.lu\/de\/wp-json\/wp\/v2\/product"}],"about":[{"href":"https:\/\/delices.lu\/de\/wp-json\/wp\/v2\/types\/product"}],"wp:featuredmedia":[{"embeddable":true,"href":"https:\/\/delices.lu\/de\/wp-json\/wp\/v2\/media\/15960"}],"wp:attachment":[{"href":"https:\/\/delices.lu\/de\/wp-json\/wp\/v2\/media?parent=15956"}],"wp:term":[{"taxonomy":"location","embeddable":true,"href":"https:\/\/delices.lu\/de\/wp-json\/wp\/v2\/location?post=15956"},{"taxonomy":"product_brand","embeddable":true,"href":"https:\/\/delices.lu\/de\/wp-json\/wp\/v2\/product_brand?post=15956"},{"taxonomy":"product_cat","embeddable":true,"href":"https:\/\/delices.lu\/de\/wp-json\/wp\/v2\/product_cat?post=15956"},{"taxonomy":"product_tag","embeddable":true,"href":"https:\/\/delices.lu\/de\/wp-json\/wp\/v2\/product_tag?post=15956"}],"curies":[{"name":"wp","href":"https:\/\/api.w.org\/{rel}","templated":true}]}}