{"id":15996,"date":"2024-07-31T00:00:16","date_gmt":"2025-03-20T10:53:10","guid":{"rendered":"https:\/\/delices.lu\/produit\/afina-hohle-servierplatte\/"},"modified":"2025-03-20T11:53:10","modified_gmt":"2025-03-20T10:53:10","slug":"afina-hohle-servierplatte","status":"publish","type":"product","link":"https:\/\/delices.lu\/de\/produit\/afina-hohle-servierplatte\/","title":{"rendered":"Afina &#8211; Hohle Servierplatte"},"content":{"rendered":"<p><strong>Gro\u00dfe Schale f\u00fcr Salate und Beilagen<\/strong><br \/>\nIn einer Welt, die sowohl von der Suche nach Originalit\u00e4t als auch von Momenten des Wohlbefindens gepr\u00e4gt ist, stellen wir Ihnen die Geschirrkollektion Afina vor, die den Trend eines Lebensstils mit raffiniertem Geschmack aufgreift. Diese Kollektion zeichnet sich durch ihr originelles Designkonzept aus, das minimalistische Formen mit sorgf\u00e4ltig durchdachten, filigranen Details kombiniert.<br \/>\nDie klaren Formen verbinden sich geschickt mit raffinierten Details und schaffen eine moderne Schalenform mit erh\u00f6htem Rand. Inspiriert von den konzentrischen Strahlen der Sonne, zeichnet sich dieses Geschirr durch ein faszinierendes, ringf\u00f6rmiges Relief aus, das eine exquisite taktile Erfahrung bietet. Die originelle, luftige \u00c4sthetik wird durch einen sorgf\u00e4ltig versteckten Fu\u00df unterstrichen. Diese gro\u00dfe Schale ist perfekt f\u00fcr Salate, Beilagen oder Obst. Mit seinem gro\u00dfz\u00fcgigen Fassungsverm\u00f6gen und dem eleganten Design bietet er eine stilvolle Pr\u00e4sentation f\u00fcr eine Vielzahl von k\u00f6stlichen Gerichten. Entdecken Sie mit Afina die Perfektion der Raffinesse, die auf das Wesentliche reduziert ist und lassen Sie Ihre K\u00fcchen- und Essbereiche in einem beeindruckenden Glanz erstrahlen.      <\/p>\n","protected":false},"excerpt":{"rendered":"<p>MATERIAL: Hochwertiges Porzellan<br \/>\nDURCHMESSER: ca. 291 mm<br \/>\nGR\u00d6SSE: ca. 850 ml<br \/>\nFARBE: wei\u00df<br \/>\nGARANTIERT SP\u00dcLMASCHINENGARANTIE: Ja<br \/>\nMIKROWELLENKOMPATIBEL: Ja<br \/>\nREF. ARTIKEL: 1042932701 <\/p>\n","protected":false},"featured_media":15998,"template":"","meta":[],"location":[959],"product_brand":[],"product_cat":[1354,1356,2528,2287,1309],"product_tag":[2529,2307,2253,2166],"class_list":{"0":"post-15996","1":"product","2":"type-product","3":"status-publish","4":"has-post-thumbnail","6":"location-0-shop","7":"product_cat-art-de-la-table-de","8":"product_cat-coupe-de","9":"product_cat-salatschussel","10":"product_cat-teller-de","11":"product_cat-villeroy-boch-de","12":"product_tag-afina-de","13":"product_tag-salatschussel","14":"product_tag-tiefer-teller","15":"product_tag-weis","17":"first","18":"instock","19":"shipping-taxable","20":"purchasable","21":"product-type-simple"},"supplier_id":9071,"supplier_sku":"1042932701","barcode":"4003686436213","atum_controlled":true,"out_stock_date":"2024-07-05 14:58:37","out_stock_threshold":null,"inheritable":false,"inbound_stock":0,"stock_on_hold":0,"sold_today":0,"sales_last_days":0,"reserved_stock":null,"customer_returns":null,"warehouse_damage":null,"lost_in_post":null,"other_logs":null,"out_stock_days":378,"lost_sales":0,"has_location":true,"update_date":"2025-07-19T06:26:28","atum_locations":[{"id":960,"name":"0 SHOP","slug":"0-shop"}],"atum_stock_status":"instock","restock_status":false,"low_stock_amount":"","sales_update_date":"2025-07-19T06:26:28","calc_backorders":0,"locations":[],"_links":{"self":[{"href":"https:\/\/delices.lu\/de\/wp-json\/wp\/v2\/product\/15996","targetHints":{"allow":["GET"]}}],"collection":[{"href":"https:\/\/delices.lu\/de\/wp-json\/wp\/v2\/product"}],"about":[{"href":"https:\/\/delices.lu\/de\/wp-json\/wp\/v2\/types\/product"}],"wp:featuredmedia":[{"embeddable":true,"href":"https:\/\/delices.lu\/de\/wp-json\/wp\/v2\/media\/15998"}],"wp:attachment":[{"href":"https:\/\/delices.lu\/de\/wp-json\/wp\/v2\/media?parent=15996"}],"wp:term":[{"taxonomy":"location","embeddable":true,"href":"https:\/\/delices.lu\/de\/wp-json\/wp\/v2\/location?post=15996"},{"taxonomy":"product_brand","embeddable":true,"href":"https:\/\/delices.lu\/de\/wp-json\/wp\/v2\/product_brand?post=15996"},{"taxonomy":"product_cat","embeddable":true,"href":"https:\/\/delices.lu\/de\/wp-json\/wp\/v2\/product_cat?post=15996"},{"taxonomy":"product_tag","embeddable":true,"href":"https:\/\/delices.lu\/de\/wp-json\/wp\/v2\/product_tag?post=15996"}],"curies":[{"name":"wp","href":"https:\/\/api.w.org\/{rel}","templated":true}]}}