{"id":15997,"date":"2024-10-26T00:00:11","date_gmt":"2025-03-20T10:53:10","guid":{"rendered":"https:\/\/delices.lu\/produit\/with-love-schale-be-happy-17-cm-o\/"},"modified":"2025-03-20T11:53:10","modified_gmt":"2025-03-20T10:53:10","slug":"with-love-schale-be-happy-17-cm-o","status":"publish","type":"product","link":"https:\/\/delices.lu\/de\/produit\/with-love-schale-be-happy-17-cm-o\/","title":{"rendered":"With Love &#8211; Schale &#8211; Be Happy 17 cm \u00f8"},"content":{"rendered":"<p><strong>Fr\u00f6hliche und verspielte M\u00fcslischale f\u00fcr einen Lebensstil voller Freude<\/strong><br \/>\nDie verspielten Motive symbolisieren eine fr\u00f6hliche und liebevolle Aufmerksamkeit, die keiner Worte bedarf, f\u00fcr Familie, Freunde, geliebte Menschen, neue und alte Freundschaften, Kollegen oder sogar fl\u00fcchtige Bekanntschaften, unabh\u00e4ngig von Alter oder Geschlecht. Entdecken Sie die einzigartige Kombination von Porzellan mit angenehmen, runden Formen und minimalistischen, verspielten und farbenfrohen Aquarellmotiven. Das bezaubernde minimalistische Design dieser M\u00fcslischale kann optimal zum Verschenken in Szene gesetzt werden und eignet sich hervorragend als Geschenk f\u00fcr verschiedene Anl\u00e4sse. Sichern Sie sich jetzt Ihr Lieblingsst\u00fcck!   <\/p>\n","protected":false},"excerpt":{"rendered":"<p>MATERIAL: Premium Porcelain<br \/>\nDURCHMESSER: ca. 169 mm<br \/>\nGR\u00d6SSE: ca. 590 ml<br \/>\nFARBE: mehrfarbig<br \/>\nGARANTIE SP\u00dcLMASCHINENGARANTIE: Ja<br \/>\nMIKROWELLENKOMPATIBEL: Ja<br \/>\nREF. ARTIKEL: 1016896253 <\/p>\n","protected":false},"featured_media":15975,"template":"","meta":[],"location":[959,1264],"product_brand":[],"product_cat":[1354,1355,1309],"product_tag":[2523,1359,2522,2521],"class_list":{"0":"post-15997","1":"product","2":"type-product","3":"status-publish","4":"has-post-thumbnail","6":"location-0-shop","7":"location-23-2","8":"product_cat-art-de-la-table-de","9":"product_cat-bol-de","10":"product_cat-villeroy-boch-de","11":"product_tag-be-happy-de","12":"product_tag-bol-de","13":"product_tag-regenbogen","14":"product_tag-with-love-de","16":"first","17":"instock","18":"shipping-taxable","19":"purchasable","20":"product-type-simple"},"supplier_id":9071,"supplier_sku":"1016896253","barcode":"4003686447073","atum_controlled":true,"out_stock_date":null,"out_stock_threshold":null,"inheritable":false,"inbound_stock":0,"stock_on_hold":0,"sold_today":0,"sales_last_days":0,"reserved_stock":null,"customer_returns":null,"warehouse_damage":null,"lost_in_post":null,"other_logs":null,"out_stock_days":0,"lost_sales":0,"has_location":true,"update_date":"2025-07-19T06:26:34","atum_locations":[{"id":960,"name":"0 SHOP","slug":"0-shop"},{"id":1280,"name":"232","slug":"232"}],"atum_stock_status":"instock","restock_status":false,"low_stock_amount":"","sales_update_date":"2025-07-19T06:26:34","calc_backorders":0,"locations":[],"_links":{"self":[{"href":"https:\/\/delices.lu\/de\/wp-json\/wp\/v2\/product\/15997","targetHints":{"allow":["GET"]}}],"collection":[{"href":"https:\/\/delices.lu\/de\/wp-json\/wp\/v2\/product"}],"about":[{"href":"https:\/\/delices.lu\/de\/wp-json\/wp\/v2\/types\/product"}],"wp:featuredmedia":[{"embeddable":true,"href":"https:\/\/delices.lu\/de\/wp-json\/wp\/v2\/media\/15975"}],"wp:attachment":[{"href":"https:\/\/delices.lu\/de\/wp-json\/wp\/v2\/media?parent=15997"}],"wp:term":[{"taxonomy":"location","embeddable":true,"href":"https:\/\/delices.lu\/de\/wp-json\/wp\/v2\/location?post=15997"},{"taxonomy":"product_brand","embeddable":true,"href":"https:\/\/delices.lu\/de\/wp-json\/wp\/v2\/product_brand?post=15997"},{"taxonomy":"product_cat","embeddable":true,"href":"https:\/\/delices.lu\/de\/wp-json\/wp\/v2\/product_cat?post=15997"},{"taxonomy":"product_tag","embeddable":true,"href":"https:\/\/delices.lu\/de\/wp-json\/wp\/v2\/product_tag?post=15997"}],"curies":[{"name":"wp","href":"https:\/\/api.w.org\/{rel}","templated":true}]}}