{"id":16030,"date":"2024-05-09T12:07:55","date_gmt":"2025-03-20T10:53:22","guid":{"rendered":"https:\/\/delices.lu\/produit\/perlemor-alga-flacher-teller-24-cm-o\/"},"modified":"2025-03-20T11:53:22","modified_gmt":"2025-03-20T10:53:22","slug":"perlemor-alga-flacher-teller-24-cm-o","status":"publish","type":"product","link":"https:\/\/delices.lu\/de\/produit\/perlemor-alga-flacher-teller-24-cm-o\/","title":{"rendered":"Perlemor Alga &#8211; Flacher Teller, 24 cm \u00d8"},"content":{"rendered":"<p><strong>Premium Porzellan vereint mit trendiger Keramik<\/strong><br \/>\nWillkommen in der Welt von Perlemor &#8211; einer Kollektion, die \u00c4sthetik, Qualit\u00e4t und Nat\u00fcrlichkeit harmonisch vereint. Jedes St\u00fcck ist ein einzigartiges Meisterwerk und eine Hommage an die Natur. Die Farbpalette, einschlie\u00dflich Seetang, Sand und Koralle, erinnert an sonnige Sommerferien und bringt diese Erinnerungen in den Alltag. Diese einzigartigen St\u00fccke aus hochwertigem Porzellan sind sp\u00fclmaschinen- und mikrowellenfest und passen perfekt zu unseren Gl\u00e4sern Like und unseren Perlemor Home Accessoires. Der flache Teller Perlemor Alga schafft eine entspannte Sommeratmosph\u00e4re, denn der Sommer ist nicht nur eine Jahreszeit, sondern ein Lebensstil. Hergestellt aus wundersch\u00f6nem Premium Porcelain mit individuellen Effektglasuren &#8211; hergestellt in Deutschland. Perfekt kombinierbar mit den Gl\u00e4sern Like und den Accessoires von Perlemor Home. Selbstverst\u00e4ndlich ist es sp\u00fclmaschinen- und mikrowellengeeignet. Entdecken Sie jetzt die moderne Kollektion Perlemor Alga.        <\/p>\n","protected":false},"excerpt":{"rendered":"<p><strong>Perlemor Alga<br \/>\nSpeiseteller, gr\u00fcn<br \/>\n<\/strong>MATERIAL: Premium Porcelain.<br \/>\nGR\u00d6SSE: ca. 238 mm<br \/>\nFARBE: gr\u00fcn<br \/>\nGARANTIE SP\u00dcLMASCHINENGARANTIE: Ja<br \/>\nMIKROWELLENGER\u00c4TEKOMPATIBEL: Ja<br \/>\nREF. ARTIKEL: 1951742640 <\/p>\n","protected":false},"featured_media":16032,"template":"","meta":[],"location":[959],"product_brand":[],"product_cat":[1354,1309],"product_tag":[2249,2345,2531],"class_list":{"0":"post-16030","1":"product","2":"type-product","3":"status-publish","4":"has-post-thumbnail","6":"location-0-shop","7":"product_cat-art-de-la-table-de","8":"product_cat-villeroy-boch-de","9":"product_tag-flacher-teller","10":"product_tag-grun-de","11":"product_tag-perlemor-alga-de","13":"first","14":"instock","15":"shipping-taxable","16":"purchasable","17":"product-type-simple"},"supplier_id":9071,"supplier_sku":"1951742640","barcode":"4003686412453","atum_controlled":true,"out_stock_date":null,"out_stock_threshold":null,"inheritable":false,"inbound_stock":0,"stock_on_hold":0,"sold_today":0,"sales_last_days":0,"reserved_stock":null,"customer_returns":null,"warehouse_damage":null,"lost_in_post":null,"other_logs":null,"out_stock_days":0,"lost_sales":0,"has_location":true,"update_date":"2025-07-19T06:26:26","atum_locations":[{"id":960,"name":"0 SHOP","slug":"0-shop"}],"atum_stock_status":"instock","restock_status":false,"low_stock_amount":"","sales_update_date":"2025-07-19T06:26:26","calc_backorders":0,"locations":[],"_links":{"self":[{"href":"https:\/\/delices.lu\/de\/wp-json\/wp\/v2\/product\/16030","targetHints":{"allow":["GET"]}}],"collection":[{"href":"https:\/\/delices.lu\/de\/wp-json\/wp\/v2\/product"}],"about":[{"href":"https:\/\/delices.lu\/de\/wp-json\/wp\/v2\/types\/product"}],"wp:featuredmedia":[{"embeddable":true,"href":"https:\/\/delices.lu\/de\/wp-json\/wp\/v2\/media\/16032"}],"wp:attachment":[{"href":"https:\/\/delices.lu\/de\/wp-json\/wp\/v2\/media?parent=16030"}],"wp:term":[{"taxonomy":"location","embeddable":true,"href":"https:\/\/delices.lu\/de\/wp-json\/wp\/v2\/location?post=16030"},{"taxonomy":"product_brand","embeddable":true,"href":"https:\/\/delices.lu\/de\/wp-json\/wp\/v2\/product_brand?post=16030"},{"taxonomy":"product_cat","embeddable":true,"href":"https:\/\/delices.lu\/de\/wp-json\/wp\/v2\/product_cat?post=16030"},{"taxonomy":"product_tag","embeddable":true,"href":"https:\/\/delices.lu\/de\/wp-json\/wp\/v2\/product_tag?post=16030"}],"curies":[{"name":"wp","href":"https:\/\/api.w.org\/{rel}","templated":true}]}}