{"id":16045,"date":"2025-03-18T00:00:45","date_gmt":"2025-03-20T10:53:33","guid":{"rendered":"https:\/\/delices.lu\/produit\/perlemor-sand-set-bestehend-aus-zwei-tassen\/"},"modified":"2025-03-20T11:53:33","modified_gmt":"2025-03-20T10:53:33","slug":"perlemor-sand-set-bestehend-aus-zwei-tassen","status":"publish","type":"product","link":"https:\/\/delices.lu\/de\/produit\/perlemor-sand-set-bestehend-aus-zwei-tassen\/","title":{"rendered":"Perlemor Sand &#8211; Set bestehend aus zwei Tassen"},"content":{"rendered":"<p><strong>Ein elegantes Set henkelloser Tassen f\u00fcr warme Momente<\/strong><br \/>\nVielleicht haben Sie eine gro\u00dfe und sch\u00f6ne Liebesgeschichte mit dem Koffein. Um Ihre Kaffeepausen noch schmackhafter zu machen, pr\u00e4sentiert Ihnen Villeroy &amp; Boch die Perlemor-Kollektion und ein Duo von henkellosen Kaffeetassen im trendigen T\u00f6pferei-Look. Ob allein oder in Begleitung, Sie werden Ihren Espresso, Ristretto oder Lungo aus dieser Tasse mit Perlmuttschimmer genie\u00dfen. Dieses Tassenset ist in einem nat\u00fcrlichen Beigeton gehalten, der durch die Glasur mit flie\u00dfenden Effekten hervorgehoben wird. Die Tassen eignen sich auch f\u00fcr Tee, hei\u00dfe Schokolade oder andere Getr\u00e4nke. Zum Aufwachen, nach dem Mittagessen, f\u00fcr einen Snack&#8230; Sie werden zu einem unverzichtbaren Bestandteil Ihres Alltags werden. F\u00fcr ein komplettes Kaffeeservice k\u00f6nnen Sie die Untertassen aus der gleichen Kollektion verwenden oder ein trendiges Mix &amp; Match mit den Untertassen aus Steingut aus der Lave-Kollektion zusammenstellen! Jedes St\u00fcck ist ein echtes Must-Have f\u00fcr Ihr Zuhause.       <\/p>\n","protected":false},"excerpt":{"rendered":"<p><strong>Perlemor Sand &#8211; Zwei Mugs, ohne Henkel<br \/>\n MATERIAL<\/strong>: Hochwertiges Porzellan.<br \/>\nGR\u00d6\u00dfE: ca. 290 ml<br \/>\nFARBE: beige<br \/>\nGARANTIERT SP\u00dcLMASCHINENGARANTIE: Ja<br \/>\nMIKROWELLENKOMPATIBEL: Ja<br \/>\nREF. ARTIKEL: 1951728403 <\/p>\n","protected":false},"featured_media":16046,"template":"","meta":[],"location":[959],"product_brand":[],"product_cat":[1354,2235,2163,1309],"product_tag":[2343,1154,2420,2534],"class_list":{"0":"post-16045","1":"product","2":"type-product","3":"status-publish","4":"has-post-thumbnail","6":"location-0-shop","7":"product_cat-art-de-la-table-de","8":"product_cat-tasse-de","9":"product_cat-tasse-krug","10":"product_cat-villeroy-boch-de","11":"product_tag-beige-de","12":"product_tag-mug-becher","13":"product_tag-perlemor-sand-de","14":"product_tag-set-bestehend-aus-zwei-mugs","16":"first","17":"instock","18":"shipping-taxable","19":"purchasable","20":"product-type-simple"},"supplier_id":9071,"supplier_sku":"1951728403","barcode":"4003686","atum_controlled":true,"out_stock_date":null,"out_stock_threshold":null,"inheritable":false,"inbound_stock":0,"stock_on_hold":0,"sold_today":0,"sales_last_days":0,"reserved_stock":null,"customer_returns":null,"warehouse_damage":null,"lost_in_post":null,"other_logs":null,"out_stock_days":0,"lost_sales":0,"has_location":true,"update_date":"2025-07-19T06:26:47","atum_locations":[{"id":960,"name":"0 SHOP","slug":"0-shop"}],"atum_stock_status":"instock","restock_status":false,"low_stock_amount":"","sales_update_date":"2025-07-19T06:26:47","calc_backorders":0,"locations":[],"_links":{"self":[{"href":"https:\/\/delices.lu\/de\/wp-json\/wp\/v2\/product\/16045","targetHints":{"allow":["GET"]}}],"collection":[{"href":"https:\/\/delices.lu\/de\/wp-json\/wp\/v2\/product"}],"about":[{"href":"https:\/\/delices.lu\/de\/wp-json\/wp\/v2\/types\/product"}],"wp:featuredmedia":[{"embeddable":true,"href":"https:\/\/delices.lu\/de\/wp-json\/wp\/v2\/media\/16046"}],"wp:attachment":[{"href":"https:\/\/delices.lu\/de\/wp-json\/wp\/v2\/media?parent=16045"}],"wp:term":[{"taxonomy":"location","embeddable":true,"href":"https:\/\/delices.lu\/de\/wp-json\/wp\/v2\/location?post=16045"},{"taxonomy":"product_brand","embeddable":true,"href":"https:\/\/delices.lu\/de\/wp-json\/wp\/v2\/product_brand?post=16045"},{"taxonomy":"product_cat","embeddable":true,"href":"https:\/\/delices.lu\/de\/wp-json\/wp\/v2\/product_cat?post=16045"},{"taxonomy":"product_tag","embeddable":true,"href":"https:\/\/delices.lu\/de\/wp-json\/wp\/v2\/product_tag?post=16045"}],"curies":[{"name":"wp","href":"https:\/\/api.w.org\/{rel}","templated":true}]}}