{"id":16050,"date":"2024-05-02T00:00:09","date_gmt":"2025-03-20T10:53:33","guid":{"rendered":"https:\/\/delices.lu\/produit\/afina-espressotasse-50-ml\/"},"modified":"2025-03-20T11:53:33","modified_gmt":"2025-03-20T10:53:33","slug":"afina-espressotasse-50-ml","status":"publish","type":"product","link":"https:\/\/delices.lu\/de\/produit\/afina-espressotasse-50-ml\/","title":{"rendered":"Afina &#8211; Espressotasse 50 ml"},"content":{"rendered":"<p><strong>Kleine Tasse f\u00fcr einen aromatischen Mokka oder Espresso<\/strong><br \/>\nIn einer Welt, die sowohl von der Suche nach Originalit\u00e4t als auch von Momenten des Wohlbefindens gepr\u00e4gt ist, stellen wir Ihnen die Geschirrkollektion Afina vor, die den Trend eines Lebensstils mit raffiniertem Geschmack aufgreift. Diese Kollektion zeichnet sich durch ihr originelles Designkonzept aus, das minimalistische Formen mit sorgf\u00e4ltig durchdachten, filigranen Details kombiniert.<br \/>\nDie klaren Formen verbinden sich geschickt mit raffinierten Details und schaffen eine moderne Schalenform mit erh\u00f6htem Rand. Inspiriert von den konzentrischen Strahlen der Sonne, zeichnet sich dieses Geschirr durch ein faszinierendes, ringf\u00f6rmiges Relief aus, das eine exquisite taktile Erfahrung bietet. Die originelle, luftige \u00c4sthetik wird durch einen sorgf\u00e4ltig versteckten Fu\u00df unterstrichen. Diese kleine Tasse wurde speziell f\u00fcr einen aromatischen Mokka oder Espresso entworfen. Mit ihrer kompakten Gr\u00f6\u00dfe und ihrem attraktiven Design bringt sie die Intensit\u00e4t und das Aroma dieser k\u00f6stlichen Kaffeespezialit\u00e4ten zur Geltung. Jeder Schluck aus dieser Tasse ist ein Genuss f\u00fcr die Sinne, der die reichen Geschmacksnuancen perfekt zur Geltung bringt. Entdecken Sie mit Afina die Perfektion der Raffinesse, die auf das Wesentliche reduziert ist, und lassen Sie Ihre K\u00fcchen- und Essbereiche in einem beeindruckenden Glanz erstrahlen.       <\/p>\n","protected":false},"excerpt":{"rendered":"<p>MATERIAL: Hochwertiges Porzellan<br \/>\nGR\u00d6\u00dfE: ca. 50 ml<br \/>\nFARBE: wei\u00df<br \/>\nGARANTIERT SP\u00dcLMASCHINENGARANTIE: Ja<br \/>\nMIKROWELLENKOMPATIBEL: Ja<br \/>\nREF. ARTIKEL: 1042931420 <\/p>\n","protected":false},"featured_media":16051,"template":"","meta":[],"location":[959],"product_brand":[],"product_cat":[1354,2235,1309],"product_tag":[2529,2354,2304,2166],"class_list":{"0":"post-16050","1":"product","2":"type-product","3":"status-publish","4":"has-post-thumbnail","6":"location-0-shop","7":"product_cat-art-de-la-table-de","8":"product_cat-tasse-de","9":"product_cat-villeroy-boch-de","10":"product_tag-afina-de","11":"product_tag-espressotasse","12":"product_tag-mokka","13":"product_tag-weis","15":"first","16":"instock","17":"shipping-taxable","18":"purchasable","19":"product-type-simple"},"supplier_id":9071,"supplier_sku":"1042931420","barcode":"4003686436121","atum_controlled":true,"out_stock_date":null,"out_stock_threshold":null,"inheritable":false,"inbound_stock":0,"stock_on_hold":0,"sold_today":0,"sales_last_days":0,"reserved_stock":null,"customer_returns":null,"warehouse_damage":null,"lost_in_post":null,"other_logs":null,"out_stock_days":0,"lost_sales":0,"has_location":true,"update_date":"2025-07-19T06:26:26","atum_locations":[{"id":960,"name":"0 SHOP","slug":"0-shop"}],"atum_stock_status":"instock","restock_status":false,"low_stock_amount":"","sales_update_date":"2025-07-19T06:26:26","calc_backorders":0,"locations":[],"_links":{"self":[{"href":"https:\/\/delices.lu\/de\/wp-json\/wp\/v2\/product\/16050","targetHints":{"allow":["GET"]}}],"collection":[{"href":"https:\/\/delices.lu\/de\/wp-json\/wp\/v2\/product"}],"about":[{"href":"https:\/\/delices.lu\/de\/wp-json\/wp\/v2\/types\/product"}],"wp:featuredmedia":[{"embeddable":true,"href":"https:\/\/delices.lu\/de\/wp-json\/wp\/v2\/media\/16051"}],"wp:attachment":[{"href":"https:\/\/delices.lu\/de\/wp-json\/wp\/v2\/media?parent=16050"}],"wp:term":[{"taxonomy":"location","embeddable":true,"href":"https:\/\/delices.lu\/de\/wp-json\/wp\/v2\/location?post=16050"},{"taxonomy":"product_brand","embeddable":true,"href":"https:\/\/delices.lu\/de\/wp-json\/wp\/v2\/product_brand?post=16050"},{"taxonomy":"product_cat","embeddable":true,"href":"https:\/\/delices.lu\/de\/wp-json\/wp\/v2\/product_cat?post=16050"},{"taxonomy":"product_tag","embeddable":true,"href":"https:\/\/delices.lu\/de\/wp-json\/wp\/v2\/product_tag?post=16050"}],"curies":[{"name":"wp","href":"https:\/\/api.w.org\/{rel}","templated":true}]}}