{"id":16052,"date":"2024-09-21T00:00:21","date_gmt":"2025-03-20T10:53:33","guid":{"rendered":"https:\/\/delices.lu\/produit\/perlemor-coral-set-bestehend-aus-zwei-tassen\/"},"modified":"2025-03-20T11:53:33","modified_gmt":"2025-03-20T10:53:33","slug":"perlemor-coral-set-bestehend-aus-zwei-tassen","status":"publish","type":"product","link":"https:\/\/delices.lu\/de\/produit\/perlemor-coral-set-bestehend-aus-zwei-tassen\/","title":{"rendered":"Perlemor Coral &#8211; Set bestehend aus zwei Tassen"},"content":{"rendered":"<p><strong>Ein Set von henkellosen Tassen f\u00fcr raffinierte Gourmetpausen<\/strong><br \/>\nDieses Duo von Kaffeetassen ist un\u00fcbertroffen, wenn es darum geht, eine elegante Atmosph\u00e4re zu verbreiten. Ob Sie nun Espresso, langen Kaffee, Matcha Tee oder hei\u00dfe Schokolade m\u00f6gen, diese henkellosen Tassen versprechen Ihnen eine raffinierte Gourmetpause. Sie verf\u00fcgen \u00fcber ein einzigartiges handgefertigtes Design: Effektglasuren mit einer subtilen Abstufung von zartem Rosa. Perlemor ist eine Kollektion, die von der Sch\u00f6nheit des Fr\u00fchlings inspiriert wurde und jeden Tisch erfreut! Bei einem Sonntagsbrunch im Freien oder nach einem ausgiebigen Essen zu zweit, werden Sie dieses Set aus henkellosen Tassen genie\u00dfen. F\u00fcr ein komplettes Kaffeeservice verwenden Sie die Perlemor Untertassen. So erhalten Sie eine pr\u00e4chtige Kombination mit einem einzigartigen Charakter. Oder machen Sie ein trendiges Mix and Match, indem Sie Ihre Tassen mit den Untertassen aus Lave-Steingut kombinieren! Jedes St\u00fcck ist ein echtes Must-Have f\u00fcr eine trendige Einrichtung.        <\/p>\n","protected":false},"excerpt":{"rendered":"<p><strong>Perlemor Coral &#8211; Zwei Mugs, ohne Henkel<br \/>\n<\/strong>MATERIAL: Hochwertiges Porzellan.<br \/>\nGR\u00d6\u00dfE: ca. 290 ml<br \/>\nFARBE: Zartrosa<br \/>\nGARANTIERT SP\u00dcLMASCHINENGARANTIE: Ja<br \/>\nMIKROWELLENKOMPATIBEL: Ja<br \/>\nREF. ARTIKEL: 1951738403 <\/p>\n","protected":false},"featured_media":16053,"template":"","meta":[],"location":[959],"product_brand":[],"product_cat":[1354,2235,2163,1309],"product_tag":[2425,1154,2424,2275,2534],"class_list":{"0":"post-16052","1":"product","2":"type-product","3":"status-publish","4":"has-post-thumbnail","6":"location-0-shop","7":"product_cat-art-de-la-table-de","8":"product_cat-tasse-de","9":"product_cat-tasse-krug","10":"product_cat-villeroy-boch-de","11":"product_tag-koralle","12":"product_tag-mug-becher","13":"product_tag-perlemor-coral-de","14":"product_tag-rosa","15":"product_tag-set-bestehend-aus-zwei-mugs","17":"first","18":"instock","19":"shipping-taxable","20":"purchasable","21":"product-type-simple"},"supplier_id":9071,"supplier_sku":"1951738403","barcode":"4003686","atum_controlled":true,"out_stock_date":null,"out_stock_threshold":null,"inheritable":false,"inbound_stock":0,"stock_on_hold":0,"sold_today":0,"sales_last_days":0,"reserved_stock":null,"customer_returns":null,"warehouse_damage":null,"lost_in_post":null,"other_logs":null,"out_stock_days":0,"lost_sales":0,"has_location":true,"update_date":"2025-07-19T06:26:32","atum_locations":[{"id":960,"name":"0 SHOP","slug":"0-shop"}],"atum_stock_status":"instock","restock_status":false,"low_stock_amount":"","sales_update_date":"2025-07-19T06:26:32","calc_backorders":0,"locations":[],"_links":{"self":[{"href":"https:\/\/delices.lu\/de\/wp-json\/wp\/v2\/product\/16052","targetHints":{"allow":["GET"]}}],"collection":[{"href":"https:\/\/delices.lu\/de\/wp-json\/wp\/v2\/product"}],"about":[{"href":"https:\/\/delices.lu\/de\/wp-json\/wp\/v2\/types\/product"}],"wp:featuredmedia":[{"embeddable":true,"href":"https:\/\/delices.lu\/de\/wp-json\/wp\/v2\/media\/16053"}],"wp:attachment":[{"href":"https:\/\/delices.lu\/de\/wp-json\/wp\/v2\/media?parent=16052"}],"wp:term":[{"taxonomy":"location","embeddable":true,"href":"https:\/\/delices.lu\/de\/wp-json\/wp\/v2\/location?post=16052"},{"taxonomy":"product_brand","embeddable":true,"href":"https:\/\/delices.lu\/de\/wp-json\/wp\/v2\/product_brand?post=16052"},{"taxonomy":"product_cat","embeddable":true,"href":"https:\/\/delices.lu\/de\/wp-json\/wp\/v2\/product_cat?post=16052"},{"taxonomy":"product_tag","embeddable":true,"href":"https:\/\/delices.lu\/de\/wp-json\/wp\/v2\/product_tag?post=16052"}],"curies":[{"name":"wp","href":"https:\/\/api.w.org\/{rel}","templated":true}]}}