{"id":16062,"date":"2024-09-21T00:00:17","date_gmt":"2025-03-20T10:53:34","guid":{"rendered":"https:\/\/delices.lu\/produit\/perlemor-coral-grosse-salatschuessel\/"},"modified":"2025-03-20T11:53:34","modified_gmt":"2025-03-20T10:53:34","slug":"perlemor-coral-grosse-salatschuessel","status":"publish","type":"product","link":"https:\/\/delices.lu\/de\/produit\/perlemor-coral-grosse-salatschuessel\/","title":{"rendered":"Perlemor Coral &#8211; Gro\u00dfe Salatsch\u00fcssel"},"content":{"rendered":"<p><strong>Eine gro\u00dfe, elegante Salatsch\u00fcssel mit fr\u00fchlingshaftem Design<\/strong><br \/>\nUm die Frische dieser rosafarbenen Keramikkollektion zu verbreiten, kombinieren Sie diese gro\u00dfe Salatsch\u00fcssel mit anderen Geschirrteilen von Perlemor: Teller, Schalen, Becher, Tassen, Eierbecher&#8230; Dieses Tafelservice der Serie Like ist mikrowellen- und sp\u00fclmaschinengeeignet. Dies ist eine elegante und praktische Kollektion f\u00fcr den t\u00e4glichen Gebrauch. Und wenn Sie von der Sch\u00f6nheit dieser Salatsch\u00fcssel nicht genug bekommen k\u00f6nnen, verwandeln Sie sie in ein dekoratives Objekt! Von der Vorspeise bis zum Dessert, bieten Sie Ihren G\u00e4sten mit dieser Salatsch\u00fcssel von Perlemor einen eleganten Service. Ob gemischte Salate, Beilagen, Gem\u00fcse oder Obstsalat: diese gro\u00dfe 3000 ml Sch\u00fcssel mit ihrem raffinierten Design wird Ihre kalten oder warmen Gerichte zur Geltung bringen. Die exklusiven rosa Farbnuancen und die Glasuren mit flie\u00dfenden Effekten sind ein Versprechen f\u00fcr eine elegante Tischdekoration. Diese gro\u00dfe Salatsch\u00fcssel ist der Verb\u00fcndete eines sommerlichen und entspannten Ambientes. Sie ist der perfekte Hohlbeh\u00e4lter f\u00fcr Ihre Mahlzeiten im Freien. Jedes St\u00fcck ist ein echtes Must-Have f\u00fcr eine trendige Einrichtung.        <\/p>\n","protected":false},"excerpt":{"rendered":"<p><strong>Perlemor Coral  <\/strong><br \/>\n<strong>Gro\u00dfe Salatsch\u00fcssel, rosa<br \/>\n<\/strong>MATERIAL: Premium Porcelain<br \/>\nDURCHMESSER: ca. 220 mm<br \/>\nGR\u00d6SSE: ca. 3000 ml<br \/>\nFARBE: zartrosa<br \/>\nGARANTIERT SP\u00dcLMASCHINENGARANTIE: Ja<br \/>\nMIKROWELLENKOMPATIBEL: Ja<br \/>\nREF. ARTIKEL: 1951733170 <\/p>\n","protected":false},"featured_media":16063,"template":"","meta":[],"location":[959],"product_brand":[],"product_cat":[1354,2287,1309],"product_tag":[2535,2425,2424,2275],"class_list":{"0":"post-16062","1":"product","2":"type-product","3":"status-publish","4":"has-post-thumbnail","6":"location-0-shop","7":"product_cat-art-de-la-table-de","8":"product_cat-teller-de","9":"product_cat-villeroy-boch-de","10":"product_tag-grose-salatschussel","11":"product_tag-koralle","12":"product_tag-perlemor-coral-de","13":"product_tag-rosa","15":"first","16":"instock","17":"shipping-taxable","18":"purchasable","19":"product-type-simple"},"supplier_id":9071,"supplier_sku":"1951733170","barcode":"4003686","atum_controlled":true,"out_stock_date":"2024-09-21 15:37:34","out_stock_threshold":null,"inheritable":false,"inbound_stock":0,"stock_on_hold":0,"sold_today":0,"sales_last_days":0,"reserved_stock":null,"customer_returns":null,"warehouse_damage":null,"lost_in_post":null,"other_logs":null,"out_stock_days":300,"lost_sales":0,"has_location":true,"update_date":"2025-07-19T06:26:32","atum_locations":[{"id":960,"name":"0 SHOP","slug":"0-shop"}],"atum_stock_status":"onbackorder","restock_status":false,"low_stock_amount":"","sales_update_date":"2025-07-19T06:26:32","calc_backorders":0,"locations":[],"_links":{"self":[{"href":"https:\/\/delices.lu\/de\/wp-json\/wp\/v2\/product\/16062","targetHints":{"allow":["GET"]}}],"collection":[{"href":"https:\/\/delices.lu\/de\/wp-json\/wp\/v2\/product"}],"about":[{"href":"https:\/\/delices.lu\/de\/wp-json\/wp\/v2\/types\/product"}],"wp:featuredmedia":[{"embeddable":true,"href":"https:\/\/delices.lu\/de\/wp-json\/wp\/v2\/media\/16063"}],"wp:attachment":[{"href":"https:\/\/delices.lu\/de\/wp-json\/wp\/v2\/media?parent=16062"}],"wp:term":[{"taxonomy":"location","embeddable":true,"href":"https:\/\/delices.lu\/de\/wp-json\/wp\/v2\/location?post=16062"},{"taxonomy":"product_brand","embeddable":true,"href":"https:\/\/delices.lu\/de\/wp-json\/wp\/v2\/product_brand?post=16062"},{"taxonomy":"product_cat","embeddable":true,"href":"https:\/\/delices.lu\/de\/wp-json\/wp\/v2\/product_cat?post=16062"},{"taxonomy":"product_tag","embeddable":true,"href":"https:\/\/delices.lu\/de\/wp-json\/wp\/v2\/product_tag?post=16062"}],"curies":[{"name":"wp","href":"https:\/\/api.w.org\/{rel}","templated":true}]}}