{"id":16104,"date":"2024-05-02T00:00:29","date_gmt":"2025-03-20T10:53:46","guid":{"rendered":"https:\/\/delices.lu\/produit\/afina-pastateller-29-cm-o\/"},"modified":"2025-03-20T11:53:46","modified_gmt":"2025-03-20T10:53:46","slug":"afina-pastateller-29-cm-o","status":"publish","type":"product","link":"https:\/\/delices.lu\/de\/produit\/afina-pastateller-29-cm-o\/","title":{"rendered":"Afina &#8211; Pastateller 29 cm \u00f8"},"content":{"rendered":"<p><strong>Tiefer Teller mit gro\u00dfz\u00fcgigem Durchmesser f\u00fcr eine attraktive Pr\u00e4sentation<\/strong><br \/>\nIn einer Welt, die sowohl von der Suche nach Originalit\u00e4t als auch nach Momenten des Wohlbefindens gepr\u00e4gt ist, pr\u00e4sentieren wir Ihnen die Geschirrkollektion Afina, die den Trend eines Lebensstils mit raffiniertem Geschmack aufgreift. Diese Kollektion zeichnet sich durch ihr originelles Designkonzept aus, das minimalistische Formen mit sorgf\u00e4ltig durchdachten, filigranen Details kombiniert.<br \/>\nDie klaren Formen verbinden sich geschickt mit raffinierten Details und schaffen eine moderne Schalenform mit erh\u00f6htem Rand. Inspiriert von den konzentrischen Strahlen der Sonne, zeichnet sich dieses Geschirr durch ein faszinierendes, ringf\u00f6rmiges Relief aus, das eine exquisite taktile Erfahrung bietet. Die originelle, luftige \u00c4sthetik wird durch einen sorgf\u00e4ltig versteckten Fu\u00df unterstrichen. Dieser tiefe Teller mit seinem gro\u00dfz\u00fcgigen Durchmesser eignet sich perfekt f\u00fcr eine attraktive Pr\u00e4sentation der verschiedensten Speisen. Mit seiner gro\u00dfz\u00fcgigen Gr\u00f6\u00dfe und seinem eleganten Design verleiht er jedem Men\u00fc einen Hauch von Eleganz und Raffinesse. Entdecken Sie mit Afina die Perfektion der Raffinesse, die auf das Wesentliche reduziert ist und lassen Sie Ihre K\u00fcchen- und Essbereiche in einem beeindruckenden Glanz erstrahlen.      <\/p>\n","protected":false},"excerpt":{"rendered":"<p>MATERIAL: Hochwertiges Porzellan<br \/>\nDURCHMESSER: ca. 292 mm<br \/>\nGR\u00d6SSE: ca. 400 ml<br \/>\nFARBE: wei\u00df<br \/>\nGARANTIERT SP\u00dcLMASCHINENGARANTIE: Ja<br \/>\nMIKROWELLENKOMPATIBEL: Ja<br \/>\nREF. ARTIKEL: 1042932703 <\/p>\n","protected":false},"featured_media":16106,"template":"","meta":[],"location":[959],"product_brand":[],"product_cat":[1354,1309],"product_tag":[2529,2295,2166],"class_list":{"0":"post-16104","1":"product","2":"type-product","3":"status-publish","4":"has-post-thumbnail","6":"location-0-shop","7":"product_cat-art-de-la-table-de","8":"product_cat-villeroy-boch-de","9":"product_tag-afina-de","10":"product_tag-pastateller","11":"product_tag-weis","13":"first","14":"instock","15":"shipping-taxable","16":"purchasable","17":"product-type-simple"},"supplier_id":9071,"supplier_sku":"1042932703","barcode":"4003686436381","atum_controlled":true,"out_stock_date":null,"out_stock_threshold":null,"inheritable":false,"inbound_stock":0,"stock_on_hold":0,"sold_today":0,"sales_last_days":0,"reserved_stock":null,"customer_returns":null,"warehouse_damage":null,"lost_in_post":null,"other_logs":null,"out_stock_days":0,"lost_sales":0,"has_location":true,"update_date":"2025-07-19T06:26:22","atum_locations":[{"id":960,"name":"0 SHOP","slug":"0-shop"}],"atum_stock_status":"instock","restock_status":false,"low_stock_amount":"","sales_update_date":"2025-07-19T06:26:22","calc_backorders":0,"locations":[],"_links":{"self":[{"href":"https:\/\/delices.lu\/de\/wp-json\/wp\/v2\/product\/16104","targetHints":{"allow":["GET"]}}],"collection":[{"href":"https:\/\/delices.lu\/de\/wp-json\/wp\/v2\/product"}],"about":[{"href":"https:\/\/delices.lu\/de\/wp-json\/wp\/v2\/types\/product"}],"wp:featuredmedia":[{"embeddable":true,"href":"https:\/\/delices.lu\/de\/wp-json\/wp\/v2\/media\/16106"}],"wp:attachment":[{"href":"https:\/\/delices.lu\/de\/wp-json\/wp\/v2\/media?parent=16104"}],"wp:term":[{"taxonomy":"location","embeddable":true,"href":"https:\/\/delices.lu\/de\/wp-json\/wp\/v2\/location?post=16104"},{"taxonomy":"product_brand","embeddable":true,"href":"https:\/\/delices.lu\/de\/wp-json\/wp\/v2\/product_brand?post=16104"},{"taxonomy":"product_cat","embeddable":true,"href":"https:\/\/delices.lu\/de\/wp-json\/wp\/v2\/product_cat?post=16104"},{"taxonomy":"product_tag","embeddable":true,"href":"https:\/\/delices.lu\/de\/wp-json\/wp\/v2\/product_tag?post=16104"}],"curies":[{"name":"wp","href":"https:\/\/api.w.org\/{rel}","templated":true}]}}