{"id":16134,"date":"2025-07-07T00:00:17","date_gmt":"2025-07-06T22:00:17","guid":{"rendered":"https:\/\/delices.lu\/produit\/spring-awakening-kaffeebecher\/"},"modified":"2025-03-21T07:25:42","modified_gmt":"2025-03-21T06:25:42","slug":"spring-awakening-kaffeebecher","status":"publish","type":"product","link":"https:\/\/delices.lu\/de\/produit\/spring-awakening-kaffeebecher\/","title":{"rendered":"Spring Awakening &#8211; Kaffeebecher"},"content":{"rendered":"<p><strong>Tasse mit einem sch\u00f6nen Fr\u00fchlingsmotiv<\/strong><br \/>\nMit Narzissen, Schneegl\u00f6ckchen und Glockenblumen bringt die Spring Awakening Kollektion den Fr\u00fchling in Ihr Zuhause. Das detailreiche Dekor ist besonders sch\u00f6n zum Sammeln und Verschenken. Dieser Spring Awakening Becher ist perfekt f\u00fcr Tee, Kaffee oder Schokolade, die bei einem gem\u00fctlichen Osterfr\u00fchst\u00fcck serviert werden. Der Artikel wird in einer Ostergeschenkverpackung geliefert. Genie\u00dfen Sie das Osterfest mit Ihren Lieben.    <\/p>\n<p>&nbsp;<\/p>\n","protected":false},"excerpt":{"rendered":"<p><strong>Spring Awakening Kaffeebecher<br \/>\n<\/strong>MATERIAL: Premium Porcelain<br \/>\nGR\u00d6\u00dfE: ca. 360 ml<br \/>\nFARBE: mehrfarbig<br \/>\nGARANTIERT SP\u00dcLMASCHINE: Nein<br \/>\nMIKROWELLENKOMPATIBEL: Ja<br \/>\nGESCHENKVERPACKUNG: kostenlos, auf Anfrage<br \/>\nREF. ARTIKEL: 1486384860 <\/p>\n<p>&nbsp;<\/p>\n","protected":false},"featured_media":16135,"template":"","meta":[],"location":[980],"product_brand":[],"product_cat":[1354,740,1310,1357,2235,2163,1309],"product_tag":[2274,2272,1154,1361],"class_list":{"0":"post-16134","1":"product","2":"type-product","3":"status-publish","4":"has-post-thumbnail","6":"location-07-3","7":"product_cat-art-de-la-table-de","8":"product_cat-fruehling","9":"product_cat-ostern","10":"product_cat-spring-awakening-de","11":"product_cat-tasse-de","12":"product_cat-tasse-krug","13":"product_cat-villeroy-boch-de","14":"product_tag-easter-de","15":"product_tag-groser-becher","16":"product_tag-mug-becher","17":"product_tag-printemps-de","19":"first","20":"instock","21":"shipping-taxable","22":"purchasable","23":"product-type-simple"},"supplier_id":9071,"supplier_sku":"1486384860","barcode":"4003686257535","atum_controlled":true,"out_stock_date":null,"out_stock_threshold":null,"inheritable":false,"inbound_stock":0,"stock_on_hold":0,"sold_today":0,"sales_last_days":0,"reserved_stock":0,"customer_returns":null,"warehouse_damage":null,"lost_in_post":null,"other_logs":0,"out_stock_days":0,"lost_sales":0,"has_location":true,"update_date":"2025-07-19T06:26:49","atum_locations":[{"id":851,"name":"073","slug":"073"}],"atum_stock_status":"instock","restock_status":false,"low_stock_amount":"","sales_update_date":"2025-07-19T06:26:49","calc_backorders":0,"locations":[],"_links":{"self":[{"href":"https:\/\/delices.lu\/de\/wp-json\/wp\/v2\/product\/16134","targetHints":{"allow":["GET"]}}],"collection":[{"href":"https:\/\/delices.lu\/de\/wp-json\/wp\/v2\/product"}],"about":[{"href":"https:\/\/delices.lu\/de\/wp-json\/wp\/v2\/types\/product"}],"wp:featuredmedia":[{"embeddable":true,"href":"https:\/\/delices.lu\/de\/wp-json\/wp\/v2\/media\/16135"}],"wp:attachment":[{"href":"https:\/\/delices.lu\/de\/wp-json\/wp\/v2\/media?parent=16134"}],"wp:term":[{"taxonomy":"location","embeddable":true,"href":"https:\/\/delices.lu\/de\/wp-json\/wp\/v2\/location?post=16134"},{"taxonomy":"product_brand","embeddable":true,"href":"https:\/\/delices.lu\/de\/wp-json\/wp\/v2\/product_brand?post=16134"},{"taxonomy":"product_cat","embeddable":true,"href":"https:\/\/delices.lu\/de\/wp-json\/wp\/v2\/product_cat?post=16134"},{"taxonomy":"product_tag","embeddable":true,"href":"https:\/\/delices.lu\/de\/wp-json\/wp\/v2\/product_tag?post=16134"}],"curies":[{"name":"wp","href":"https:\/\/api.w.org\/{rel}","templated":true}]}}