{"id":16137,"date":"2025-09-18T00:00:00","date_gmt":"2025-09-17T22:00:00","guid":{"rendered":"https:\/\/delices.lu\/produit\/lave-gris-grauer-becher-ohne-henkel-aus-steingut\/"},"modified":"2025-03-21T07:30:43","modified_gmt":"2025-03-21T06:30:43","slug":"lave-gris-grauer-becher-ohne-henkel-aus-steingut","status":"publish","type":"product","link":"https:\/\/delices.lu\/de\/produit\/lave-gris-grauer-becher-ohne-henkel-aus-steingut\/","title":{"rendered":"Lave Gris &#8211; Grauer Becher ohne Henkel aus Steingut"},"content":{"rendered":"<p><strong>Ein Design-Steingutbecher f\u00fcr Tee oder Kaffee<\/strong><br \/>\nMit der Steingutkollektion Lave bekommt Ihr Kaffeemoment eine ganz neue Dimension! Dieser sch\u00f6ne Becher kann sowohl als Dekorationselement als auch als Tasse f\u00fcr das Fr\u00fchst\u00fcck oder die Kaffeepause dienen. \u00dcbrigens gibt es nichts Besseres als einen passenden kleinen Teller, um ihn mit einigen Leckereien zu begleiten. Diese gro\u00dfe Tasse kann mit den anderen Tafelservices der Kollektion Like oder der Kollektion Manufacture Rock kombiniert werden: Schalen, Servierplatten, Vasen&#8230; Der Grauverlauf in Kombination mit der Schieferoptik der Manufacture Rock St\u00fccke ist ein toller Effekt! So k\u00f6nnen Sie Ihre Kreativit\u00e4t mit einer originellen und modernen Tischdekoration zum Ausdruck bringen. Ob Tee, Kaffee oder hei\u00dfe Schokolade&#8230; Ihr Lieblingsgetr\u00e4nk schmeckt am besten, wenn es in diesem Steingutbecher serviert wird! Auf der Suche nach einer Geschenkidee? Mit einer Auswahl an henkellosen Tassen k\u00f6nnen Sie sicher sein, dass Sie Ihren Freunden eine Freude bereiten. Unterstreichen Sie Ihren pers\u00f6nlichen Stil mit einem au\u00dfergew\u00f6hnlichen Geschirrdesign.        <\/p>\n","protected":false},"excerpt":{"rendered":"<p>MATERIAL: Steingut<br \/>\nINHALT: 400 ml<br \/>\nDURCHMESSER: ca. 90 mm<br \/>\nFARBE : grau<br \/>\nSP\u00dcLMASCHINENGARANTIE: Ja<br \/>\nMIKROWELLENKOMPATIBEL: Ja<br \/>\nREF. ARTIKEL: 1042599660 <\/p>\n","protected":false},"featured_media":16138,"template":"","meta":[],"location":[959,974],"product_brand":[],"product_cat":[2235,2163,1309],"product_tag":[2245,2168,2247,1154,2244,2238],"class_list":{"0":"post-16137","1":"product","2":"type-product","3":"status-publish","4":"has-post-thumbnail","6":"location-0-shop","7":"location-04-4","8":"product_cat-tasse-de","9":"product_cat-tasse-krug","10":"product_cat-villeroy-boch-de","11":"product_tag-grau","12":"product_tag-krug-de","13":"product_tag-lava-grau","14":"product_tag-mug-becher","15":"product_tag-sandstein","16":"product_tag-tasse-ohne-henkel","18":"first","19":"instock","20":"shipping-taxable","21":"purchasable","22":"product-type-simple"},"supplier_id":9071,"supplier_sku":"1042599660","barcode":"4003686373409","atum_controlled":true,"out_stock_date":null,"out_stock_threshold":0,"inheritable":false,"inbound_stock":0,"stock_on_hold":0,"sold_today":0,"sales_last_days":0,"reserved_stock":0,"customer_returns":null,"warehouse_damage":null,"lost_in_post":null,"other_logs":0,"out_stock_days":0,"lost_sales":0,"has_location":false,"update_date":"2025-09-28T04:45:21","atum_locations":[{"id":960,"name":"0 SHOP","slug":"0-shop"},{"id":867,"name":"044","slug":"044"}],"atum_stock_status":"instock","restock_status":false,"low_stock_amount":"","sales_update_date":"2025-07-19T06:26:47","calc_backorders":0,"locations":[],"_links":{"self":[{"href":"https:\/\/delices.lu\/de\/wp-json\/wp\/v2\/product\/16137","targetHints":{"allow":["GET"]}}],"collection":[{"href":"https:\/\/delices.lu\/de\/wp-json\/wp\/v2\/product"}],"about":[{"href":"https:\/\/delices.lu\/de\/wp-json\/wp\/v2\/types\/product"}],"wp:featuredmedia":[{"embeddable":true,"href":"https:\/\/delices.lu\/de\/wp-json\/wp\/v2\/media\/16138"}],"wp:attachment":[{"href":"https:\/\/delices.lu\/de\/wp-json\/wp\/v2\/media?parent=16137"}],"wp:term":[{"taxonomy":"location","embeddable":true,"href":"https:\/\/delices.lu\/de\/wp-json\/wp\/v2\/location?post=16137"},{"taxonomy":"product_brand","embeddable":true,"href":"https:\/\/delices.lu\/de\/wp-json\/wp\/v2\/product_brand?post=16137"},{"taxonomy":"product_cat","embeddable":true,"href":"https:\/\/delices.lu\/de\/wp-json\/wp\/v2\/product_cat?post=16137"},{"taxonomy":"product_tag","embeddable":true,"href":"https:\/\/delices.lu\/de\/wp-json\/wp\/v2\/product_tag?post=16137"}],"curies":[{"name":"wp","href":"https:\/\/api.w.org\/{rel}","templated":true}]}}