{"id":16141,"date":"2025-03-15T00:00:51","date_gmt":"2025-03-21T07:07:23","guid":{"rendered":"https:\/\/delices.lu\/produit\/spring-awakening-eierteller-hahn-und-henne\/"},"modified":"2025-03-21T08:07:23","modified_gmt":"2025-03-21T07:07:23","slug":"spring-awakening-eierteller-hahn-und-henne","status":"publish","type":"product","link":"https:\/\/delices.lu\/de\/produit\/spring-awakening-eierteller-hahn-und-henne\/","title":{"rendered":"Spring Awakening &#8211; Eierteller Hahn und Henne"},"content":{"rendered":"<p><strong>Eierteller mit handbemalten Osterfiguren<\/strong><br \/>\nMit Narzissen, Schneegl\u00f6ckchen und Glockenblumen bringt die Spring Awakening Kollektion den Fr\u00fchling in Ihr Zuhause. Das detailreiche Dekor ist besonders sch\u00f6n zum Sammeln und Verschenken. Dieser Eierteller mit seinen handbemalten Spring Awakening Hahn- und Hennenfiguren ist eine originelle Art, Eier zu servieren. Genie\u00dfen Sie das Osterfest mit Ihren Lieben.   <\/p>\n","protected":false},"excerpt":{"rendered":"<p>MATERIAL: Hochwertiges Porzellan<br \/>\nFARBE: gelb gr\u00fcn<br \/>\nGARANTIE SP\u00dcLMASCHINENGARANTIE: Nein<br \/>\nMIKROWELLENKOMPATIBEL: Ja<br \/>\nGESCHENKVERPACKUNG: kostenlos, auf Anfrage<br \/>\nREF. ARTIKEL: 1486383593 <\/p>\n","protected":false},"featured_media":16143,"template":"","meta":[],"location":[959,980],"product_brand":[],"product_cat":[1354,740,1310,1357,1309],"product_tag":[2226,1314,2248],"class_list":{"0":"post-16141","1":"product","2":"type-product","3":"status-publish","4":"has-post-thumbnail","6":"location-0-shop","7":"location-07-3","8":"product_cat-art-de-la-table-de","9":"product_cat-fruehling","10":"product_cat-ostern","11":"product_cat-spring-awakening-de","12":"product_cat-villeroy-boch-de","13":"product_tag-eierbecher","14":"product_tag-oeuf-de","15":"product_tag-teller","17":"first","18":"instock","19":"shipping-taxable","20":"purchasable","21":"product-type-simple"},"supplier_id":9071,"supplier_sku":"1486383593","barcode":"4003686325562","atum_controlled":true,"out_stock_date":null,"out_stock_threshold":0,"inheritable":false,"inbound_stock":0,"stock_on_hold":0,"sold_today":0,"sales_last_days":0,"reserved_stock":0,"customer_returns":null,"warehouse_damage":null,"lost_in_post":null,"other_logs":0,"out_stock_days":0,"lost_sales":0,"has_location":false,"update_date":"2025-07-19T06:26:47","atum_locations":[{"id":960,"name":"0 SHOP","slug":"0-shop"},{"id":851,"name":"073","slug":"073"}],"atum_stock_status":"instock","restock_status":false,"low_stock_amount":"","sales_update_date":"2025-07-19T06:26:47","calc_backorders":0,"locations":[],"_links":{"self":[{"href":"https:\/\/delices.lu\/de\/wp-json\/wp\/v2\/product\/16141","targetHints":{"allow":["GET"]}}],"collection":[{"href":"https:\/\/delices.lu\/de\/wp-json\/wp\/v2\/product"}],"about":[{"href":"https:\/\/delices.lu\/de\/wp-json\/wp\/v2\/types\/product"}],"wp:featuredmedia":[{"embeddable":true,"href":"https:\/\/delices.lu\/de\/wp-json\/wp\/v2\/media\/16143"}],"wp:attachment":[{"href":"https:\/\/delices.lu\/de\/wp-json\/wp\/v2\/media?parent=16141"}],"wp:term":[{"taxonomy":"location","embeddable":true,"href":"https:\/\/delices.lu\/de\/wp-json\/wp\/v2\/location?post=16141"},{"taxonomy":"product_brand","embeddable":true,"href":"https:\/\/delices.lu\/de\/wp-json\/wp\/v2\/product_brand?post=16141"},{"taxonomy":"product_cat","embeddable":true,"href":"https:\/\/delices.lu\/de\/wp-json\/wp\/v2\/product_cat?post=16141"},{"taxonomy":"product_tag","embeddable":true,"href":"https:\/\/delices.lu\/de\/wp-json\/wp\/v2\/product_tag?post=16141"}],"curies":[{"name":"wp","href":"https:\/\/api.w.org\/{rel}","templated":true}]}}