{"id":16152,"date":"2025-03-26T00:00:07","date_gmt":"2025-03-21T07:07:24","guid":{"rendered":"https:\/\/delices.lu\/produit\/annual-easter-edition-2025-eierbecher\/"},"modified":"2025-03-21T08:07:24","modified_gmt":"2025-03-21T07:07:24","slug":"annual-easter-edition-2025-eierbecher","status":"publish","type":"product","link":"https:\/\/delices.lu\/de\/produit\/annual-easter-edition-2025-eierbecher\/","title":{"rendered":"Annual Easter Edition &#8211; 2025 &#8211; Eierbecher"},"content":{"rendered":"<p><strong>Annual Easter Edition Eierbecher 2025<\/strong><br \/>\nMehrfarbig, aus Premium Porcelain<br \/>\nMit seinem j\u00e4hrlich wechselnden Design ist der <strong>Annual Easter Edition<\/strong> Eierbecher ein wertvolles Sammlerst\u00fcck, das jedes Jahr zu Ihrer Sammlung besonderer Fr\u00fchst\u00fccksobjekte hinzugef\u00fcgt wird.<br \/>\nStilvoll anrichten: Dieser Eierbecher eignet sich f\u00fcr einen gemeinsamen Brunch mit den Liebsten.<br \/>\nFeinstes Premium Porcelain: Premium Porcelain ist f\u00fcr seine au\u00dfergew\u00f6hnliche Haltbarkeit bekannt. Daher beh\u00e4lt es auch nach langem Gebrauch seinen gewohnten Glanz.<br \/>\nSammlerst\u00fcck: Die j\u00e4hrliche Osteredition wird mit einem goldenen Bodenstempel und einer hochwertigen Geschenkbox geliefert.<br \/>\nF\u00fcr eine optimale Pflege wird die Reinigung von Hand empfohlen. <\/p>\n<p>&nbsp;<\/p>\n","protected":false},"excerpt":{"rendered":"<p><strong>Annual Easter Edition 2025<br \/>\n<\/strong><strong>Eierbecher<br \/>\n<\/strong>Premium Porcelain, mehrfarbig<br \/>\nHandw\u00e4sche empfohlen<br \/>\nNicht mikrowellengeeignet<br \/>\nKostenlose Geschenkverpackung, auf Anfrage<br \/>\nL\u00e4nge: 99 mm<br \/>\nBreite: 65 mm<br \/>\nH\u00f6he: 83 mm<br \/>\nGewicht: 138 g<br \/>\nReferenz: 1486271961<\/p>\n","protected":false},"featured_media":16154,"template":"","meta":[],"location":[959,1209],"product_brand":[],"product_cat":[2458,1354,740,2451,1310,1309],"product_tag":[2226],"class_list":{"0":"post-16152","1":"product","2":"type-product","3":"status-publish","4":"has-post-thumbnail","6":"location-0-shop","7":"location-0-sous-sol","8":"product_cat-annual-easter-edition-de","9":"product_cat-art-de-la-table-de","10":"product_cat-fruehling","11":"product_cat-neuheiten","12":"product_cat-ostern","13":"product_cat-villeroy-boch-de","14":"product_tag-eierbecher","16":"first","17":"instock","18":"shipping-taxable","19":"purchasable","20":"product-type-simple"},"supplier_id":9071,"supplier_sku":"1486271961","barcode":"4003686446892","atum_controlled":true,"out_stock_date":null,"out_stock_threshold":null,"inheritable":false,"inbound_stock":0,"stock_on_hold":0,"sold_today":0,"sales_last_days":0,"reserved_stock":null,"customer_returns":null,"warehouse_damage":null,"lost_in_post":null,"other_logs":null,"out_stock_days":0,"lost_sales":0,"has_location":true,"update_date":"2025-07-19T06:26:47","atum_locations":[{"id":850,"name":"072","slug":"072"}],"atum_stock_status":"instock","restock_status":false,"low_stock_amount":"","sales_update_date":"2025-07-19T06:26:47","calc_backorders":0,"locations":[],"_links":{"self":[{"href":"https:\/\/delices.lu\/de\/wp-json\/wp\/v2\/product\/16152","targetHints":{"allow":["GET"]}}],"collection":[{"href":"https:\/\/delices.lu\/de\/wp-json\/wp\/v2\/product"}],"about":[{"href":"https:\/\/delices.lu\/de\/wp-json\/wp\/v2\/types\/product"}],"wp:featuredmedia":[{"embeddable":true,"href":"https:\/\/delices.lu\/de\/wp-json\/wp\/v2\/media\/16154"}],"wp:attachment":[{"href":"https:\/\/delices.lu\/de\/wp-json\/wp\/v2\/media?parent=16152"}],"wp:term":[{"taxonomy":"location","embeddable":true,"href":"https:\/\/delices.lu\/de\/wp-json\/wp\/v2\/location?post=16152"},{"taxonomy":"product_brand","embeddable":true,"href":"https:\/\/delices.lu\/de\/wp-json\/wp\/v2\/product_brand?post=16152"},{"taxonomy":"product_cat","embeddable":true,"href":"https:\/\/delices.lu\/de\/wp-json\/wp\/v2\/product_cat?post=16152"},{"taxonomy":"product_tag","embeddable":true,"href":"https:\/\/delices.lu\/de\/wp-json\/wp\/v2\/product_tag?post=16152"}],"curies":[{"name":"wp","href":"https:\/\/api.w.org\/{rel}","templated":true}]}}